{"id":71528,"date":"2025-12-30T18:13:28","date_gmt":"2025-12-30T17:13:28","guid":{"rendered":"https:\/\/www.fleurop-home.ch\/de-ch\/?post_type=product&#038;p=71528"},"modified":"2026-02-19T09:18:25","modified_gmt":"2026-02-19T08:18:25","slug":"reed-diffuseur-elegant-orange-cedarwood-500ml","status":"publish","type":"product","link":"https:\/\/www.fleurop-home.ch\/fr-ch\/p\/reed-diffuser-elegant-orange-cedarwood-500ml","title":{"rendered":"Reed diffuseur Orange \u00e9l\u00e9gante &amp; Cedarwood 500ml"},"content":{"rendered":"<p data-pm-slice=\"1 1 []\">Le <strong>Diffuseur \u00e0 eau Elegant<\/strong> dans sa version exclusive de 500 ml est le choix parfait pour ceux qui ne veulent pas faire de compromis sur l'intensit\u00e9 du parfum et le design.<\/p>\n<h4 data-pm-slice=\"1 3 []\">Les d\u00e9tails du produit en un coup d'\u0153il<\/h4>\n<ul>\n<li><strong>Contenu :<\/strong> 500 ml d'huile parfum\u00e9e de haute qualit\u00e9<\/li>\n<li><strong>Dur\u00e9e de parfumage :<\/strong> Jusqu'\u00e0 6-9 mois (selon le climat ambiant et le nombre de b\u00e2tonnets utilis\u00e9s)<\/li>\n<li><strong>Contenu de la livraison :<\/strong> Bouteille en verre design incluant un set de b\u00e2tonnets parfum\u00e9s extra-longs pour une diffusion optimale.<\/li>\n<li><strong>Conseil d'utilisation :<\/strong> Pour une exp\u00e9rience parfum\u00e9e plus intense, retourne les b\u00e2tonnets toutes les une \u00e0 deux semaines.<\/li>\n<\/ul>","protected":false},"excerpt":{"rendered":"<p><b>Orange &amp; pin <\/b>Ce parfum est comme une promenade dans une for\u00eat de montagne en hiver, suivie d'un cocktail d'agrumes r\u00e9chauffant : la note claire et apaisante du pin alpin t'offre une profonde d\u00e9tente, tandis que l'orange p\u00e9tillante et ensoleill\u00e9e r\u00e9veille imm\u00e9diatement de nouveaux esprits et offre de purs moments de bien-\u00eatre.<\/p>","protected":false},"featured_media":71521,"template":"","meta":[],"product_brand":[],"product_cat":[51,48],"product_tag":[1094],"woo-feed-brand":[],"class_list":{"0":"post-71528","1":"product","2":"type-product","3":"status-publish","4":"has-post-thumbnail","6":"product_cat-raumduefte","7":"product_cat-bad-wellness","8":"product_tag-corinas","10":"first","11":"instock","12":"taxable","13":"shipping-taxable","14":"purchasable","15":"product-type-simple"},"_links":{"self":[{"href":"https:\/\/www.fleurop-home.ch\/fr-ch\/wp-json\/wp\/v2\/product\/71528","targetHints":{"allow":["GET"]}}],"collection":[{"href":"https:\/\/www.fleurop-home.ch\/fr-ch\/wp-json\/wp\/v2\/product"}],"about":[{"href":"https:\/\/www.fleurop-home.ch\/fr-ch\/wp-json\/wp\/v2\/types\/product"}],"wp:featuredmedia":[{"embeddable":true,"href":"https:\/\/www.fleurop-home.ch\/fr-ch\/wp-json\/wp\/v2\/media\/71521"}],"wp:attachment":[{"href":"https:\/\/www.fleurop-home.ch\/fr-ch\/wp-json\/wp\/v2\/media?parent=71528"}],"wp:term":[{"taxonomy":"product_brand","embeddable":true,"href":"https:\/\/www.fleurop-home.ch\/fr-ch\/wp-json\/wp\/v2\/product_brand?post=71528"},{"taxonomy":"product_cat","embeddable":true,"href":"https:\/\/www.fleurop-home.ch\/fr-ch\/wp-json\/wp\/v2\/product_cat?post=71528"},{"taxonomy":"product_tag","embeddable":true,"href":"https:\/\/www.fleurop-home.ch\/fr-ch\/wp-json\/wp\/v2\/product_tag?post=71528"},{"taxonomy":"woo-feed-brand","embeddable":true,"href":"https:\/\/www.fleurop-home.ch\/fr-ch\/wp-json\/wp\/v2\/woo-feed-brand?post=71528"}],"curies":[{"name":"wp","href":"https:\/\/api.w.org\/{rel}","templated":true}]}}