{"id":71444,"date":"2025-12-28T16:00:03","date_gmt":"2025-12-28T15:00:03","guid":{"rendered":"https:\/\/www.fleurop-home.ch\/de-ch\/?post_type=product&#038;p=71444"},"modified":"2026-02-19T09:19:49","modified_gmt":"2026-02-19T08:19:49","slug":"reed-diffuseur-bliss-fleur-500ml","status":"publish","type":"product","link":"https:\/\/www.fleurop-home.ch\/fr-ch\/p\/reed-diffuser-bliss-fleur-500ml","title":{"rendered":"Diffuseur de parfum Bliss Fleur 500ml"},"content":{"rendered":"<p data-pm-slice=\"1 1 []\">Le <strong>Diffuseur \u00e0 eau Bliss<\/strong> dans sa version exclusive de 500 ml est le choix parfait pour tous ceux qui ne veulent pas faire de compromis sur l'intensit\u00e9 du parfum et le design. \u201eBliss\u201c est synonyme de bonheur parfait et c'est exactement ce sentiment que ce parfum d'ambiance transporte dans tes quatre murs. Gr\u00e2ce \u00e0 son grand volume, il garantit une atmosph\u00e8re de bien-\u00eatre constante et luxueuse pendant de nombreux mois.<\/p>\n<h4 data-pm-slice=\"1 3 []\">Les d\u00e9tails du produit en un coup d'\u0153il<\/h4>\n<ul>\n<li><strong>Contenu :<\/strong> 500 ml d'huile parfum\u00e9e de haute qualit\u00e9<\/li>\n<li><strong>Parfum :<\/strong> Bliss (Frais et harmonieux)<\/li>\n<li><strong>Dur\u00e9e de parfumage :<\/strong> Jusqu'\u00e0 6-9 mois (selon le climat ambiant et le nombre de b\u00e2tonnets utilis\u00e9s)<\/li>\n<li><strong>Contenu de la livraison :<\/strong> Bouteille en verre design incluant un set de b\u00e2tonnets parfum\u00e9s extra-longs pour une diffusion optimale.<\/li>\n<li><strong>Conseil d'utilisation :<\/strong> Pour une exp\u00e9rience parfum\u00e9e plus intense, retourne les b\u00e2tonnets toutes les une \u00e0 deux semaines.<\/li>\n<\/ul>","protected":false},"excerpt":{"rendered":"<p>Une mer de fleurs color\u00e9es pour ta maison. Ce parfum d\u00e9ploie la beaut\u00e9 luxuriante et fleurie d'un jardin dans toute sa splendeur. C'est une ode \u00e0 la pure f\u00e9licit\u00e9 et elle enchante avec ses riches notes florales qui cr\u00e9ent un sentiment de profonde satisfaction et d'espi\u00e8glerie romantique.<\/p>","protected":false},"featured_media":71445,"template":"","meta":[],"product_brand":[],"product_cat":[51,48],"product_tag":[1094],"woo-feed-brand":[],"class_list":{"0":"post-71444","1":"product","2":"type-product","3":"status-publish","4":"has-post-thumbnail","6":"product_cat-raumduefte","7":"product_cat-bad-wellness","8":"product_tag-corinas","10":"first","11":"instock","12":"taxable","13":"shipping-taxable","14":"purchasable","15":"product-type-simple"},"_links":{"self":[{"href":"https:\/\/www.fleurop-home.ch\/fr-ch\/wp-json\/wp\/v2\/product\/71444","targetHints":{"allow":["GET"]}}],"collection":[{"href":"https:\/\/www.fleurop-home.ch\/fr-ch\/wp-json\/wp\/v2\/product"}],"about":[{"href":"https:\/\/www.fleurop-home.ch\/fr-ch\/wp-json\/wp\/v2\/types\/product"}],"wp:featuredmedia":[{"embeddable":true,"href":"https:\/\/www.fleurop-home.ch\/fr-ch\/wp-json\/wp\/v2\/media\/71445"}],"wp:attachment":[{"href":"https:\/\/www.fleurop-home.ch\/fr-ch\/wp-json\/wp\/v2\/media?parent=71444"}],"wp:term":[{"taxonomy":"product_brand","embeddable":true,"href":"https:\/\/www.fleurop-home.ch\/fr-ch\/wp-json\/wp\/v2\/product_brand?post=71444"},{"taxonomy":"product_cat","embeddable":true,"href":"https:\/\/www.fleurop-home.ch\/fr-ch\/wp-json\/wp\/v2\/product_cat?post=71444"},{"taxonomy":"product_tag","embeddable":true,"href":"https:\/\/www.fleurop-home.ch\/fr-ch\/wp-json\/wp\/v2\/product_tag?post=71444"},{"taxonomy":"woo-feed-brand","embeddable":true,"href":"https:\/\/www.fleurop-home.ch\/fr-ch\/wp-json\/wp\/v2\/woo-feed-brand?post=71444"}],"curies":[{"name":"wp","href":"https:\/\/api.w.org\/{rel}","templated":true}]}}