{"id":71427,"date":"2025-12-28T13:01:03","date_gmt":"2025-12-28T12:01:03","guid":{"rendered":"https:\/\/www.fleurop-home.ch\/de-ch\/?post_type=product&#038;p=71427"},"modified":"2026-02-19T09:14:49","modified_gmt":"2026-02-19T08:14:49","slug":"chocolat-au-lait","status":"publish","type":"product","link":"https:\/\/www.fleurop-home.ch\/fr-ch\/p\/schokodrops-herz","title":{"rendered":"Croustilles de chocolat | c\u0153ur"},"content":{"rendered":"<p class=\"\"><strong><span class=\"\">Allerg\u00e8nes &amp; ingr\u00e9dients<\/span><\/strong><\/p>\n<p class=\"\"><strong><span class=\"\">Allerg\u00e8nes<\/span><\/strong><span class=\"\">:\u00a0<\/span><span class=\"\">Peut contenir des traces de NOIX et d'autres FRUITS \u00c0 L'\u00c9COUTE.<\/span><\/p>\n<p class=\"\"><span class=\"\"><strong>Ingr\u00e9dients<\/strong>:<\/span><span class=\"\"> Chocolat au lait entier Cacao : 42% minimum Ingr\u00e9dients : Sucre, beurre de cacao, poudre de lait entier, p\u00e2te de cacao \u00e9mulsifiant : SOJALECITHIN, extrait de vanille<br \/>\n<\/span><\/p>\n<p class=\"\"><span class=\"\">Valeurs nutritives moyennes pour 100g :<\/span><\/p>\n<p class=\"\"><span class=\"\">\u00c9nergie : 2462 KJ \/ 592 Kcal<\/span><\/p>\n<p class=\"\"><span class=\"\">Mati\u00e8re grasse : 41 g<\/span><\/p>\n<p class=\"\"><span class=\"\">Dont acides gras satur\u00e9s : 25 g<\/span><\/p>\n<p class=\"\"><span class=\"\">Glucides : 47 g<\/span><\/p>\n<p class=\"\"><span class=\"\">Dont sucre : 45 g<\/span><\/p>\n<p class=\"\"><span class=\"\">Prot\u00e9ines : 7,1 g<\/span><\/p>\n<p class=\"\"><span class=\"\">sel : 0,18 g<\/span><\/p>\n<p class=\"\"><strong><span class=\"\">IMPORTANT : Conserver au frais et au sec !<\/span><\/strong><\/p>","protected":false},"excerpt":{"rendered":"<p class=\"\"><span class=\"\">SCHOKODROPS | mini | lait entier<br \/>\n<\/span>MHD : 26.11.2026<\/p>","protected":false},"featured_media":71429,"template":"","meta":[],"product_brand":[],"product_cat":[114,1001,999,42,885,52,54],"product_tag":[1168],"woo-feed-brand":[],"class_list":{"0":"post-71427","1":"product","2":"type-product","3":"status-publish","4":"has-post-thumbnail","6":"product_cat-schokolade-sweets","7":"product_cat-leckereien","8":"product_cat-valentinstag","9":"product_cat-kueche","10":"product_cat-koestlichkeiten","11":"product_cat-geschenke","12":"product_cat-feinkost","13":"product_tag-melia-atelier","15":"first","16":"instock","17":"taxable","18":"shipping-taxable","19":"purchasable","20":"product-type-simple"},"_links":{"self":[{"href":"https:\/\/www.fleurop-home.ch\/fr-ch\/wp-json\/wp\/v2\/product\/71427","targetHints":{"allow":["GET"]}}],"collection":[{"href":"https:\/\/www.fleurop-home.ch\/fr-ch\/wp-json\/wp\/v2\/product"}],"about":[{"href":"https:\/\/www.fleurop-home.ch\/fr-ch\/wp-json\/wp\/v2\/types\/product"}],"wp:featuredmedia":[{"embeddable":true,"href":"https:\/\/www.fleurop-home.ch\/fr-ch\/wp-json\/wp\/v2\/media\/71429"}],"wp:attachment":[{"href":"https:\/\/www.fleurop-home.ch\/fr-ch\/wp-json\/wp\/v2\/media?parent=71427"}],"wp:term":[{"taxonomy":"product_brand","embeddable":true,"href":"https:\/\/www.fleurop-home.ch\/fr-ch\/wp-json\/wp\/v2\/product_brand?post=71427"},{"taxonomy":"product_cat","embeddable":true,"href":"https:\/\/www.fleurop-home.ch\/fr-ch\/wp-json\/wp\/v2\/product_cat?post=71427"},{"taxonomy":"product_tag","embeddable":true,"href":"https:\/\/www.fleurop-home.ch\/fr-ch\/wp-json\/wp\/v2\/product_tag?post=71427"},{"taxonomy":"woo-feed-brand","embeddable":true,"href":"https:\/\/www.fleurop-home.ch\/fr-ch\/wp-json\/wp\/v2\/woo-feed-brand?post=71427"}],"curies":[{"name":"wp","href":"https:\/\/api.w.org\/{rel}","templated":true}]}}