{"id":71416,"date":"2025-12-27T14:05:07","date_gmt":"2025-12-27T13:05:07","guid":{"rendered":"https:\/\/www.fleurop-home.ch\/fr-ch\/?post_type=product&#038;p=71416"},"modified":"2026-02-19T09:14:42","modified_gmt":"2026-02-19T08:14:42","slug":"corbeille-a-fleurs-avec-roses-stabilisees","status":"publish","type":"product","link":"https:\/\/www.fleurop-home.ch\/fr-ch\/p\/blumenkorb-mit-stabilisierten-rosen","title":{"rendered":"Corbeille \u00e0 fleurs avec roses stabilis\u00e9es"},"content":{"rendered":"<p>Ce magnifique panier contenant 6 roses conserv\u00e9es de couleur champagne et quelques plantes s\u00e9ch\u00e9es est con\u00e7u pour durer plusieurs ann\u00e9es sans aucun entretien. Le panier peut \u00eatre<br \/>\ndiff\u00e9rer de la photo.<\/p>","protected":false},"excerpt":{"rendered":"<p>Panier de roses<\/p>","protected":false},"featured_media":71420,"template":"","meta":[],"product_brand":[],"product_cat":[102,23,26,52,55],"product_tag":[1135],"woo-feed-brand":[],"class_list":{"0":"post-71416","1":"product","2":"type-product","3":"status-publish","4":"has-post-thumbnail","6":"product_cat-infinity-rosen","7":"product_cat-home-living","8":"product_cat-blumen-pflanzen","9":"product_cat-geschenke","10":"product_cat-blumige-geschenke","11":"product_tag-mon-reve-fleuri","13":"first","14":"instock","15":"taxable","16":"shipping-taxable","17":"purchasable","18":"product-type-simple"},"_links":{"self":[{"href":"https:\/\/www.fleurop-home.ch\/fr-ch\/wp-json\/wp\/v2\/product\/71416","targetHints":{"allow":["GET"]}}],"collection":[{"href":"https:\/\/www.fleurop-home.ch\/fr-ch\/wp-json\/wp\/v2\/product"}],"about":[{"href":"https:\/\/www.fleurop-home.ch\/fr-ch\/wp-json\/wp\/v2\/types\/product"}],"wp:featuredmedia":[{"embeddable":true,"href":"https:\/\/www.fleurop-home.ch\/fr-ch\/wp-json\/wp\/v2\/media\/71420"}],"wp:attachment":[{"href":"https:\/\/www.fleurop-home.ch\/fr-ch\/wp-json\/wp\/v2\/media?parent=71416"}],"wp:term":[{"taxonomy":"product_brand","embeddable":true,"href":"https:\/\/www.fleurop-home.ch\/fr-ch\/wp-json\/wp\/v2\/product_brand?post=71416"},{"taxonomy":"product_cat","embeddable":true,"href":"https:\/\/www.fleurop-home.ch\/fr-ch\/wp-json\/wp\/v2\/product_cat?post=71416"},{"taxonomy":"product_tag","embeddable":true,"href":"https:\/\/www.fleurop-home.ch\/fr-ch\/wp-json\/wp\/v2\/product_tag?post=71416"},{"taxonomy":"woo-feed-brand","embeddable":true,"href":"https:\/\/www.fleurop-home.ch\/fr-ch\/wp-json\/wp\/v2\/woo-feed-brand?post=71416"}],"curies":[{"name":"wp","href":"https:\/\/api.w.org\/{rel}","templated":true}]}}