{"id":71411,"date":"2025-12-27T13:45:43","date_gmt":"2025-12-27T12:45:43","guid":{"rendered":"https:\/\/www.fleurop-home.ch\/fr-ch\/?post_type=product&#038;p=71411"},"modified":"2026-02-19T09:14:28","modified_gmt":"2026-02-19T08:14:28","slug":"panier-cadeau-avec-rose-stabilisee","status":"publish","type":"product","link":"https:\/\/www.fleurop-home.ch\/fr-ch\/p\/geschenkkorb-mit-stabilisierter-rose","title":{"rendered":"Panier cadeau avec rose stabilis\u00e9e"},"content":{"rendered":"<p>Magnifique petit panier pour un anniversaire ou une autre occasion. Ce panier contient un petit bouquet avec une rose rouge conserv\u00e9e et d'autres plantes. Se conserve plusieurs ann\u00e9es sans entretien, une confiture de raisin naturelle (sucre et fruits sans conservateurs, environ 250 g, fabriqu\u00e9s de mani\u00e8re artisanale) et une jolie petite bo\u00eete contenant trois cr\u00e8mes pour les mains, fabriqu\u00e9es naturellement en France (verveine, rose et lavande).<\/p>\n<p>Le panier peut \u00eatre diff\u00e9rent de la photo.<\/p>","protected":false},"excerpt":{"rendered":"<p>Joli panier cadeau<\/p>","protected":false},"featured_media":71412,"template":"","meta":[],"product_brand":[],"product_cat":[53,52,1224,1225],"product_tag":[1135],"woo-feed-brand":[],"class_list":{"0":"post-71411","1":"product","2":"type-product","3":"status-publish","4":"has-post-thumbnail","6":"product_cat-geschenksets","7":"product_cat-geschenke","8":"product_cat-beauty-wellness","9":"product_cat-genuss","10":"product_tag-mon-reve-fleuri","12":"first","13":"instock","14":"taxable","15":"shipping-taxable","16":"purchasable","17":"product-type-simple"},"_links":{"self":[{"href":"https:\/\/www.fleurop-home.ch\/fr-ch\/wp-json\/wp\/v2\/product\/71411","targetHints":{"allow":["GET"]}}],"collection":[{"href":"https:\/\/www.fleurop-home.ch\/fr-ch\/wp-json\/wp\/v2\/product"}],"about":[{"href":"https:\/\/www.fleurop-home.ch\/fr-ch\/wp-json\/wp\/v2\/types\/product"}],"wp:featuredmedia":[{"embeddable":true,"href":"https:\/\/www.fleurop-home.ch\/fr-ch\/wp-json\/wp\/v2\/media\/71412"}],"wp:attachment":[{"href":"https:\/\/www.fleurop-home.ch\/fr-ch\/wp-json\/wp\/v2\/media?parent=71411"}],"wp:term":[{"taxonomy":"product_brand","embeddable":true,"href":"https:\/\/www.fleurop-home.ch\/fr-ch\/wp-json\/wp\/v2\/product_brand?post=71411"},{"taxonomy":"product_cat","embeddable":true,"href":"https:\/\/www.fleurop-home.ch\/fr-ch\/wp-json\/wp\/v2\/product_cat?post=71411"},{"taxonomy":"product_tag","embeddable":true,"href":"https:\/\/www.fleurop-home.ch\/fr-ch\/wp-json\/wp\/v2\/product_tag?post=71411"},{"taxonomy":"woo-feed-brand","embeddable":true,"href":"https:\/\/www.fleurop-home.ch\/fr-ch\/wp-json\/wp\/v2\/woo-feed-brand?post=71411"}],"curies":[{"name":"wp","href":"https:\/\/api.w.org\/{rel}","templated":true}]}}