{"id":71398,"date":"2025-12-26T14:33:37","date_gmt":"2025-12-26T13:33:37","guid":{"rendered":"https:\/\/www.fleurop-home.ch\/fr-ch\/?post_type=product&#038;p=71398"},"modified":"2026-02-19T09:14:14","modified_gmt":"2026-02-19T08:14:14","slug":"arrangement-dans-un-bol-en-verre-juste-pour-te-dire","status":"publish","type":"product","link":"https:\/\/www.fleurop-home.ch\/fr-ch\/p\/arrangement-in-einer-glasschale-juste-pour-te-dire","title":{"rendered":"Arrangement dans une coupe en verre \u00abJuste pour te dire\u00bb.\u00bb"},"content":{"rendered":"<p>Magnifique coupe en verre avec deux roses stabilis\u00e9es, des plantes s\u00e9ch\u00e9es et stabilis\u00e9es. Se conserve plusieurs ann\u00e9es sans entretien - un cadeau plein d'amour pour une personne qui te tient \u00e0 c\u0153ur.<\/p>\n<p>Diam\u00e8tre d'environ 23 cm.<\/p>","protected":false},"excerpt":{"rendered":"<p>Arrangement dans un bol en verre<\/p>","protected":false},"featured_media":71400,"template":"","meta":[],"product_brand":[],"product_cat":[102,23,26,52,55],"product_tag":[1135],"woo-feed-brand":[],"class_list":{"0":"post-71398","1":"product","2":"type-product","3":"status-publish","4":"has-post-thumbnail","6":"product_cat-infinity-rosen","7":"product_cat-home-living","8":"product_cat-blumen-pflanzen","9":"product_cat-geschenke","10":"product_cat-blumige-geschenke","11":"product_tag-mon-reve-fleuri","13":"first","14":"instock","15":"taxable","16":"shipping-taxable","17":"purchasable","18":"product-type-simple"},"_links":{"self":[{"href":"https:\/\/www.fleurop-home.ch\/fr-ch\/wp-json\/wp\/v2\/product\/71398","targetHints":{"allow":["GET"]}}],"collection":[{"href":"https:\/\/www.fleurop-home.ch\/fr-ch\/wp-json\/wp\/v2\/product"}],"about":[{"href":"https:\/\/www.fleurop-home.ch\/fr-ch\/wp-json\/wp\/v2\/types\/product"}],"wp:featuredmedia":[{"embeddable":true,"href":"https:\/\/www.fleurop-home.ch\/fr-ch\/wp-json\/wp\/v2\/media\/71400"}],"wp:attachment":[{"href":"https:\/\/www.fleurop-home.ch\/fr-ch\/wp-json\/wp\/v2\/media?parent=71398"}],"wp:term":[{"taxonomy":"product_brand","embeddable":true,"href":"https:\/\/www.fleurop-home.ch\/fr-ch\/wp-json\/wp\/v2\/product_brand?post=71398"},{"taxonomy":"product_cat","embeddable":true,"href":"https:\/\/www.fleurop-home.ch\/fr-ch\/wp-json\/wp\/v2\/product_cat?post=71398"},{"taxonomy":"product_tag","embeddable":true,"href":"https:\/\/www.fleurop-home.ch\/fr-ch\/wp-json\/wp\/v2\/product_tag?post=71398"},{"taxonomy":"woo-feed-brand","embeddable":true,"href":"https:\/\/www.fleurop-home.ch\/fr-ch\/wp-json\/wp\/v2\/woo-feed-brand?post=71398"}],"curies":[{"name":"wp","href":"https:\/\/api.w.org\/{rel}","templated":true}]}}