{"id":71394,"date":"2025-12-26T14:28:25","date_gmt":"2025-12-26T13:28:25","guid":{"rendered":"https:\/\/www.fleurop-home.ch\/fr-ch\/?post_type=product&#038;p=71394"},"modified":"2026-02-19T09:14:08","modified_gmt":"2026-02-19T08:14:08","slug":"rose-en-cloche-de-verre-le-grand-amour","status":"publish","type":"product","link":"https:\/\/www.fleurop-home.ch\/fr-ch\/p\/rose-in-glasglocke-le-grand-amour","title":{"rendered":"Rose sous cloche de verre \u00abLe grand amour\u00bb"},"content":{"rendered":"<p>Magnifique cloche en verre avec une rose rouge conserv\u00e9e et des plantes s\u00e9ch\u00e9es et conserv\u00e9es. Se conserve plusieurs ann\u00e9es sans entretien - un cadeau pour un<br \/>\npersonne qui te tient \u00e0 c\u0153ur.<\/p>\n<p>Diam\u00e8tre d'environ 23 cm.<\/p>","protected":false},"excerpt":{"rendered":"<p>Rose rouge dans une cloche de verre<\/p>","protected":false},"featured_media":71395,"template":"","meta":[],"product_brand":[],"product_cat":[102,23,1000,999,26,52,55],"product_tag":[1135],"woo-feed-brand":[],"class_list":{"0":"post-71394","1":"product","2":"type-product","3":"status-publish","4":"has-post-thumbnail","6":"product_cat-infinity-rosen","7":"product_cat-home-living","8":"product_cat-valentinstagsdeko","9":"product_cat-valentinstag","10":"product_cat-blumen-pflanzen","11":"product_cat-geschenke","12":"product_cat-blumige-geschenke","13":"product_tag-mon-reve-fleuri","15":"first","16":"instock","17":"taxable","18":"shipping-taxable","19":"purchasable","20":"product-type-simple"},"_links":{"self":[{"href":"https:\/\/www.fleurop-home.ch\/fr-ch\/wp-json\/wp\/v2\/product\/71394","targetHints":{"allow":["GET"]}}],"collection":[{"href":"https:\/\/www.fleurop-home.ch\/fr-ch\/wp-json\/wp\/v2\/product"}],"about":[{"href":"https:\/\/www.fleurop-home.ch\/fr-ch\/wp-json\/wp\/v2\/types\/product"}],"wp:featuredmedia":[{"embeddable":true,"href":"https:\/\/www.fleurop-home.ch\/fr-ch\/wp-json\/wp\/v2\/media\/71395"}],"wp:attachment":[{"href":"https:\/\/www.fleurop-home.ch\/fr-ch\/wp-json\/wp\/v2\/media?parent=71394"}],"wp:term":[{"taxonomy":"product_brand","embeddable":true,"href":"https:\/\/www.fleurop-home.ch\/fr-ch\/wp-json\/wp\/v2\/product_brand?post=71394"},{"taxonomy":"product_cat","embeddable":true,"href":"https:\/\/www.fleurop-home.ch\/fr-ch\/wp-json\/wp\/v2\/product_cat?post=71394"},{"taxonomy":"product_tag","embeddable":true,"href":"https:\/\/www.fleurop-home.ch\/fr-ch\/wp-json\/wp\/v2\/product_tag?post=71394"},{"taxonomy":"woo-feed-brand","embeddable":true,"href":"https:\/\/www.fleurop-home.ch\/fr-ch\/wp-json\/wp\/v2\/woo-feed-brand?post=71394"}],"curies":[{"name":"wp","href":"https:\/\/api.w.org\/{rel}","templated":true}]}}