{"id":7122,"date":"2020-10-26T17:24:21","date_gmt":"2020-10-26T16:24:21","guid":{"rendered":"https:\/\/www.fleurop-home.ch\/?product=gottlieber-schatzkistli-4-susser-alltag"},"modified":"2026-02-05T14:36:36","modified_gmt":"2026-02-05T13:36:36","slug":"gottlieber-schatzkistli-4-susser-quotidien","status":"publish","type":"product","link":"https:\/\/www.fleurop-home.ch\/fr-ch\/p\/gottlieber-schatzkistli-4-susser-alltag","title":{"rendered":"Bo\u00eete \u00e0 tr\u00e9sors Gottlieber 4 : \"Douceur du quotidien"},"content":{"rendered":"<p>Des b\u00fbches fruit\u00e9es et l\u00e9g\u00e8res \u00e0 la framboise, des minis cr\u00e9meux et tendres \u00e0 la Noix de Coco, des noisettes croquantes enrob\u00e9es de chocolat blanc extrafin, et d'autres produits Gottlieber d\u00e9licieux, tu les trouveras dans notre bo\u00eete \u00e0 tr\u00e9sors Gottlieber \"DOUX AU QUOTIDIEN\".<\/p>\n<p>La bo\u00eete \u00e0 tr\u00e9sors Gottlieber \"S\u00dcSSER ALLTAG\" est emball\u00e9e dans notre \u00e9l\u00e9gante bo\u00eete pliante noire et blanche en carton solide avec fermeture magn\u00e9tique (r\u00e9utilisable).<\/p>\n<p style=\"text-align: left;\"><strong>Contenu<\/strong><br \/>\nNoisettes au chocolat blanc en sachet, 180 g<br \/>\nBouch\u00e9es aux framboises en sachet, 10 bouch\u00e9es, 150 g<br \/>\n\"Le p\u00e9ch\u00e9 du matin\" p\u00e2te \u00e0 tartiner maison (v\u00e9g\u00e9talienne), 300 g<br \/>\nMini-bouch\u00e9es \"Noix de Coco\", environ 22 bouch\u00e9es, 85 g<br \/>\nRoyal H\u00fcppen Amaretto &amp; Irish Cream, 8 bouchons, 120 g<br \/>\nTartufi Neri, 6 pi\u00e8ces dans un sachet, 72 g<br \/>\nEl\u00e9gante bo\u00eete pliante en carton solide dans un design \u00e0 rayures noires et blanches avec fermeture magn\u00e9tique (r\u00e9utilisable)<\/p>\n<p><strong>Masse<\/strong><br \/>\n210 x 297 x 105mm<\/p>\n<p style=\"text-align: left;\"><a href=\"https:\/\/www.gottlieber.ch\/de\/online-shop\/naehrwertinformationen\" target=\"_blank\" rel=\"noopener\"> Informations nutritionnelles et conseils pour les personnes allergiques<\/a><\/p>","protected":false},"excerpt":{"rendered":"<p>El\u00e9gante bo\u00eete cadeau avec diff\u00e9rents bricelets Gottlieber et d'autres d\u00e9licieuses sp\u00e9cialit\u00e9s au chocolat<\/p>","protected":false},"featured_media":7123,"template":"","meta":[],"product_brand":[],"product_cat":[53,42,114,885,52,1225],"product_tag":[286],"woo-feed-brand":[],"class_list":{"0":"post-7122","1":"product","2":"type-product","3":"status-publish","4":"has-post-thumbnail","6":"product_cat-geschenksets","7":"product_cat-kueche","8":"product_cat-schokolade-sweets","9":"product_cat-koestlichkeiten","10":"product_cat-geschenke","11":"product_cat-genuss","12":"product_tag-gottlieber-spezialitaten-ag","14":"first","15":"instock","16":"taxable","17":"shipping-taxable","18":"purchasable","19":"product-type-simple"},"_links":{"self":[{"href":"https:\/\/www.fleurop-home.ch\/fr-ch\/wp-json\/wp\/v2\/product\/7122","targetHints":{"allow":["GET"]}}],"collection":[{"href":"https:\/\/www.fleurop-home.ch\/fr-ch\/wp-json\/wp\/v2\/product"}],"about":[{"href":"https:\/\/www.fleurop-home.ch\/fr-ch\/wp-json\/wp\/v2\/types\/product"}],"wp:featuredmedia":[{"embeddable":true,"href":"https:\/\/www.fleurop-home.ch\/fr-ch\/wp-json\/wp\/v2\/media\/7123"}],"wp:attachment":[{"href":"https:\/\/www.fleurop-home.ch\/fr-ch\/wp-json\/wp\/v2\/media?parent=7122"}],"wp:term":[{"taxonomy":"product_brand","embeddable":true,"href":"https:\/\/www.fleurop-home.ch\/fr-ch\/wp-json\/wp\/v2\/product_brand?post=7122"},{"taxonomy":"product_cat","embeddable":true,"href":"https:\/\/www.fleurop-home.ch\/fr-ch\/wp-json\/wp\/v2\/product_cat?post=7122"},{"taxonomy":"product_tag","embeddable":true,"href":"https:\/\/www.fleurop-home.ch\/fr-ch\/wp-json\/wp\/v2\/product_tag?post=7122"},{"taxonomy":"woo-feed-brand","embeddable":true,"href":"https:\/\/www.fleurop-home.ch\/fr-ch\/wp-json\/wp\/v2\/woo-feed-brand?post=7122"}],"curies":[{"name":"wp","href":"https:\/\/api.w.org\/{rel}","templated":true}]}}