{"id":7118,"date":"2020-10-26T17:19:42","date_gmt":"2020-10-26T16:19:42","guid":{"rendered":"https:\/\/www.fleurop-home.ch\/?product=gottlieber-schatzkistli-3-wir-mogen-es-bunt"},"modified":"2026-02-05T14:35:34","modified_gmt":"2026-02-05T13:35:34","slug":"gottlieber-schatzkistli-3-nous-aimons-la-couleur-2","status":"publish","type":"product","link":"https:\/\/www.fleurop-home.ch\/fr-ch\/p\/gottlieber-schatzkistli-3-wir-moegen-es-bunt","title":{"rendered":"Gottlieber Schatzkistli 3 : \"Nous aimons la couleur\"."},"content":{"rendered":"<p>D\u00e9couvre notre assortiment color\u00e9 de bricelets, minis et autres sp\u00e9cialit\u00e9s au chocolat de Gottlieber.<\/p>\n<p>La bo\u00eete \u00e0 tr\u00e9sors Gottlieber \"NOUS L'AIMONS EN COULEUR\" est emball\u00e9e dans notre \u00e9l\u00e9gante bo\u00eete pliante noire et blanche en carton solide avec fermeture magn\u00e9tique (r\u00e9utilisable).<\/p>\n<p style=\"text-align: left;\"><strong>Contenu<\/strong>:<br \/>\nAmandes au cacao en sachet, 180 g<br \/>\nOrange Gianduja en sachet, 10 bouchons, 150 g<br \/>\nMinis \u00e0 la framboise, environ 37 mini-bouch\u00e9es, 150g<br \/>\nTartufi Bianchi, en sachet, environ 20 pi\u00e8ces, 240 g<br \/>\nTradition H\u00fcppen, pralin\u00e9, moka, gianduja, 10 pi\u00e8ces, 150 g<br \/>\nEl\u00e9gante bo\u00eete pliante en carton solide dans un design \u00e0 rayures noires et blanches avec fermeture magn\u00e9tique (r\u00e9utilisable)<\/p>\n<p><strong>Masse<\/strong><br \/>\n210 x 297 x 105mm<\/p>\n<p style=\"text-align: left;\"><a href=\"https:\/\/www.gottlieber.ch\/de\/online-shop\/naehrwertinformationen\" target=\"_blank\" rel=\"noopener\"> Informations nutritionnelles et conseils pour les personnes allergiques<\/a><\/p>","protected":false},"excerpt":{"rendered":"<p>El\u00e9gante bo\u00eete cadeau contenant diff\u00e9rents bricelets Gottlieber ainsi qu'un sachet d'amandes au cacao et un sachet de tartufi bianchi.<\/p>","protected":false},"featured_media":31038,"template":"","meta":[],"product_brand":[],"product_cat":[42,114,885,52,1225,53],"product_tag":[286],"woo-feed-brand":[],"class_list":{"0":"post-7118","1":"product","2":"type-product","3":"status-publish","4":"has-post-thumbnail","6":"product_cat-kueche","7":"product_cat-schokolade-sweets","8":"product_cat-koestlichkeiten","9":"product_cat-geschenke","10":"product_cat-genuss","11":"product_cat-geschenksets","12":"product_tag-gottlieber-spezialitaten-ag","14":"first","15":"instock","16":"taxable","17":"shipping-taxable","18":"purchasable","19":"product-type-simple"},"_links":{"self":[{"href":"https:\/\/www.fleurop-home.ch\/fr-ch\/wp-json\/wp\/v2\/product\/7118","targetHints":{"allow":["GET"]}}],"collection":[{"href":"https:\/\/www.fleurop-home.ch\/fr-ch\/wp-json\/wp\/v2\/product"}],"about":[{"href":"https:\/\/www.fleurop-home.ch\/fr-ch\/wp-json\/wp\/v2\/types\/product"}],"wp:featuredmedia":[{"embeddable":true,"href":"https:\/\/www.fleurop-home.ch\/fr-ch\/wp-json\/wp\/v2\/media\/31038"}],"wp:attachment":[{"href":"https:\/\/www.fleurop-home.ch\/fr-ch\/wp-json\/wp\/v2\/media?parent=7118"}],"wp:term":[{"taxonomy":"product_brand","embeddable":true,"href":"https:\/\/www.fleurop-home.ch\/fr-ch\/wp-json\/wp\/v2\/product_brand?post=7118"},{"taxonomy":"product_cat","embeddable":true,"href":"https:\/\/www.fleurop-home.ch\/fr-ch\/wp-json\/wp\/v2\/product_cat?post=7118"},{"taxonomy":"product_tag","embeddable":true,"href":"https:\/\/www.fleurop-home.ch\/fr-ch\/wp-json\/wp\/v2\/product_tag?post=7118"},{"taxonomy":"woo-feed-brand","embeddable":true,"href":"https:\/\/www.fleurop-home.ch\/fr-ch\/wp-json\/wp\/v2\/woo-feed-brand?post=7118"}],"curies":[{"name":"wp","href":"https:\/\/api.w.org\/{rel}","templated":true}]}}