{"id":7115,"date":"2020-10-26T17:08:34","date_gmt":"2020-10-26T16:08:34","guid":{"rendered":"https:\/\/www.fleurop-home.ch\/?product=gottlieber-schatzkistli-2-huppen-genuss"},"modified":"2026-02-05T14:35:27","modified_gmt":"2026-02-05T13:35:27","slug":"gottlieber-schatzkistli-2-cup-de-plaisir","status":"publish","type":"product","link":"https:\/\/www.fleurop-home.ch\/fr-ch\/p\/gottlieber-schatzkistli-2-huppen-genuss","title":{"rendered":"Bo\u00eete \u00e0 tr\u00e9sors Gottlieber 2 : \"Le plaisir des bricelets\"."},"content":{"rendered":"<p>D\u00e9cide spontan\u00e9ment et selon ton humeur quelles sont les bouch\u00e9es de nos quatre saveurs dans la bo\u00eete \u00e0 tr\u00e9sors Gottlieber \"H\u00dcPPEN-GENUSS\" qui te plaisent particuli\u00e8rement aujourd'hui pour grignoter et savourer. Framboise et cappuccino au caramel ? Ou orange gianduja et grand cru ?<\/p>\n<p>La bo\u00eete \u00e0 tr\u00e9sors Gottlieber \"H\u00dcPEN-GENUSS\" est emball\u00e9e dans notre \u00e9l\u00e9gante bo\u00eete pliante noire et blanche en carton solide avec fermeture magn\u00e9tique (r\u00e9utilisable).<\/p>\n<p style=\"text-align: left;\"><strong>Contenu<\/strong>:<br \/>\nBlack Special Grand Cru bricelets en sachet, 10 bricelets, 160 g<br \/>\nRoyal Mix en sachet, 10 bouch\u00e9es, 150 g<br \/>\nBouch\u00e9es de gianuja et d'orange en sachet<br \/>\nEdition sp\u00e9ciale, 10 gaufrettes, 150 g<br \/>\nSachet de bricelets \u00e0 la framboise, 10 bricelets, 150g<br \/>\nEl\u00e9gante bo\u00eete pliante en carton solide dans un design \u00e0 rayures noires et blanches avec fermeture magn\u00e9tique (r\u00e9utilisable)<\/p>\n<p><strong>Masse<\/strong><br \/>\n210 x 297 x 105mm<\/p>\n<p style=\"text-align: left;\"><a href=\"https:\/\/www.gottlieber.ch\/de\/online-shop\/naehrwertinformationen\" target=\"_blank\" rel=\"noopener\"> Informations nutritionnelles et conseils pour les personnes allergiques<\/a><\/p>","protected":false},"excerpt":{"rendered":"<p>El\u00e9gante bo\u00eete cadeau contenant quatre sachets de fabrication H\u00fcppen aux saveurs diff\u00e9rentes.<\/p>","protected":false},"featured_media":45155,"template":"","meta":[],"product_brand":[],"product_cat":[53,42,114,885,52,1225],"product_tag":[286],"woo-feed-brand":[],"class_list":{"0":"post-7115","1":"product","2":"type-product","3":"status-publish","4":"has-post-thumbnail","6":"product_cat-geschenksets","7":"product_cat-kueche","8":"product_cat-schokolade-sweets","9":"product_cat-koestlichkeiten","10":"product_cat-geschenke","11":"product_cat-genuss","12":"product_tag-gottlieber-spezialitaten-ag","14":"first","15":"instock","16":"featured","17":"taxable","18":"shipping-taxable","19":"purchasable","20":"product-type-simple"},"_links":{"self":[{"href":"https:\/\/www.fleurop-home.ch\/fr-ch\/wp-json\/wp\/v2\/product\/7115","targetHints":{"allow":["GET"]}}],"collection":[{"href":"https:\/\/www.fleurop-home.ch\/fr-ch\/wp-json\/wp\/v2\/product"}],"about":[{"href":"https:\/\/www.fleurop-home.ch\/fr-ch\/wp-json\/wp\/v2\/types\/product"}],"wp:featuredmedia":[{"embeddable":true,"href":"https:\/\/www.fleurop-home.ch\/fr-ch\/wp-json\/wp\/v2\/media\/45155"}],"wp:attachment":[{"href":"https:\/\/www.fleurop-home.ch\/fr-ch\/wp-json\/wp\/v2\/media?parent=7115"}],"wp:term":[{"taxonomy":"product_brand","embeddable":true,"href":"https:\/\/www.fleurop-home.ch\/fr-ch\/wp-json\/wp\/v2\/product_brand?post=7115"},{"taxonomy":"product_cat","embeddable":true,"href":"https:\/\/www.fleurop-home.ch\/fr-ch\/wp-json\/wp\/v2\/product_cat?post=7115"},{"taxonomy":"product_tag","embeddable":true,"href":"https:\/\/www.fleurop-home.ch\/fr-ch\/wp-json\/wp\/v2\/product_tag?post=7115"},{"taxonomy":"woo-feed-brand","embeddable":true,"href":"https:\/\/www.fleurop-home.ch\/fr-ch\/wp-json\/wp\/v2\/woo-feed-brand?post=7115"}],"curies":[{"name":"wp","href":"https:\/\/api.w.org\/{rel}","templated":true}]}}