{"id":7106,"date":"2020-10-24T15:12:02","date_gmt":"2020-10-24T15:12:02","guid":{"rendered":"https:\/\/www.fleurop-home.ch\/?product=stabilisierte-rose-in-rosa"},"modified":"2026-04-01T16:07:36","modified_gmt":"2026-04-01T14:07:36","slug":"rose-stabilise-en-rose","status":"publish","type":"product","link":"https:\/\/www.fleurop-home.ch\/fr-ch\/p\/stabilisierte-rose-in-rosa","title":{"rendered":"Rose stabilis\u00e9e en rose"},"content":{"rendered":"<p style=\"text-align: left\">Cette rose \"\u00e9ternelle\" embellira ta maison pendant longtemps, tu auras donc le plaisir de la red\u00e9couvrir chaque jour.<\/p>\n<p style=\"text-align: left\">En fait, gr\u00e2ce \u00e0 un proc\u00e9d\u00e9 sp\u00e9cial, cette rose dure tr\u00e8s longtemps.<\/p>\n<p style=\"text-align: left\">Longueur du manche : environ 50 cm<\/p>\n<p style=\"text-align: left\">Merci de suivre nos conseils d'entretien :<\/p>\n<p style=\"text-align: left\">\u00c9vite le contact avec l'eau et ne les expose pas au soleil.<\/p>","protected":false},"excerpt":{"rendered":"<p>Rose stabilis\u00e9e en rose, longueur de la tige environ 50cm<\/p>","protected":false},"featured_media":7107,"template":"","meta":[],"product_brand":[],"product_cat":[102,23,1023,797,26],"product_tag":[905],"woo-feed-brand":[],"class_list":{"0":"post-7106","1":"product","2":"type-product","3":"status-publish","4":"has-post-thumbnail","6":"product_cat-infinity-rosen","7":"product_cat-home-living","8":"product_cat-fuer-mama","9":"product_cat-muttertag","10":"product_cat-blumen-pflanzen","11":"product_tag-la-rose-dor","13":"first","14":"instock","15":"featured","16":"taxable","17":"shipping-taxable","18":"purchasable","19":"product-type-simple"},"_links":{"self":[{"href":"https:\/\/www.fleurop-home.ch\/fr-ch\/wp-json\/wp\/v2\/product\/7106","targetHints":{"allow":["GET"]}}],"collection":[{"href":"https:\/\/www.fleurop-home.ch\/fr-ch\/wp-json\/wp\/v2\/product"}],"about":[{"href":"https:\/\/www.fleurop-home.ch\/fr-ch\/wp-json\/wp\/v2\/types\/product"}],"wp:featuredmedia":[{"embeddable":true,"href":"https:\/\/www.fleurop-home.ch\/fr-ch\/wp-json\/wp\/v2\/media\/7107"}],"wp:attachment":[{"href":"https:\/\/www.fleurop-home.ch\/fr-ch\/wp-json\/wp\/v2\/media?parent=7106"}],"wp:term":[{"taxonomy":"product_brand","embeddable":true,"href":"https:\/\/www.fleurop-home.ch\/fr-ch\/wp-json\/wp\/v2\/product_brand?post=7106"},{"taxonomy":"product_cat","embeddable":true,"href":"https:\/\/www.fleurop-home.ch\/fr-ch\/wp-json\/wp\/v2\/product_cat?post=7106"},{"taxonomy":"product_tag","embeddable":true,"href":"https:\/\/www.fleurop-home.ch\/fr-ch\/wp-json\/wp\/v2\/product_tag?post=7106"},{"taxonomy":"woo-feed-brand","embeddable":true,"href":"https:\/\/www.fleurop-home.ch\/fr-ch\/wp-json\/wp\/v2\/woo-feed-brand?post=7106"}],"curies":[{"name":"wp","href":"https:\/\/api.w.org\/{rel}","templated":true}]}}