{"id":70833,"date":"2025-12-13T12:35:09","date_gmt":"2025-12-13T11:35:09","guid":{"rendered":"https:\/\/www.fleurop-home.ch\/de-ch\/?post_type=product&#038;p=70833"},"modified":"2026-01-09T11:11:39","modified_gmt":"2026-01-09T10:11:39","slug":"bruleur-dhuile-pour-animaux-de-course-fondeur-de-cire","status":"publish","type":"product","link":"https:\/\/www.fleurop-home.ch\/fr-ch\/p\/renntier-oelbrenner-wachsschmelzer","title":{"rendered":"Renntier Br\u00fbleur \u00e0 huile\/fondeur de cire"},"content":{"rendered":"<p>Br\u00fbleur d'huile de rennes, le compl\u00e9ment parfait \u00e0 ta d\u00e9coration int\u00e9rieure en cette p\u00e9riode de f\u00eate. Combine-le avec ton parfum pr\u00e9f\u00e9r\u00e9 pour cr\u00e9er une ambiance pleine de nostalgie magique de No\u00ebl. Cette pi\u00e8ce deviendra \u00e0 coup s\u00fbr une pi\u00e8ce de d\u00e9coration festive tr\u00e8s appr\u00e9ci\u00e9e qui pourra \u00eatre utilis\u00e9e ann\u00e9e apr\u00e8s ann\u00e9e.<\/p>","protected":false},"excerpt":{"rendered":"<p>Parfait pour la d\u00e9coration de No\u00ebl ou comme cadeau !<\/p>","protected":false},"featured_media":70825,"template":"","meta":[],"product_brand":[],"product_cat":[108,23,1207,909,1179,911,28,915],"product_tag":[1168],"woo-feed-brand":[],"class_list":{"0":"post-70833","1":"product","2":"type-product","3":"status-publish","4":"has-post-thumbnail","6":"product_cat-lichterketten-laternen","7":"product_cat-home-living","8":"product_cat-unter-25-chf","9":"product_cat-weihnachten","10":"product_cat-weihnachtsdeko","11":"product_cat-accessoires","12":"product_cat-kerzen-lichter","13":"product_cat-wichteln","14":"product_tag-melia-atelier","16":"first","17":"instock","18":"taxable","19":"shipping-taxable","20":"purchasable","21":"product-type-simple"},"_links":{"self":[{"href":"https:\/\/www.fleurop-home.ch\/fr-ch\/wp-json\/wp\/v2\/product\/70833","targetHints":{"allow":["GET"]}}],"collection":[{"href":"https:\/\/www.fleurop-home.ch\/fr-ch\/wp-json\/wp\/v2\/product"}],"about":[{"href":"https:\/\/www.fleurop-home.ch\/fr-ch\/wp-json\/wp\/v2\/types\/product"}],"wp:featuredmedia":[{"embeddable":true,"href":"https:\/\/www.fleurop-home.ch\/fr-ch\/wp-json\/wp\/v2\/media\/70825"}],"wp:attachment":[{"href":"https:\/\/www.fleurop-home.ch\/fr-ch\/wp-json\/wp\/v2\/media?parent=70833"}],"wp:term":[{"taxonomy":"product_brand","embeddable":true,"href":"https:\/\/www.fleurop-home.ch\/fr-ch\/wp-json\/wp\/v2\/product_brand?post=70833"},{"taxonomy":"product_cat","embeddable":true,"href":"https:\/\/www.fleurop-home.ch\/fr-ch\/wp-json\/wp\/v2\/product_cat?post=70833"},{"taxonomy":"product_tag","embeddable":true,"href":"https:\/\/www.fleurop-home.ch\/fr-ch\/wp-json\/wp\/v2\/product_tag?post=70833"},{"taxonomy":"woo-feed-brand","embeddable":true,"href":"https:\/\/www.fleurop-home.ch\/fr-ch\/wp-json\/wp\/v2\/woo-feed-brand?post=70833"}],"curies":[{"name":"wp","href":"https:\/\/api.w.org\/{rel}","templated":true}]}}