{"id":70832,"date":"2025-12-13T12:32:23","date_gmt":"2025-12-13T11:32:23","guid":{"rendered":"https:\/\/www.fleurop-home.ch\/de-ch\/?post_type=product&#038;p=70832"},"modified":"2026-02-19T09:13:15","modified_gmt":"2026-02-19T08:13:15","slug":"bruleur-dhuile-en-demi-lune-fondeur-de-cire","status":"publish","type":"product","link":"https:\/\/www.fleurop-home.ch\/fr-ch\/p\/halbmond-oelbrenner-wachsschmelzer","title":{"rendered":"Br\u00fbleur \u00e0 huile\/fondeur de cire demi-lune"},"content":{"rendered":"<p>Ce br\u00fbleur \u00e0 huile en c\u00e9ramique noire a un design d\u00e9coup\u00e9 en demi-lune et en \u00e9toile avec une surface froide et mate. Compatible aussi bien avec l'huile parfum\u00e9e qu'avec la cire.<\/p>","protected":false},"excerpt":{"rendered":"<p>Compatible aussi bien avec l'huile parfum\u00e9e qu'avec la cire.<\/p>","protected":false},"featured_media":70826,"template":"","meta":[],"product_brand":[],"product_cat":[108,23,28],"product_tag":[1168],"woo-feed-brand":[],"class_list":{"0":"post-70832","1":"product","2":"type-product","3":"status-publish","4":"has-post-thumbnail","6":"product_cat-lichterketten-laternen","7":"product_cat-home-living","8":"product_cat-kerzen-lichter","9":"product_tag-melia-atelier","11":"first","12":"instock","13":"taxable","14":"shipping-taxable","15":"purchasable","16":"product-type-simple"},"_links":{"self":[{"href":"https:\/\/www.fleurop-home.ch\/fr-ch\/wp-json\/wp\/v2\/product\/70832","targetHints":{"allow":["GET"]}}],"collection":[{"href":"https:\/\/www.fleurop-home.ch\/fr-ch\/wp-json\/wp\/v2\/product"}],"about":[{"href":"https:\/\/www.fleurop-home.ch\/fr-ch\/wp-json\/wp\/v2\/types\/product"}],"wp:featuredmedia":[{"embeddable":true,"href":"https:\/\/www.fleurop-home.ch\/fr-ch\/wp-json\/wp\/v2\/media\/70826"}],"wp:attachment":[{"href":"https:\/\/www.fleurop-home.ch\/fr-ch\/wp-json\/wp\/v2\/media?parent=70832"}],"wp:term":[{"taxonomy":"product_brand","embeddable":true,"href":"https:\/\/www.fleurop-home.ch\/fr-ch\/wp-json\/wp\/v2\/product_brand?post=70832"},{"taxonomy":"product_cat","embeddable":true,"href":"https:\/\/www.fleurop-home.ch\/fr-ch\/wp-json\/wp\/v2\/product_cat?post=70832"},{"taxonomy":"product_tag","embeddable":true,"href":"https:\/\/www.fleurop-home.ch\/fr-ch\/wp-json\/wp\/v2\/product_tag?post=70832"},{"taxonomy":"woo-feed-brand","embeddable":true,"href":"https:\/\/www.fleurop-home.ch\/fr-ch\/wp-json\/wp\/v2\/woo-feed-brand?post=70832"}],"curies":[{"name":"wp","href":"https:\/\/api.w.org\/{rel}","templated":true}]}}