{"id":70830,"date":"2025-12-13T12:28:56","date_gmt":"2025-12-13T11:28:56","guid":{"rendered":"https:\/\/www.fleurop-home.ch\/de-ch\/?post_type=product&#038;p=70830"},"modified":"2026-02-19T09:12:35","modified_gmt":"2026-02-19T08:12:35","slug":"kuerbis-oelbrenner-fondeur-de-cire","status":"publish","type":"product","link":"https:\/\/www.fleurop-home.ch\/fr-ch\/p\/kuerbis-oelbrenner-wachsschmelzer","title":{"rendered":"Courge Br\u00fbleur \u00e0 huile\/fondeur de cire"},"content":{"rendered":"<p>Ajoute une touche d'\u00e9l\u00e9gance automnale \u00e0 ta maison avec ce br\u00fbleur \u00e0 huile et chauffe-cire en forme de citrouille de couleur cr\u00e8me, avec des d\u00e9coupes pour cr\u00e9er une atmosph\u00e8re chaleureuse lors des soir\u00e9es fra\u00eeches. Un br\u00fbleur parfait pour faire fondre de la cire d'inspiration automnale ou des huiles parfum\u00e9es, qui remplira la maison avec les parfums apaisants de la saison.<\/p>","protected":false},"excerpt":{"rendered":"<p>Ajoute une touche d'\u00e9l\u00e9gance automnale \u00e0 ton int\u00e9rieur.<\/p>","protected":false},"featured_media":70823,"template":"","meta":[],"product_brand":[],"product_cat":[108,23,28],"product_tag":[1168],"woo-feed-brand":[],"class_list":{"0":"post-70830","1":"product","2":"type-product","3":"status-publish","4":"has-post-thumbnail","6":"product_cat-lichterketten-laternen","7":"product_cat-home-living","8":"product_cat-kerzen-lichter","9":"product_tag-melia-atelier","11":"first","12":"instock","13":"taxable","14":"shipping-taxable","15":"purchasable","16":"product-type-simple"},"_links":{"self":[{"href":"https:\/\/www.fleurop-home.ch\/fr-ch\/wp-json\/wp\/v2\/product\/70830","targetHints":{"allow":["GET"]}}],"collection":[{"href":"https:\/\/www.fleurop-home.ch\/fr-ch\/wp-json\/wp\/v2\/product"}],"about":[{"href":"https:\/\/www.fleurop-home.ch\/fr-ch\/wp-json\/wp\/v2\/types\/product"}],"wp:featuredmedia":[{"embeddable":true,"href":"https:\/\/www.fleurop-home.ch\/fr-ch\/wp-json\/wp\/v2\/media\/70823"}],"wp:attachment":[{"href":"https:\/\/www.fleurop-home.ch\/fr-ch\/wp-json\/wp\/v2\/media?parent=70830"}],"wp:term":[{"taxonomy":"product_brand","embeddable":true,"href":"https:\/\/www.fleurop-home.ch\/fr-ch\/wp-json\/wp\/v2\/product_brand?post=70830"},{"taxonomy":"product_cat","embeddable":true,"href":"https:\/\/www.fleurop-home.ch\/fr-ch\/wp-json\/wp\/v2\/product_cat?post=70830"},{"taxonomy":"product_tag","embeddable":true,"href":"https:\/\/www.fleurop-home.ch\/fr-ch\/wp-json\/wp\/v2\/product_tag?post=70830"},{"taxonomy":"woo-feed-brand","embeddable":true,"href":"https:\/\/www.fleurop-home.ch\/fr-ch\/wp-json\/wp\/v2\/woo-feed-brand?post=70830"}],"curies":[{"name":"wp","href":"https:\/\/api.w.org\/{rel}","templated":true}]}}