{"id":7079,"date":"2020-10-20T15:17:46","date_gmt":"2020-10-20T15:17:46","guid":{"rendered":"https:\/\/www.fleurop-home.ch\/?product=veilchenseife"},"modified":"2025-04-01T06:54:17","modified_gmt":"2025-04-01T04:54:17","slug":"savon-a-la-violette","status":"publish","type":"product","link":"https:\/\/www.fleurop-home.ch\/fr-ch\/p\/veilchenseife","title":{"rendered":"Savon \u00e0 la violette"},"content":{"rendered":"<p>Le savon rectangulaire \u00e0 la violette (100g) est enrichi en beurre de karit\u00e9 bio assouplissant et nourrissant ainsi qu'en huile d'olive de Nyons pour prot\u00e9ger et nourrir la peau. Ce savon convient \u00e0 tous les types de peau (normale, s\u00e8che \u00e0 tr\u00e8s s\u00e8che).<\/p>\n<p style=\"text-align: left\">D\u00e9couvre le parfum d\u00e9licat et fleuri de la violette et ressens le bien-\u00eatre d'un moment rien que pour toi. Une v\u00e9ritable pause naturelle pour ta peau, qui apporte du bien-\u00eatre m\u00eame aux peaux sensibles.<\/p>\n<p>Tu peux utiliser ce savon artisanal pour nettoyer ton corps, ton visage ou tes mains.<\/p>\n<p style=\"text-align: left\"><strong>Mode d'emploi<\/strong><\/p>\n<p>Utilisation quotidienne (mains, visage &amp; corps). Faire mousser le savon en le frottant sur la peau humide. Rincer \u00e0 l'eau claire.<\/p>","protected":false},"excerpt":{"rendered":"<p>100 g de savon rectangulaire, d\u00e9licatement parfum\u00e9 \u00e0 la violette, enrichi de beurre de karit\u00e9 bio et d'huile d'olive de Nyons.<\/p>","protected":false},"featured_media":7080,"template":"","meta":[],"product_brand":[],"product_cat":[49,48],"product_tag":[905],"woo-feed-brand":[],"class_list":{"0":"post-7079","1":"product","2":"type-product","3":"status-publish","4":"has-post-thumbnail","6":"product_cat-seifen","7":"product_cat-bad-wellness","8":"product_tag-la-rose-dor","10":"first","11":"instock","12":"taxable","13":"shipping-taxable","14":"purchasable","15":"product-type-simple"},"_links":{"self":[{"href":"https:\/\/www.fleurop-home.ch\/fr-ch\/wp-json\/wp\/v2\/product\/7079","targetHints":{"allow":["GET"]}}],"collection":[{"href":"https:\/\/www.fleurop-home.ch\/fr-ch\/wp-json\/wp\/v2\/product"}],"about":[{"href":"https:\/\/www.fleurop-home.ch\/fr-ch\/wp-json\/wp\/v2\/types\/product"}],"wp:featuredmedia":[{"embeddable":true,"href":"https:\/\/www.fleurop-home.ch\/fr-ch\/wp-json\/wp\/v2\/media\/7080"}],"wp:attachment":[{"href":"https:\/\/www.fleurop-home.ch\/fr-ch\/wp-json\/wp\/v2\/media?parent=7079"}],"wp:term":[{"taxonomy":"product_brand","embeddable":true,"href":"https:\/\/www.fleurop-home.ch\/fr-ch\/wp-json\/wp\/v2\/product_brand?post=7079"},{"taxonomy":"product_cat","embeddable":true,"href":"https:\/\/www.fleurop-home.ch\/fr-ch\/wp-json\/wp\/v2\/product_cat?post=7079"},{"taxonomy":"product_tag","embeddable":true,"href":"https:\/\/www.fleurop-home.ch\/fr-ch\/wp-json\/wp\/v2\/product_tag?post=7079"},{"taxonomy":"woo-feed-brand","embeddable":true,"href":"https:\/\/www.fleurop-home.ch\/fr-ch\/wp-json\/wp\/v2\/woo-feed-brand?post=7079"}],"curies":[{"name":"wp","href":"https:\/\/api.w.org\/{rel}","templated":true}]}}