{"id":70702,"date":"2025-12-10T11:58:10","date_gmt":"2025-12-10T10:58:10","guid":{"rendered":"https:\/\/www.fleurop-home.ch\/fr-ch\/?post_type=product&#038;p=70702"},"modified":"2026-02-24T13:20:54","modified_gmt":"2026-02-24T12:20:54","slug":"arrangement-floral-miracle","status":"publish","type":"product","link":"https:\/\/www.fleurop-home.ch\/fr-ch\/p\/blumenarrangement-wunder","title":{"rendered":"Composition florale \u00abMiracle\u00bb"},"content":{"rendered":"<p>Magnifique coque avec une grenouille, compos\u00e9e de plantes stabilis\u00e9es et s\u00e9ch\u00e9es, dure plusieurs ann\u00e9es sans entretien, 100 % naturel.<br \/>\nUn magnifique cadeau qui fera plaisir \u00e0 tes proches.<\/p>\n<p>Diam\u00e8tre d'environ 38 cm.<\/p>","protected":false},"excerpt":{"rendered":"<p>Plantes stabilis\u00e9es et s\u00e9ch\u00e9es<\/p>","protected":false},"featured_media":71505,"template":"","meta":[],"product_brand":[],"product_cat":[107,23,26,1247],"product_tag":[1135],"woo-feed-brand":[],"class_list":{"0":"post-70702","1":"product","2":"type-product","3":"status-publish","4":"has-post-thumbnail","6":"product_cat-kunstblumen","7":"product_cat-home-living","8":"product_cat-blumen-pflanzen","9":"product_cat-sale","10":"product_tag-mon-reve-fleuri","12":"first","13":"instock","14":"sale","15":"taxable","16":"shipping-taxable","17":"purchasable","18":"product-type-simple"},"_links":{"self":[{"href":"https:\/\/www.fleurop-home.ch\/fr-ch\/wp-json\/wp\/v2\/product\/70702","targetHints":{"allow":["GET"]}}],"collection":[{"href":"https:\/\/www.fleurop-home.ch\/fr-ch\/wp-json\/wp\/v2\/product"}],"about":[{"href":"https:\/\/www.fleurop-home.ch\/fr-ch\/wp-json\/wp\/v2\/types\/product"}],"wp:featuredmedia":[{"embeddable":true,"href":"https:\/\/www.fleurop-home.ch\/fr-ch\/wp-json\/wp\/v2\/media\/71505"}],"wp:attachment":[{"href":"https:\/\/www.fleurop-home.ch\/fr-ch\/wp-json\/wp\/v2\/media?parent=70702"}],"wp:term":[{"taxonomy":"product_brand","embeddable":true,"href":"https:\/\/www.fleurop-home.ch\/fr-ch\/wp-json\/wp\/v2\/product_brand?post=70702"},{"taxonomy":"product_cat","embeddable":true,"href":"https:\/\/www.fleurop-home.ch\/fr-ch\/wp-json\/wp\/v2\/product_cat?post=70702"},{"taxonomy":"product_tag","embeddable":true,"href":"https:\/\/www.fleurop-home.ch\/fr-ch\/wp-json\/wp\/v2\/product_tag?post=70702"},{"taxonomy":"woo-feed-brand","embeddable":true,"href":"https:\/\/www.fleurop-home.ch\/fr-ch\/wp-json\/wp\/v2\/woo-feed-brand?post=70702"}],"curies":[{"name":"wp","href":"https:\/\/api.w.org\/{rel}","templated":true}]}}