{"id":70694,"date":"2025-12-10T11:52:16","date_gmt":"2025-12-10T10:52:16","guid":{"rendered":"https:\/\/www.fleurop-home.ch\/fr-ch\/?post_type=product&#038;p=70694"},"modified":"2026-02-19T09:11:58","modified_gmt":"2026-02-19T08:11:58","slug":"cloche-de-verre-danse-et-amour","status":"publish","type":"product","link":"https:\/\/www.fleurop-home.ch\/fr-ch\/p\/glasglocke-tanz-und-liebe","title":{"rendered":"Cloche en verre Danse et amour"},"content":{"rendered":"<p>Magnifique cloche en verre avec une rose rouge stabilis\u00e9e et des plantes stabilis\u00e9es s\u00e9ch\u00e9es, accompagn\u00e9es d'une jolie danseuse en verre, sans entretien et pouvant \u00eatre conserv\u00e9e plusieurs ann\u00e9es.<br \/>\nUne belle attention pour toi ou pour tes proches.<\/p>","protected":false},"excerpt":{"rendered":"<p>Roses stabilis\u00e9es sous cloche de verre<\/p>","protected":false},"featured_media":70695,"template":"","meta":[],"product_brand":[],"product_cat":[102,23,26,52,55],"product_tag":[1135],"woo-feed-brand":[],"class_list":{"0":"post-70694","1":"product","2":"type-product","3":"status-publish","4":"has-post-thumbnail","6":"product_cat-infinity-rosen","7":"product_cat-home-living","8":"product_cat-blumen-pflanzen","9":"product_cat-geschenke","10":"product_cat-blumige-geschenke","11":"product_tag-mon-reve-fleuri","13":"first","14":"instock","15":"taxable","16":"shipping-taxable","17":"purchasable","18":"product-type-simple"},"_links":{"self":[{"href":"https:\/\/www.fleurop-home.ch\/fr-ch\/wp-json\/wp\/v2\/product\/70694","targetHints":{"allow":["GET"]}}],"collection":[{"href":"https:\/\/www.fleurop-home.ch\/fr-ch\/wp-json\/wp\/v2\/product"}],"about":[{"href":"https:\/\/www.fleurop-home.ch\/fr-ch\/wp-json\/wp\/v2\/types\/product"}],"wp:featuredmedia":[{"embeddable":true,"href":"https:\/\/www.fleurop-home.ch\/fr-ch\/wp-json\/wp\/v2\/media\/70695"}],"wp:attachment":[{"href":"https:\/\/www.fleurop-home.ch\/fr-ch\/wp-json\/wp\/v2\/media?parent=70694"}],"wp:term":[{"taxonomy":"product_brand","embeddable":true,"href":"https:\/\/www.fleurop-home.ch\/fr-ch\/wp-json\/wp\/v2\/product_brand?post=70694"},{"taxonomy":"product_cat","embeddable":true,"href":"https:\/\/www.fleurop-home.ch\/fr-ch\/wp-json\/wp\/v2\/product_cat?post=70694"},{"taxonomy":"product_tag","embeddable":true,"href":"https:\/\/www.fleurop-home.ch\/fr-ch\/wp-json\/wp\/v2\/product_tag?post=70694"},{"taxonomy":"woo-feed-brand","embeddable":true,"href":"https:\/\/www.fleurop-home.ch\/fr-ch\/wp-json\/wp\/v2\/woo-feed-brand?post=70694"}],"curies":[{"name":"wp","href":"https:\/\/api.w.org\/{rel}","templated":true}]}}