{"id":7069,"date":"2020-10-20T14:48:39","date_gmt":"2020-10-20T14:48:39","guid":{"rendered":"https:\/\/www.fleurop-home.ch\/?product=gallseife-zur-behandlung-von-flecken"},"modified":"2025-04-01T06:54:24","modified_gmt":"2025-04-01T04:54:24","slug":"savon-au-fiel-pour-traiter-les-taches","status":"publish","type":"product","link":"https:\/\/www.fleurop-home.ch\/fr-ch\/p\/gallseife-zur-behandlung-von-flecken","title":{"rendered":"Savon au fiel pour traiter les taches"},"content":{"rendered":"<p style=\"text-align: left\">Un savon au fiel (100g) est ce dont tu as besoin pour des v\u00eatements impeccables ! Nettoie sans effort m\u00eame les taches les plus tenaces, comme l'encre, les fruits, la graisse, le vin, l'herbe, le chocolat et bien plus encore. Naturel, \u00e9conomique et facile \u00e0 utiliser, ce savon \u00e0 base de fiel de b\u0153uf trouvera sa place \u00e0 c\u00f4t\u00e9 de ta machine \u00e0 laver.<\/p>\n<p style=\"text-align: left\">Le savon au fiel, obtenu \u00e0 partir de bile de b\u0153uf, a la propri\u00e9t\u00e9 de d\u00e9composer les graisses, ce qui en fait un d\u00e9tachant efficace. Ce savon est livr\u00e9 dans une bo\u00eete m\u00e9tallique vintage d\u00e9cor\u00e9e par Luc Mazan, un peintre de Nyons.<\/p>\n<p style=\"text-align: left\"><strong>Mode d'emploi<\/strong><br \/>\nHumidifie l\u00e9g\u00e8rement le savon et frotte vigoureusement la tache \u00e0 enlever. Laisse agir le savon pendant 15 minutes avant de mettre le linge sale dans la machine. Tester au pr\u00e9alable sur des tissus d\u00e9licats.<\/p>\n<p style=\"text-align: left\">","protected":false},"excerpt":{"rendered":"<p>100g de savon au fiel dans une bo\u00eete m\u00e9tallique vintage qui \u00e9limine m\u00eame les taches les plus tenaces.<\/p>","protected":false},"featured_media":7070,"template":"","meta":[],"product_brand":[],"product_cat":[49,48],"product_tag":[905],"woo-feed-brand":[],"class_list":{"0":"post-7069","1":"product","2":"type-product","3":"status-publish","4":"has-post-thumbnail","6":"product_cat-seifen","7":"product_cat-bad-wellness","8":"product_tag-la-rose-dor","10":"first","11":"instock","12":"taxable","13":"shipping-taxable","14":"purchasable","15":"product-type-simple"},"_links":{"self":[{"href":"https:\/\/www.fleurop-home.ch\/fr-ch\/wp-json\/wp\/v2\/product\/7069","targetHints":{"allow":["GET"]}}],"collection":[{"href":"https:\/\/www.fleurop-home.ch\/fr-ch\/wp-json\/wp\/v2\/product"}],"about":[{"href":"https:\/\/www.fleurop-home.ch\/fr-ch\/wp-json\/wp\/v2\/types\/product"}],"wp:featuredmedia":[{"embeddable":true,"href":"https:\/\/www.fleurop-home.ch\/fr-ch\/wp-json\/wp\/v2\/media\/7070"}],"wp:attachment":[{"href":"https:\/\/www.fleurop-home.ch\/fr-ch\/wp-json\/wp\/v2\/media?parent=7069"}],"wp:term":[{"taxonomy":"product_brand","embeddable":true,"href":"https:\/\/www.fleurop-home.ch\/fr-ch\/wp-json\/wp\/v2\/product_brand?post=7069"},{"taxonomy":"product_cat","embeddable":true,"href":"https:\/\/www.fleurop-home.ch\/fr-ch\/wp-json\/wp\/v2\/product_cat?post=7069"},{"taxonomy":"product_tag","embeddable":true,"href":"https:\/\/www.fleurop-home.ch\/fr-ch\/wp-json\/wp\/v2\/product_tag?post=7069"},{"taxonomy":"woo-feed-brand","embeddable":true,"href":"https:\/\/www.fleurop-home.ch\/fr-ch\/wp-json\/wp\/v2\/woo-feed-brand?post=7069"}],"curies":[{"name":"wp","href":"https:\/\/api.w.org\/{rel}","templated":true}]}}