{"id":70651,"date":"2025-12-10T04:28:48","date_gmt":"2025-12-10T03:28:48","guid":{"rendered":"https:\/\/www.fleurop-home.ch\/de-ch\/?post_type=product&#038;p=70651"},"modified":"2026-02-19T09:11:31","modified_gmt":"2026-02-19T08:11:31","slug":"lotion-pour-le-corps-romantic-dreams","status":"publish","type":"product","link":"https:\/\/www.fleurop-home.ch\/fr-ch\/p\/bodylotion-romantic-dreams","title":{"rendered":"Lotion pour le corps R\u00eaves romantiques"},"content":{"rendered":"<p>Un petit quelque chose pour le bien-\u00eatre. Que ce soit en cadeau ou pour soi-m\u00eame, la lotion corporelle Romatic Dreams procure des moments de bien-\u00eatre.<\/p>\n<p>Contenu : 200ml<\/p>\n<p>Parfum : Tea Rose &amp; Velvet<\/p>","protected":false},"excerpt":{"rendered":"<p>Lotion pour le corps R\u00eaves romantiques<\/p>","protected":false},"featured_media":66733,"template":"","meta":[],"product_brand":[],"product_cat":[1176,1207,909,915,48],"product_tag":[1168],"woo-feed-brand":[],"class_list":{"0":"post-70651","1":"product","2":"type-product","3":"status-publish","4":"has-post-thumbnail","6":"product_cat-wohlbefinden","7":"product_cat-unter-25-chf","8":"product_cat-weihnachten","9":"product_cat-wichteln","10":"product_cat-bad-wellness","11":"product_tag-melia-atelier","13":"first","14":"instock","15":"taxable","16":"shipping-taxable","17":"purchasable","18":"product-type-simple"},"_links":{"self":[{"href":"https:\/\/www.fleurop-home.ch\/fr-ch\/wp-json\/wp\/v2\/product\/70651","targetHints":{"allow":["GET"]}}],"collection":[{"href":"https:\/\/www.fleurop-home.ch\/fr-ch\/wp-json\/wp\/v2\/product"}],"about":[{"href":"https:\/\/www.fleurop-home.ch\/fr-ch\/wp-json\/wp\/v2\/types\/product"}],"wp:featuredmedia":[{"embeddable":true,"href":"https:\/\/www.fleurop-home.ch\/fr-ch\/wp-json\/wp\/v2\/media\/66733"}],"wp:attachment":[{"href":"https:\/\/www.fleurop-home.ch\/fr-ch\/wp-json\/wp\/v2\/media?parent=70651"}],"wp:term":[{"taxonomy":"product_brand","embeddable":true,"href":"https:\/\/www.fleurop-home.ch\/fr-ch\/wp-json\/wp\/v2\/product_brand?post=70651"},{"taxonomy":"product_cat","embeddable":true,"href":"https:\/\/www.fleurop-home.ch\/fr-ch\/wp-json\/wp\/v2\/product_cat?post=70651"},{"taxonomy":"product_tag","embeddable":true,"href":"https:\/\/www.fleurop-home.ch\/fr-ch\/wp-json\/wp\/v2\/product_tag?post=70651"},{"taxonomy":"woo-feed-brand","embeddable":true,"href":"https:\/\/www.fleurop-home.ch\/fr-ch\/wp-json\/wp\/v2\/woo-feed-brand?post=70651"}],"curies":[{"name":"wp","href":"https:\/\/api.w.org\/{rel}","templated":true}]}}