{"id":70551,"date":"2025-12-08T14:14:27","date_gmt":"2025-12-08T13:14:27","guid":{"rendered":"https:\/\/www.fleurop-home.ch\/de-ch\/?post_type=product&#038;p=70551"},"modified":"2026-02-19T09:11:12","modified_gmt":"2026-02-19T08:11:12","slug":"reed-diffuseur-cone-marble-goji-amber-200ml","status":"publish","type":"product","link":"https:\/\/www.fleurop-home.ch\/fr-ch\/p\/reed-diffuser-cone-marble-goji-amber-200ml","title":{"rendered":"Reed diffuseur Cone Marble Goji &amp; Amber 200ml"},"content":{"rendered":"<h4 data-pm-slice=\"1 1 []\">Le parfum : Goji &amp; Amber<\/h4>\n<p>Ce parfum est une composition profonde et sensuelle qui allie chaleur et \u00e9nergie. <strong>Goji &amp; ambre<\/strong> combine la note fruit\u00e9e et am\u00e8re de la <strong>Baie de goji<\/strong> avec la profondeur opulente et r\u00e9sineuse de <strong>Ambre<\/strong>. Le tout est compl\u00e9t\u00e9 par des \u00e9pices subtiles et des nuances douces et bois\u00e9es. Le r\u00e9sultat est un parfum moderne et puissant qui respire le luxe et la convivialit\u00e9. Id\u00e9al pour les espaces de vie qui ont besoin d'une signature olfactive intense mais harmonieuse.<\/p>\n<p><strong>Dur\u00e9e de parfumage :<\/strong> environ 3-4 mois (selon le climat ambiant)<\/p>","protected":false},"excerpt":{"rendered":"<p data-pm-slice=\"1 1 []\">Le Reed Diffuser Cone Marble est un point fort du design moderne pour chaque pi\u00e8ce. Sa forme conique marquante avec une finition en marbre de haute qualit\u00e9 lui conf\u00e8re un aspect sculptural qui en fait un point de mire dans ton int\u00e9rieur. Les b\u00e2tonnets de parfum \u00e9l\u00e9gants assurent une diffusion fiable et contr\u00f4l\u00e9e du parfum, cr\u00e9ant ainsi une atmosph\u00e8re chaleureuse et accueillante en continu - sans flamme ouverte.<\/p>","protected":false},"featured_media":70553,"template":"","meta":[],"product_brand":[],"product_cat":[51,48],"product_tag":[1094],"woo-feed-brand":[],"class_list":{"0":"post-70551","1":"product","2":"type-product","3":"status-publish","4":"has-post-thumbnail","6":"product_cat-raumduefte","7":"product_cat-bad-wellness","8":"product_tag-corinas","10":"first","11":"instock","12":"taxable","13":"shipping-taxable","14":"purchasable","15":"product-type-simple"},"_links":{"self":[{"href":"https:\/\/www.fleurop-home.ch\/fr-ch\/wp-json\/wp\/v2\/product\/70551","targetHints":{"allow":["GET"]}}],"collection":[{"href":"https:\/\/www.fleurop-home.ch\/fr-ch\/wp-json\/wp\/v2\/product"}],"about":[{"href":"https:\/\/www.fleurop-home.ch\/fr-ch\/wp-json\/wp\/v2\/types\/product"}],"wp:featuredmedia":[{"embeddable":true,"href":"https:\/\/www.fleurop-home.ch\/fr-ch\/wp-json\/wp\/v2\/media\/70553"}],"wp:attachment":[{"href":"https:\/\/www.fleurop-home.ch\/fr-ch\/wp-json\/wp\/v2\/media?parent=70551"}],"wp:term":[{"taxonomy":"product_brand","embeddable":true,"href":"https:\/\/www.fleurop-home.ch\/fr-ch\/wp-json\/wp\/v2\/product_brand?post=70551"},{"taxonomy":"product_cat","embeddable":true,"href":"https:\/\/www.fleurop-home.ch\/fr-ch\/wp-json\/wp\/v2\/product_cat?post=70551"},{"taxonomy":"product_tag","embeddable":true,"href":"https:\/\/www.fleurop-home.ch\/fr-ch\/wp-json\/wp\/v2\/product_tag?post=70551"},{"taxonomy":"woo-feed-brand","embeddable":true,"href":"https:\/\/www.fleurop-home.ch\/fr-ch\/wp-json\/wp\/v2\/woo-feed-brand?post=70551"}],"curies":[{"name":"wp","href":"https:\/\/api.w.org\/{rel}","templated":true}]}}