{"id":7055,"date":"2020-10-20T12:47:05","date_gmt":"2020-10-20T12:47:05","guid":{"rendered":"https:\/\/www.fleurop-home.ch\/?product=vase-palm-graue-farbe-grosse-m"},"modified":"2025-10-22T13:30:25","modified_gmt":"2025-10-22T11:30:25","slug":"vase-palmier-couleur-grise-grand-m","status":"publish","type":"product","link":"https:\/\/www.fleurop-home.ch\/fr-ch\/p\/vase-palm-graue-farbe-grosse-m","title":{"rendered":"Vase Palm couleur grise Taille (M)"},"content":{"rendered":"<p>Ce beau vase en c\u00e9ramique est tr\u00e8s esth\u00e9tique et d\u00e9corera ton int\u00e9rieur. Avec ses lignes \u00e9pur\u00e9es et ses couleurs sobres, il apporte une touche de modernit\u00e9 \u00e0 n'importe quelle ambiance.<\/p>\n<p>Que ce soit pour ta maison ou comme cadeau pour un \u00eatre cher, elle ravira tout le monde.<\/p>","protected":false},"excerpt":{"rendered":"<p>Vase en c\u00e9ramique gris \u00d8 21,90\u00d712,70\u00d719,30<\/p>","protected":false},"featured_media":7056,"template":"","meta":[],"product_brand":[],"product_cat":[27,23,1197],"product_tag":[905],"woo-feed-brand":[],"class_list":{"0":"post-7055","1":"product","2":"type-product","3":"status-publish","4":"has-post-thumbnail","6":"product_cat-vasen-gefaesse","7":"product_cat-home-living","8":"product_cat-vasen","9":"product_tag-la-rose-dor","11":"first","12":"instock","13":"taxable","14":"shipping-taxable","15":"purchasable","16":"product-type-simple"},"_links":{"self":[{"href":"https:\/\/www.fleurop-home.ch\/fr-ch\/wp-json\/wp\/v2\/product\/7055","targetHints":{"allow":["GET"]}}],"collection":[{"href":"https:\/\/www.fleurop-home.ch\/fr-ch\/wp-json\/wp\/v2\/product"}],"about":[{"href":"https:\/\/www.fleurop-home.ch\/fr-ch\/wp-json\/wp\/v2\/types\/product"}],"wp:featuredmedia":[{"embeddable":true,"href":"https:\/\/www.fleurop-home.ch\/fr-ch\/wp-json\/wp\/v2\/media\/7056"}],"wp:attachment":[{"href":"https:\/\/www.fleurop-home.ch\/fr-ch\/wp-json\/wp\/v2\/media?parent=7055"}],"wp:term":[{"taxonomy":"product_brand","embeddable":true,"href":"https:\/\/www.fleurop-home.ch\/fr-ch\/wp-json\/wp\/v2\/product_brand?post=7055"},{"taxonomy":"product_cat","embeddable":true,"href":"https:\/\/www.fleurop-home.ch\/fr-ch\/wp-json\/wp\/v2\/product_cat?post=7055"},{"taxonomy":"product_tag","embeddable":true,"href":"https:\/\/www.fleurop-home.ch\/fr-ch\/wp-json\/wp\/v2\/product_tag?post=7055"},{"taxonomy":"woo-feed-brand","embeddable":true,"href":"https:\/\/www.fleurop-home.ch\/fr-ch\/wp-json\/wp\/v2\/woo-feed-brand?post=7055"}],"curies":[{"name":"wp","href":"https:\/\/api.w.org\/{rel}","templated":true}]}}