{"id":69760,"date":"2025-11-27T23:04:36","date_gmt":"2025-11-27T22:04:36","guid":{"rendered":"https:\/\/www.fleurop-home.ch\/de-ch\/?post_type=product&#038;p=69760"},"modified":"2026-03-18T13:54:43","modified_gmt":"2026-03-18T12:54:43","slug":"plateau-en-bois-de-bouleau-juice-of-the-day-34-x-24-cm","status":"publish","type":"product","link":"https:\/\/www.fleurop-home.ch\/fr-ch\/p\/tablett-aus-birkenholz-juice-of-the-day-34-x-24-cm","title":{"rendered":"Plateau en bois de bouleau \u201aJuice of the Day\u2018, 34 x 24 cm"},"content":{"rendered":"<p><em>Le jus du jour<\/em><br \/>\nUne f\u00eate de la couleur - juteuse, insolente et inond\u00e9e de soleil. Comme un jus de fruit fra\u00eechement press\u00e9 sur une longue table de petit-d\u00e9jeuner, plein de joie de vivre et d'\u00e9nergie.<\/p>\n<p>Cette taille rectangulaire est id\u00e9ale pour la pause caf\u00e9 quotidienne \u00e0 deux. Chaque plateau est fabriqu\u00e9 \u00e0 la main en Su\u00e8de \u00e0 partir d'un placage de bouleau durable de haute qualit\u00e9, il est approuv\u00e9 pour le contact avec les aliments, il r\u00e9siste \u00e0 la chaleur et aux taches et peut \u00eatre lav\u00e9 en toute s\u00e9curit\u00e9 au lave-vaisselle.<\/p>\n<p>Transforme les moments ordinaires en exp\u00e9riences extraordinaires avec ce plateau classique.<\/p>\n<p style=\"text-align: left\"><em>Cr\u00e9ateur :<\/em> Andreas Frei\/HappyTrays<\/p>\n<p style=\"text-align: left\"><em>Mat\u00e9riel :<\/em> Placage bouleau, rev\u00eatement m\u00e9lamine<\/p>\n<p style=\"text-align: left\"><em>Mod\u00e8le :<\/em>\u00a0Le jus du jour<\/p>\n<p style=\"text-align: left\"><em>Forme :<\/em> Rectangulaire<\/p>\n<p style=\"text-align: left\"><em>La taille :<\/em> 34 x 24 cm<\/p>","protected":false},"excerpt":{"rendered":"<p>Plateau de haute qualit\u00e9 en bois de bouleau durable avec un design vivant en \u00e9dition limit\u00e9e. Con\u00e7u en Suisse, fabriqu\u00e9 \u00e0 la main en Su\u00e8de. 34 x 24 cm.<\/p>","protected":false},"featured_media":69763,"template":"","meta":[],"product_brand":[],"product_cat":[1108,1022,797,1019,1018,42,1104,43],"product_tag":[314],"woo-feed-brand":[],"class_list":{"0":"post-69760","1":"product","2":"type-product","3":"status-publish","4":"has-post-thumbnail","6":"product_cat-tabletts","7":"product_cat-brunch","8":"product_cat-muttertag","9":"product_cat-osterbrunch","10":"product_cat-ostern","11":"product_cat-kueche","12":"product_cat-tischakzente","13":"product_cat-gedeckter-tisch","14":"product_tag-happytrays","16":"first","17":"instock","18":"taxable","19":"shipping-taxable","20":"purchasable","21":"product-type-simple"},"_links":{"self":[{"href":"https:\/\/www.fleurop-home.ch\/fr-ch\/wp-json\/wp\/v2\/product\/69760","targetHints":{"allow":["GET"]}}],"collection":[{"href":"https:\/\/www.fleurop-home.ch\/fr-ch\/wp-json\/wp\/v2\/product"}],"about":[{"href":"https:\/\/www.fleurop-home.ch\/fr-ch\/wp-json\/wp\/v2\/types\/product"}],"wp:featuredmedia":[{"embeddable":true,"href":"https:\/\/www.fleurop-home.ch\/fr-ch\/wp-json\/wp\/v2\/media\/69763"}],"wp:attachment":[{"href":"https:\/\/www.fleurop-home.ch\/fr-ch\/wp-json\/wp\/v2\/media?parent=69760"}],"wp:term":[{"taxonomy":"product_brand","embeddable":true,"href":"https:\/\/www.fleurop-home.ch\/fr-ch\/wp-json\/wp\/v2\/product_brand?post=69760"},{"taxonomy":"product_cat","embeddable":true,"href":"https:\/\/www.fleurop-home.ch\/fr-ch\/wp-json\/wp\/v2\/product_cat?post=69760"},{"taxonomy":"product_tag","embeddable":true,"href":"https:\/\/www.fleurop-home.ch\/fr-ch\/wp-json\/wp\/v2\/product_tag?post=69760"},{"taxonomy":"woo-feed-brand","embeddable":true,"href":"https:\/\/www.fleurop-home.ch\/fr-ch\/wp-json\/wp\/v2\/woo-feed-brand?post=69760"}],"curies":[{"name":"wp","href":"https:\/\/api.w.org\/{rel}","templated":true}]}}