{"id":69753,"date":"2025-11-27T22:53:22","date_gmt":"2025-11-27T21:53:22","guid":{"rendered":"https:\/\/www.fleurop-home.ch\/de-ch\/?post_type=product&#038;p=69753"},"modified":"2025-12-01T10:32:41","modified_gmt":"2025-12-01T09:32:41","slug":"plateau-en-bois-de-bouleau-leaves-34-x-24-cm","status":"publish","type":"product","link":"https:\/\/www.fleurop-home.ch\/fr-ch\/p\/tablett-aus-birkenholz-leaves-34-x-24-cm","title":{"rendered":"Plateau en bois de bouleau \u201aLeaves\u2018, 34 x 24 cm"},"content":{"rendered":"<p><em>Leaves<\/em><br \/>\nest l'un de nos designs inspir\u00e9s de la for\u00eat avec des tons terreux. Parfait pour ceux qui souhaitent cr\u00e9er un lien harmonieux entre leur int\u00e9rieur et le monde ext\u00e9rieur naturel.<\/p>\n<p>Cette taille rectangulaire est id\u00e9ale pour la pause caf\u00e9 quotidienne \u00e0 deux. Chaque plateau est fabriqu\u00e9 \u00e0 la main en Su\u00e8de \u00e0 partir d'un placage de bouleau durable de haute qualit\u00e9, il est approuv\u00e9 pour le contact avec les aliments, il r\u00e9siste \u00e0 la chaleur et aux taches et peut \u00eatre lav\u00e9 en toute s\u00e9curit\u00e9 au lave-vaisselle.<\/p>\n<p>Transforme les moments ordinaires en exp\u00e9riences extraordinaires avec ce plateau classique.<\/p>\n<p style=\"text-align: left\"><em>Cr\u00e9ateur :<\/em> Andreas Frei\/HappyTrays<\/p>\n<p style=\"text-align: left\"><em>Mat\u00e9riel :<\/em> Placage bouleau, rev\u00eatement m\u00e9lamine<\/p>\n<p style=\"text-align: left\"><em>Mod\u00e8le :<\/em>\u00a0Leaves<\/p>\n<p style=\"text-align: left\"><em>Forme :<\/em> Rectangulaire<\/p>\n<p style=\"text-align: left\"><em>La taille :<\/em> 34 x 24 cm<\/p>","protected":false},"excerpt":{"rendered":"<p>Plateau de haute qualit\u00e9 en bois de bouleau durable avec un design vivant en \u00e9dition limit\u00e9e. Con\u00e7u en Suisse, fabriqu\u00e9 \u00e0 la main en Su\u00e8de. 34 x 24 cm.<\/p>","protected":false},"featured_media":69755,"template":"","meta":[],"product_brand":[],"product_cat":[1108,1022,797,1208,909,915,42,1104,43],"product_tag":[314],"woo-feed-brand":[],"class_list":{"0":"post-69753","1":"product","2":"type-product","3":"status-publish","4":"has-post-thumbnail","6":"product_cat-tabletts","7":"product_cat-brunch","8":"product_cat-muttertag","9":"product_cat-ueber-25-chf","10":"product_cat-weihnachten","11":"product_cat-wichteln","12":"product_cat-kueche","13":"product_cat-tischakzente","14":"product_cat-gedeckter-tisch","15":"product_tag-happytrays","17":"first","18":"instock","19":"taxable","20":"shipping-taxable","21":"purchasable","22":"product-type-simple"},"_links":{"self":[{"href":"https:\/\/www.fleurop-home.ch\/fr-ch\/wp-json\/wp\/v2\/product\/69753","targetHints":{"allow":["GET"]}}],"collection":[{"href":"https:\/\/www.fleurop-home.ch\/fr-ch\/wp-json\/wp\/v2\/product"}],"about":[{"href":"https:\/\/www.fleurop-home.ch\/fr-ch\/wp-json\/wp\/v2\/types\/product"}],"wp:featuredmedia":[{"embeddable":true,"href":"https:\/\/www.fleurop-home.ch\/fr-ch\/wp-json\/wp\/v2\/media\/69755"}],"wp:attachment":[{"href":"https:\/\/www.fleurop-home.ch\/fr-ch\/wp-json\/wp\/v2\/media?parent=69753"}],"wp:term":[{"taxonomy":"product_brand","embeddable":true,"href":"https:\/\/www.fleurop-home.ch\/fr-ch\/wp-json\/wp\/v2\/product_brand?post=69753"},{"taxonomy":"product_cat","embeddable":true,"href":"https:\/\/www.fleurop-home.ch\/fr-ch\/wp-json\/wp\/v2\/product_cat?post=69753"},{"taxonomy":"product_tag","embeddable":true,"href":"https:\/\/www.fleurop-home.ch\/fr-ch\/wp-json\/wp\/v2\/product_tag?post=69753"},{"taxonomy":"woo-feed-brand","embeddable":true,"href":"https:\/\/www.fleurop-home.ch\/fr-ch\/wp-json\/wp\/v2\/woo-feed-brand?post=69753"}],"curies":[{"name":"wp","href":"https:\/\/api.w.org\/{rel}","templated":true}]}}