{"id":6965,"date":"2020-09-30T15:53:49","date_gmt":"2020-09-30T15:53:49","guid":{"rendered":"https:\/\/www.fleurop-home.ch\/?product=craft-beer-socks"},"modified":"2025-11-04T09:02:56","modified_gmt":"2025-11-04T08:02:56","slug":"chaussettes-de-biere-artisanale","status":"publish","type":"product","link":"https:\/\/www.fleurop-home.ch\/fr-ch\/p\/craft-beer-socks","title":{"rendered":"Chaussettes Craft Beer"},"content":{"rendered":"<p>Les Craft Beer Socks te donneront le sourire chaque matin.<\/p>\n<p>80% coton, 17% polyamide, 3% \u00e9lasthanne<\/p>","protected":false},"excerpt":{"rendered":"<p>ManyMornings - Chaussettes color\u00e9es d\u00e9pareill\u00e9es<\/p>","protected":false},"featured_media":37411,"template":"","meta":[],"product_brand":[],"product_cat":[56,1002,999,1088,1092,52],"product_tag":[298],"woo-feed-brand":[],"class_list":{"0":"post-6965","1":"product","2":"type-product","3":"status-publish","4":"has-post-thumbnail","6":"product_cat-bunte-socken","7":"product_cat-fuer-ihn","8":"product_cat-valentinstag","9":"product_cat-vatertag","10":"product_cat-wohlfuehltyp","11":"product_cat-geschenke","12":"product_tag-sportagon-gmbh","14":"first","15":"instock","16":"taxable","17":"shipping-taxable","18":"purchasable","19":"product-type-variable"},"_links":{"self":[{"href":"https:\/\/www.fleurop-home.ch\/fr-ch\/wp-json\/wp\/v2\/product\/6965","targetHints":{"allow":["GET"]}}],"collection":[{"href":"https:\/\/www.fleurop-home.ch\/fr-ch\/wp-json\/wp\/v2\/product"}],"about":[{"href":"https:\/\/www.fleurop-home.ch\/fr-ch\/wp-json\/wp\/v2\/types\/product"}],"wp:featuredmedia":[{"embeddable":true,"href":"https:\/\/www.fleurop-home.ch\/fr-ch\/wp-json\/wp\/v2\/media\/37411"}],"wp:attachment":[{"href":"https:\/\/www.fleurop-home.ch\/fr-ch\/wp-json\/wp\/v2\/media?parent=6965"}],"wp:term":[{"taxonomy":"product_brand","embeddable":true,"href":"https:\/\/www.fleurop-home.ch\/fr-ch\/wp-json\/wp\/v2\/product_brand?post=6965"},{"taxonomy":"product_cat","embeddable":true,"href":"https:\/\/www.fleurop-home.ch\/fr-ch\/wp-json\/wp\/v2\/product_cat?post=6965"},{"taxonomy":"product_tag","embeddable":true,"href":"https:\/\/www.fleurop-home.ch\/fr-ch\/wp-json\/wp\/v2\/product_tag?post=6965"},{"taxonomy":"woo-feed-brand","embeddable":true,"href":"https:\/\/www.fleurop-home.ch\/fr-ch\/wp-json\/wp\/v2\/woo-feed-brand?post=6965"}],"curies":[{"name":"wp","href":"https:\/\/api.w.org\/{rel}","templated":true}]}}