{"id":69454,"date":"2025-11-26T08:58:08","date_gmt":"2025-11-26T07:58:08","guid":{"rendered":"https:\/\/www.fleurop-home.ch\/de-ch\/?post_type=product&#038;p=69454"},"modified":"2026-02-19T09:07:34","modified_gmt":"2026-02-19T08:07:34","slug":"set-de-bain-winter-spa","status":"publish","type":"product","link":"https:\/\/www.fleurop-home.ch\/fr-ch\/p\/badeset-winter-spa","title":{"rendered":"Set de bain Winter Spa"},"content":{"rendered":"<p>Set de bain WINTER SPA dans une bo\u00eete cadeau, incluant un gel douche de 200 ml &amp; un chandelier en forme d'arbre.<\/p>\n<p>Parfum : Fresh Pine &amp; Winter Berries<\/p>","protected":false},"excerpt":{"rendered":"<p>Faire du bien \u00e0 un \u00eatre cher ou \u00e0 soi-m\u00eame. Avec le spa d'hiver, y compris le chandelier en forme d'arbre, pour un moment de bien-\u00eatre.<\/p>","protected":false},"featured_media":66740,"template":"","meta":[],"product_brand":[],"product_cat":[50,1208,909,916,915,48],"product_tag":[1168],"woo-feed-brand":[],"class_list":{"0":"post-69454","1":"product","2":"type-product","3":"status-publish","4":"has-post-thumbnail","6":"product_cat-badezubehoer","7":"product_cat-ueber-25-chf","8":"product_cat-weihnachten","9":"product_cat-praesente","10":"product_cat-wichteln","11":"product_cat-bad-wellness","12":"product_tag-melia-atelier","14":"first","15":"instock","16":"taxable","17":"shipping-taxable","18":"purchasable","19":"product-type-simple"},"_links":{"self":[{"href":"https:\/\/www.fleurop-home.ch\/fr-ch\/wp-json\/wp\/v2\/product\/69454","targetHints":{"allow":["GET"]}}],"collection":[{"href":"https:\/\/www.fleurop-home.ch\/fr-ch\/wp-json\/wp\/v2\/product"}],"about":[{"href":"https:\/\/www.fleurop-home.ch\/fr-ch\/wp-json\/wp\/v2\/types\/product"}],"wp:featuredmedia":[{"embeddable":true,"href":"https:\/\/www.fleurop-home.ch\/fr-ch\/wp-json\/wp\/v2\/media\/66740"}],"wp:attachment":[{"href":"https:\/\/www.fleurop-home.ch\/fr-ch\/wp-json\/wp\/v2\/media?parent=69454"}],"wp:term":[{"taxonomy":"product_brand","embeddable":true,"href":"https:\/\/www.fleurop-home.ch\/fr-ch\/wp-json\/wp\/v2\/product_brand?post=69454"},{"taxonomy":"product_cat","embeddable":true,"href":"https:\/\/www.fleurop-home.ch\/fr-ch\/wp-json\/wp\/v2\/product_cat?post=69454"},{"taxonomy":"product_tag","embeddable":true,"href":"https:\/\/www.fleurop-home.ch\/fr-ch\/wp-json\/wp\/v2\/product_tag?post=69454"},{"taxonomy":"woo-feed-brand","embeddable":true,"href":"https:\/\/www.fleurop-home.ch\/fr-ch\/wp-json\/wp\/v2\/woo-feed-brand?post=69454"}],"curies":[{"name":"wp","href":"https:\/\/api.w.org\/{rel}","templated":true}]}}