{"id":6941,"date":"2020-09-25T07:23:48","date_gmt":"2020-09-25T07:23:48","guid":{"rendered":"https:\/\/www.fleurop-home.ch\/?product=plant-lover-socks"},"modified":"2026-05-06T16:26:39","modified_gmt":"2026-05-06T14:26:39","slug":"chaussettes-plant-lover","status":"publish","type":"product","link":"https:\/\/www.fleurop-home.ch\/fr-ch\/p\/plant-lover-socks","title":{"rendered":"Chaussettes Plant Lover"},"content":{"rendered":"<p>Les chaussettes Plant Lover mettent un sourire sur ton visage chaque matin.<\/p>\n<p>80% coton, 17% polyamide, 3% \u00e9lasthanne<\/p>","protected":false},"excerpt":{"rendered":"<p>ManyMornings - Chaussettes color\u00e9es d\u00e9pareill\u00e9es<\/p>","protected":false},"featured_media":6942,"template":"","meta":[],"product_brand":[],"product_cat":[56,1023,910,797,1207,909,915,52],"product_tag":[1274,298],"woo-feed-brand":[],"class_list":{"0":"post-6941","1":"product","2":"type-product","3":"status-publish","4":"has-post-thumbnail","6":"product_cat-bunte-socken","7":"product_cat-fuer-mama","8":"product_cat-geschenkideen","9":"product_cat-muttertag","10":"product_cat-unter-25-chf","11":"product_cat-weihnachten","12":"product_cat-wichteln","13":"product_cat-geschenke","14":"product_tag-pos","15":"product_tag-sportagon-gmbh","17":"first","18":"instock","19":"featured","20":"taxable","21":"shipping-taxable","22":"purchasable","23":"product-type-variable"},"_links":{"self":[{"href":"https:\/\/www.fleurop-home.ch\/fr-ch\/wp-json\/wp\/v2\/product\/6941","targetHints":{"allow":["GET"]}}],"collection":[{"href":"https:\/\/www.fleurop-home.ch\/fr-ch\/wp-json\/wp\/v2\/product"}],"about":[{"href":"https:\/\/www.fleurop-home.ch\/fr-ch\/wp-json\/wp\/v2\/types\/product"}],"wp:featuredmedia":[{"embeddable":true,"href":"https:\/\/www.fleurop-home.ch\/fr-ch\/wp-json\/wp\/v2\/media\/6942"}],"wp:attachment":[{"href":"https:\/\/www.fleurop-home.ch\/fr-ch\/wp-json\/wp\/v2\/media?parent=6941"}],"wp:term":[{"taxonomy":"product_brand","embeddable":true,"href":"https:\/\/www.fleurop-home.ch\/fr-ch\/wp-json\/wp\/v2\/product_brand?post=6941"},{"taxonomy":"product_cat","embeddable":true,"href":"https:\/\/www.fleurop-home.ch\/fr-ch\/wp-json\/wp\/v2\/product_cat?post=6941"},{"taxonomy":"product_tag","embeddable":true,"href":"https:\/\/www.fleurop-home.ch\/fr-ch\/wp-json\/wp\/v2\/product_tag?post=6941"},{"taxonomy":"woo-feed-brand","embeddable":true,"href":"https:\/\/www.fleurop-home.ch\/fr-ch\/wp-json\/wp\/v2\/woo-feed-brand?post=6941"}],"curies":[{"name":"wp","href":"https:\/\/api.w.org\/{rel}","templated":true}]}}