{"id":69365,"date":"2025-11-25T15:13:29","date_gmt":"2025-11-25T14:13:29","guid":{"rendered":"https:\/\/www.fleurop-home.ch\/de-ch\/?post_type=product&#038;p=69365"},"modified":"2026-03-11T16:36:33","modified_gmt":"2026-03-11T15:36:33","slug":"aura-petit-bol-design","status":"publish","type":"product","link":"https:\/\/www.fleurop-home.ch\/fr-ch\/p\/aura-kleine-designschale","title":{"rendered":"Aura - Petit bol design"},"content":{"rendered":"<p data-start=\"1146\" data-end=\"1437\"><strong>La coupe Aura est un accessoire d'int\u00e9rieur minimaliste pour les petits moments de la vie quotidienne.<\/strong><br data-start=\"1230\" data-end=\"1233\" \/>Moul\u00e9e \u00e0 la main en Suisse \u00e0 partir d'un \u00e9co-composite min\u00e9ral, chaque pi\u00e8ce est soigneusement ponc\u00e9e et scell\u00e9e. La surface mate cr\u00e8me conf\u00e8re \u00e0 la coupe un aspect calme et intemporel.<\/p>\n<p data-start=\"1146\" data-end=\"1437\">La taille est d'environ 12 \u00d7 9 \u00d7 6 cm, avec une largeur int\u00e9rieure d'environ 7,7 cm - id\u00e9al si tu cherches une petite coupe fonctionnelle mais \u00e9l\u00e9gante.<\/p>\n<p data-start=\"1439\" data-end=\"1651\">Id\u00e9al comme coupe \u00e0 bijoux, pour les cl\u00e9s, les bougies, les petits accessoires ou comme accent subtil sur une table de nuit, une \u00e9tag\u00e8re ou un sideboard.<br data-start=\"1566\" data-end=\"1569\" \/>Compact, polyvalent et parfait pour ceux qui appr\u00e9cient les designs simples et modernes.<\/p>\n<p data-start=\"1254\" data-end=\"1280\"><strong data-start=\"1257\" data-end=\"1278\">Mat\u00e9riel et entretien<\/strong><\/p>\n<ul data-start=\"1281\" data-end=\"1482\">\n<li data-start=\"1281\" data-end=\"1316\">\n<p data-start=\"1283\" data-end=\"1316\">Eco-composite min\u00e9ral<\/p>\n<\/li>\n<li data-start=\"1317\" data-end=\"1348\">\n<p data-start=\"1319\" data-end=\"1348\">Moul\u00e9 \u00e0 la main et scell\u00e9<\/p>\n<\/li>\n<li data-start=\"1349\" data-end=\"1416\">\n<p data-start=\"1351\" data-end=\"1416\">Nettoyer avec un chiffon doux et sec ou l\u00e9g\u00e8rement humide<\/p>\n<\/li>\n<li data-start=\"1417\" data-end=\"1448\">\n<p data-start=\"1419\" data-end=\"1448\">Ne passe pas au lave-vaisselle<\/p>\n<\/li>\n<li data-start=\"1449\" data-end=\"1482\">\n<p data-start=\"1451\" data-end=\"1482\">Ne convient pas pour les aliments<\/p>\n<\/li>\n<\/ul>","protected":false},"excerpt":{"rendered":"<p>Une petite coupe design faite \u00e0 la main en \u00e9co-composite min\u00e9ral. Avec sa surface lisse et mate en cr\u00e8me, Aura est parfaite pour les bijoux, les cl\u00e9s ou comme objet de d\u00e9coration discret.<\/p>","protected":false},"featured_media":71311,"template":"","meta":[],"product_brand":[],"product_cat":[1190,23,32,30],"product_tag":[1218],"woo-feed-brand":[],"class_list":{"0":"post-69365","1":"product","2":"type-product","3":"status-publish","4":"has-post-thumbnail","6":"product_cat-dekoobjekte","7":"product_cat-home-living","8":"product_cat-aufbewahrung","9":"product_cat-deko-accessoires","10":"product_tag-hw-designs","12":"first","13":"instock","14":"taxable","15":"shipping-taxable","16":"purchasable","17":"product-type-simple"},"_links":{"self":[{"href":"https:\/\/www.fleurop-home.ch\/fr-ch\/wp-json\/wp\/v2\/product\/69365","targetHints":{"allow":["GET"]}}],"collection":[{"href":"https:\/\/www.fleurop-home.ch\/fr-ch\/wp-json\/wp\/v2\/product"}],"about":[{"href":"https:\/\/www.fleurop-home.ch\/fr-ch\/wp-json\/wp\/v2\/types\/product"}],"wp:featuredmedia":[{"embeddable":true,"href":"https:\/\/www.fleurop-home.ch\/fr-ch\/wp-json\/wp\/v2\/media\/71311"}],"wp:attachment":[{"href":"https:\/\/www.fleurop-home.ch\/fr-ch\/wp-json\/wp\/v2\/media?parent=69365"}],"wp:term":[{"taxonomy":"product_brand","embeddable":true,"href":"https:\/\/www.fleurop-home.ch\/fr-ch\/wp-json\/wp\/v2\/product_brand?post=69365"},{"taxonomy":"product_cat","embeddable":true,"href":"https:\/\/www.fleurop-home.ch\/fr-ch\/wp-json\/wp\/v2\/product_cat?post=69365"},{"taxonomy":"product_tag","embeddable":true,"href":"https:\/\/www.fleurop-home.ch\/fr-ch\/wp-json\/wp\/v2\/product_tag?post=69365"},{"taxonomy":"woo-feed-brand","embeddable":true,"href":"https:\/\/www.fleurop-home.ch\/fr-ch\/wp-json\/wp\/v2\/woo-feed-brand?post=69365"}],"curies":[{"name":"wp","href":"https:\/\/api.w.org\/{rel}","templated":true}]}}