{"id":69116,"date":"2025-11-24T13:50:06","date_gmt":"2025-11-24T12:50:06","guid":{"rendered":"https:\/\/www.fleurop-home.ch\/de-ch\/?post_type=product&#038;p=69116"},"modified":"2026-04-01T13:44:35","modified_gmt":"2026-04-01T11:44:35","slug":"haven-plateau-ovale-tray","status":"publish","type":"product","link":"https:\/\/www.fleurop-home.ch\/fr-ch\/p\/haven-ovaler-ablage-tray","title":{"rendered":"Haven - Plateau de rangement ovale"},"content":{"rendered":"<p data-start=\"742\" data-end=\"1062\"><strong>Le Haven Tray est un rangement simple et moderne pour les bijoux, les cl\u00e9s ou les petits essentiels.<\/strong> Moul\u00e9e \u00e0 la main en Suisse \u00e0 partir d'un \u00e9co-composite min\u00e9ral, chaque pi\u00e8ce est soigneusement ponc\u00e9e et scell\u00e9e. La surface lisse et mate dans un ton cr\u00e8me chaud s'int\u00e8gre harmonieusement dans tous les int\u00e9rieurs.<\/p>\n<p data-start=\"1064\" data-end=\"1306\">Que ce soit sur la table de nuit, dans la salle de bain, sur le bureau ou dans l'entr\u00e9e, Haven apporte de l'ordre, de la tranquillit\u00e9 et une touche de design discr\u00e8te dans la vie quotidienne. Une pi\u00e8ce polyvalente pour tous ceux qui appr\u00e9cient le design int\u00e9rieur minimaliste et durable.<\/p>\n<p data-start=\"1313\" data-end=\"1339\"><strong data-start=\"1316\" data-end=\"1337\">Mat\u00e9riel et entretien<\/strong><\/p>\n<ul data-start=\"1340\" data-end=\"1541\">\n<li data-start=\"1340\" data-end=\"1375\">\n<p data-start=\"1342\" data-end=\"1375\">Eco-composite min\u00e9ral<\/p>\n<\/li>\n<li data-start=\"1376\" data-end=\"1407\">\n<p data-start=\"1378\" data-end=\"1407\">Moul\u00e9 \u00e0 la main et scell\u00e9<\/p>\n<\/li>\n<li data-start=\"1408\" data-end=\"1475\">\n<p data-start=\"1410\" data-end=\"1475\">Nettoyer avec un chiffon doux et sec ou l\u00e9g\u00e8rement humide<\/p>\n<\/li>\n<li data-start=\"1476\" data-end=\"1507\">\n<p data-start=\"1478\" data-end=\"1507\">Ne passe pas au lave-vaisselle<\/p>\n<\/li>\n<li data-start=\"1508\" data-end=\"1541\">\n<p data-start=\"1510\" data-end=\"1541\">Ne convient pas pour les aliments<\/p>\n<\/li>\n<\/ul>","protected":false},"excerpt":{"rendered":"<p>Un plateau minimaliste fait \u00e0 la main en \u00e9co-composite min\u00e9ral. Avec son doux <span class=\"Y2IQFc\" lang=\"de\">ovale <\/span>Sa forme et sa surface lisse et mate en cr\u00e8me sont id\u00e9ales pour les petits objets du quotidien.<\/p>","protected":false},"featured_media":71286,"template":"","meta":[],"product_brand":[],"product_cat":[1190,23,797,1024,32,30],"product_tag":[1218],"woo-feed-brand":[],"class_list":{"0":"post-69116","1":"product","2":"type-product","3":"status-publish","4":"has-post-thumbnail","6":"product_cat-dekoobjekte","7":"product_cat-home-living","8":"product_cat-muttertag","9":"product_cat-muttertagsdeko","10":"product_cat-aufbewahrung","11":"product_cat-deko-accessoires","12":"product_tag-hw-designs","14":"first","15":"instock","16":"taxable","17":"shipping-taxable","18":"purchasable","19":"product-type-simple"},"_links":{"self":[{"href":"https:\/\/www.fleurop-home.ch\/fr-ch\/wp-json\/wp\/v2\/product\/69116","targetHints":{"allow":["GET"]}}],"collection":[{"href":"https:\/\/www.fleurop-home.ch\/fr-ch\/wp-json\/wp\/v2\/product"}],"about":[{"href":"https:\/\/www.fleurop-home.ch\/fr-ch\/wp-json\/wp\/v2\/types\/product"}],"wp:featuredmedia":[{"embeddable":true,"href":"https:\/\/www.fleurop-home.ch\/fr-ch\/wp-json\/wp\/v2\/media\/71286"}],"wp:attachment":[{"href":"https:\/\/www.fleurop-home.ch\/fr-ch\/wp-json\/wp\/v2\/media?parent=69116"}],"wp:term":[{"taxonomy":"product_brand","embeddable":true,"href":"https:\/\/www.fleurop-home.ch\/fr-ch\/wp-json\/wp\/v2\/product_brand?post=69116"},{"taxonomy":"product_cat","embeddable":true,"href":"https:\/\/www.fleurop-home.ch\/fr-ch\/wp-json\/wp\/v2\/product_cat?post=69116"},{"taxonomy":"product_tag","embeddable":true,"href":"https:\/\/www.fleurop-home.ch\/fr-ch\/wp-json\/wp\/v2\/product_tag?post=69116"},{"taxonomy":"woo-feed-brand","embeddable":true,"href":"https:\/\/www.fleurop-home.ch\/fr-ch\/wp-json\/wp\/v2\/woo-feed-brand?post=69116"}],"curies":[{"name":"wp","href":"https:\/\/api.w.org\/{rel}","templated":true}]}}