{"id":6900,"date":"2020-09-17T15:38:44","date_gmt":"2020-09-17T15:38:44","guid":{"rendered":"https:\/\/www.fleurop-home.ch\/?product=trockenblumen-rittersporn-dunkelblau-15-stiel"},"modified":"2025-04-01T06:55:36","modified_gmt":"2025-04-01T04:55:36","slug":"fleurs-seches-eperon-de-cheval-bleu-fonce-15-tiges","status":"publish","type":"product","link":"https:\/\/www.fleurop-home.ch\/fr-ch\/p\/trockenblumen-rittersporn-dunkelblau-15-stiel","title":{"rendered":"Fleurs s\u00e9ch\u00e9es Pied d'alouette bleu fonc\u00e9 15 tiges"},"content":{"rendered":"<p><strong>Bouquet de fleurs s\u00e9ch\u00e9es<\/strong><\/p>\n<p>La fleur s\u00e9ch\u00e9e poussi\u00e9reuse est de retour et fait sa grande entr\u00e9e.<\/p>\n<p>Se faner comme \u00e7a, c'est du pass\u00e9. Contemporaines et r\u00e9interpr\u00e9t\u00e9es, les fleurs s\u00e9ch\u00e9es connaissent un grand essor cette ann\u00e9e.<\/p>\n<p>Les fleurs s\u00e9ch\u00e9es sont actuellement l'incarnation de la nouvelle durabilit\u00e9.<\/p>\n<p>Qu'elles soient utilis\u00e9es comme d\u00e9coration de table ou plac\u00e9es de mani\u00e8re ludique dans un vase, c'est une tendance \u00e0 laquelle il est difficile de r\u00e9sister. Ils apportent de la couleur \u00e0 la maison et s'int\u00e8grent parfaitement \u00e0 la maison.<\/p>\n<p>Informations sur les fleurs s\u00e9ch\u00e9es 15 tiges H environ 65 cm.<\/p>\n<p>Les bouquets sont li\u00e9s sur commande et peuvent varier l\u00e9g\u00e8rement dans leur finition.<\/p>","protected":false},"excerpt":{"rendered":"<p>Fleurs s\u00e9ch\u00e9es Pied d'alouette bleu fonc\u00e9 15 tiges<\/p>","protected":false},"featured_media":6901,"template":"","meta":[],"product_brand":[],"product_cat":[117,23,26],"product_tag":[294],"woo-feed-brand":[],"class_list":{"0":"post-6900","1":"product","2":"type-product","3":"status-publish","4":"has-post-thumbnail","6":"product_cat-trockenblumen","7":"product_cat-home-living","8":"product_cat-blumen-pflanzen","9":"product_tag-the-bloomery","11":"first","12":"instock","13":"taxable","14":"shipping-taxable","15":"purchasable","16":"product-type-simple"},"_links":{"self":[{"href":"https:\/\/www.fleurop-home.ch\/fr-ch\/wp-json\/wp\/v2\/product\/6900","targetHints":{"allow":["GET"]}}],"collection":[{"href":"https:\/\/www.fleurop-home.ch\/fr-ch\/wp-json\/wp\/v2\/product"}],"about":[{"href":"https:\/\/www.fleurop-home.ch\/fr-ch\/wp-json\/wp\/v2\/types\/product"}],"wp:featuredmedia":[{"embeddable":true,"href":"https:\/\/www.fleurop-home.ch\/fr-ch\/wp-json\/wp\/v2\/media\/6901"}],"wp:attachment":[{"href":"https:\/\/www.fleurop-home.ch\/fr-ch\/wp-json\/wp\/v2\/media?parent=6900"}],"wp:term":[{"taxonomy":"product_brand","embeddable":true,"href":"https:\/\/www.fleurop-home.ch\/fr-ch\/wp-json\/wp\/v2\/product_brand?post=6900"},{"taxonomy":"product_cat","embeddable":true,"href":"https:\/\/www.fleurop-home.ch\/fr-ch\/wp-json\/wp\/v2\/product_cat?post=6900"},{"taxonomy":"product_tag","embeddable":true,"href":"https:\/\/www.fleurop-home.ch\/fr-ch\/wp-json\/wp\/v2\/product_tag?post=6900"},{"taxonomy":"woo-feed-brand","embeddable":true,"href":"https:\/\/www.fleurop-home.ch\/fr-ch\/wp-json\/wp\/v2\/woo-feed-brand?post=6900"}],"curies":[{"name":"wp","href":"https:\/\/api.w.org\/{rel}","templated":true}]}}