{"id":6896,"date":"2020-09-17T15:31:07","date_gmt":"2020-09-17T15:31:07","guid":{"rendered":"https:\/\/www.fleurop-home.ch\/?product=trockenblumen-strauss-weiss-creme-o-ca-22-cm-h-ca-45-cm"},"modified":"2025-04-01T06:55:40","modified_gmt":"2025-04-01T04:55:40","slug":"bouquet-de-fleurs-seches-blanc-creme-o-ca-22-cm-h-ca-45-cm","status":"publish","type":"product","link":"https:\/\/www.fleurop-home.ch\/fr-ch\/p\/trockenblumen-strauss-weiss-creme-o-ca-22-cm-h-ca-45-cm","title":{"rendered":"Bouquet de fleurs s\u00e9ch\u00e9es Blanc &amp; Cr\u00e8me \u00d8 env. 22 cm H env. 45 cm."},"content":{"rendered":"<p><strong>Fleurs s\u00e9ch\u00e9es Bouquet de fleurs s\u00e9ch\u00e9es<\/strong><\/p>\n<p>La fleur s\u00e9ch\u00e9e poussi\u00e9reuse est de retour et fait sa grande entr\u00e9e.<\/p>\n<p>Se faner comme \u00e7a, c'est du pass\u00e9. Contemporaines et r\u00e9interpr\u00e9t\u00e9es, les fleurs s\u00e9ch\u00e9es connaissent un grand essor cette ann\u00e9e.<\/p>\n<p>Les fleurs s\u00e9ch\u00e9es sont actuellement l'incarnation de la nouvelle durabilit\u00e9.<\/p>\n<p>Qu'elles soient utilis\u00e9es comme d\u00e9coration de table ou plac\u00e9es de mani\u00e8re ludique dans un vase, c'est une tendance \u00e0 laquelle il est difficile de r\u00e9sister. Ils apportent de la couleur \u00e0 la maison et s'int\u00e8grent parfaitement \u00e0 la maison.<\/p>\n<p>Indications pour les fleurs s\u00e9ch\u00e9es : \u00d8 env.22 cm H env.45 cm.<\/p>\n<p>Les bouquets sont li\u00e9s sur commande et peuvent varier l\u00e9g\u00e8rement dans leur finition.<\/p>","protected":false},"excerpt":{"rendered":"<p>Bouquet de fleurs s\u00e9ch\u00e9es Blanc &amp; Cr\u00e8me \u00d8 env. 22 cm H env. 45 cm.<\/p>","protected":false},"featured_media":6897,"template":"","meta":[],"product_brand":[],"product_cat":[117,23,910,909,26,916,52,55],"product_tag":[294],"woo-feed-brand":[],"class_list":{"0":"post-6896","1":"product","2":"type-product","3":"status-publish","4":"has-post-thumbnail","6":"product_cat-trockenblumen","7":"product_cat-home-living","8":"product_cat-geschenkideen","9":"product_cat-weihnachten","10":"product_cat-blumen-pflanzen","11":"product_cat-praesente","12":"product_cat-geschenke","13":"product_cat-blumige-geschenke","14":"product_tag-the-bloomery","16":"first","17":"instock","18":"taxable","19":"shipping-taxable","20":"purchasable","21":"product-type-simple"},"_links":{"self":[{"href":"https:\/\/www.fleurop-home.ch\/fr-ch\/wp-json\/wp\/v2\/product\/6896","targetHints":{"allow":["GET"]}}],"collection":[{"href":"https:\/\/www.fleurop-home.ch\/fr-ch\/wp-json\/wp\/v2\/product"}],"about":[{"href":"https:\/\/www.fleurop-home.ch\/fr-ch\/wp-json\/wp\/v2\/types\/product"}],"wp:featuredmedia":[{"embeddable":true,"href":"https:\/\/www.fleurop-home.ch\/fr-ch\/wp-json\/wp\/v2\/media\/6897"}],"wp:attachment":[{"href":"https:\/\/www.fleurop-home.ch\/fr-ch\/wp-json\/wp\/v2\/media?parent=6896"}],"wp:term":[{"taxonomy":"product_brand","embeddable":true,"href":"https:\/\/www.fleurop-home.ch\/fr-ch\/wp-json\/wp\/v2\/product_brand?post=6896"},{"taxonomy":"product_cat","embeddable":true,"href":"https:\/\/www.fleurop-home.ch\/fr-ch\/wp-json\/wp\/v2\/product_cat?post=6896"},{"taxonomy":"product_tag","embeddable":true,"href":"https:\/\/www.fleurop-home.ch\/fr-ch\/wp-json\/wp\/v2\/product_tag?post=6896"},{"taxonomy":"woo-feed-brand","embeddable":true,"href":"https:\/\/www.fleurop-home.ch\/fr-ch\/wp-json\/wp\/v2\/woo-feed-brand?post=6896"}],"curies":[{"name":"wp","href":"https:\/\/api.w.org\/{rel}","templated":true}]}}