{"id":68701,"date":"2025-11-20T16:26:52","date_gmt":"2025-11-20T15:26:52","guid":{"rendered":"https:\/\/www.fleurop-home.ch\/de-ch\/?post_type=product&#038;p=68701"},"modified":"2026-01-09T11:11:13","modified_gmt":"2026-01-09T10:11:13","slug":"mini-renne-haekel","status":"publish","type":"product","link":"https:\/\/www.fleurop-home.ch\/fr-ch\/p\/mini-haekel-rentier","title":{"rendered":"Mini renne au crochet"},"content":{"rendered":"<ul>\n<li>Couleur : rouge, vert, marron<\/li>\n<li>Mini renne au crochet environ 12cm<\/li>\n<\/ul>\n<p>&nbsp;<\/p>\n<p><strong>ATTENTION !<\/strong><\/p>\n<ul>\n<li>Au premier signe de d\u00e9faut sur le renne, jette-le imm\u00e9diatement<\/li>\n<li>Utiliser le renne uniquement sous la surveillance d'un adulte<\/li>\n<li>Pour le nettoyer, rince-le \u00e0 l'eau chaude et laisse-le s\u00e9cher.<\/li>\n<li>Le renne au crochet ne convient pas au lave-linge\/tumbler<\/li>\n<li>Aucune responsabilit\u00e9 en cas de mauvaise utilisation<\/li>\n<\/ul>\n<p>&nbsp;<\/p>\n<p>La forme et la couleur des produits peuvent varier l\u00e9g\u00e8rement par rapport aux images des produits.<\/p>","protected":false},"excerpt":{"rendered":"<p>Notre mini renne crochet\u00e9 procure du plaisir et de la joie et est le compagnon id\u00e9al pour ton petit tr\u00e9sor. Convient \u00e9galement comme petit cadeau pour une naissance, une f\u00eate de b\u00e9b\u00e9 ou un bapt\u00eame.<\/p>","protected":false},"featured_media":68702,"template":"","meta":[],"product_brand":[],"product_cat":[939,1207,909,915,59],"product_tag":[336],"woo-feed-brand":[],"class_list":{"0":"post-68701","1":"product","2":"type-product","3":"status-publish","4":"has-post-thumbnail","6":"product_cat-kindergeschenke","7":"product_cat-unter-25-chf","8":"product_cat-weihnachten","9":"product_cat-wichteln","10":"product_cat-kids","11":"product_tag-teddi-bebe","13":"first","14":"instock","15":"taxable","16":"shipping-taxable","17":"purchasable","18":"product-type-simple"},"_links":{"self":[{"href":"https:\/\/www.fleurop-home.ch\/fr-ch\/wp-json\/wp\/v2\/product\/68701","targetHints":{"allow":["GET"]}}],"collection":[{"href":"https:\/\/www.fleurop-home.ch\/fr-ch\/wp-json\/wp\/v2\/product"}],"about":[{"href":"https:\/\/www.fleurop-home.ch\/fr-ch\/wp-json\/wp\/v2\/types\/product"}],"wp:featuredmedia":[{"embeddable":true,"href":"https:\/\/www.fleurop-home.ch\/fr-ch\/wp-json\/wp\/v2\/media\/68702"}],"wp:attachment":[{"href":"https:\/\/www.fleurop-home.ch\/fr-ch\/wp-json\/wp\/v2\/media?parent=68701"}],"wp:term":[{"taxonomy":"product_brand","embeddable":true,"href":"https:\/\/www.fleurop-home.ch\/fr-ch\/wp-json\/wp\/v2\/product_brand?post=68701"},{"taxonomy":"product_cat","embeddable":true,"href":"https:\/\/www.fleurop-home.ch\/fr-ch\/wp-json\/wp\/v2\/product_cat?post=68701"},{"taxonomy":"product_tag","embeddable":true,"href":"https:\/\/www.fleurop-home.ch\/fr-ch\/wp-json\/wp\/v2\/product_tag?post=68701"},{"taxonomy":"woo-feed-brand","embeddable":true,"href":"https:\/\/www.fleurop-home.ch\/fr-ch\/wp-json\/wp\/v2\/woo-feed-brand?post=68701"}],"curies":[{"name":"wp","href":"https:\/\/api.w.org\/{rel}","templated":true}]}}