{"id":68692,"date":"2025-11-20T16:21:12","date_gmt":"2025-11-20T15:21:12","guid":{"rendered":"https:\/\/www.fleurop-home.ch\/de-ch\/?post_type=product&#038;p=68692"},"modified":"2026-01-09T11:11:30","modified_gmt":"2026-01-09T10:11:30","slug":"mini-bonhomme-de-neige-haekel","status":"publish","type":"product","link":"https:\/\/www.fleurop-home.ch\/fr-ch\/p\/mini-haekel-schneemann","title":{"rendered":"Mini bonhomme de neige au crochet"},"content":{"rendered":"<ul>\n<li>Couleur : rouge, vert, marron, blanc<\/li>\n<li>Mini bonhomme de neige au crochet environ 12cm<\/li>\n<\/ul>\n<p>&nbsp;<\/p>\n<p><strong>ATTENTION !<\/strong><\/p>\n<ul>\n<li>D\u00e8s les premiers signes de d\u00e9fauts sur le bonhomme de neige, jette-le imm\u00e9diatement.<\/li>\n<li>Utiliser le bonhomme de neige uniquement sous la surveillance d'un adulte<\/li>\n<li>Pour le nettoyer, rince-le \u00e0 l'eau chaude et laisse-le s\u00e9cher.<\/li>\n<li>Le bonhomme de neige au crochet ne convient pas au lave-linge\/tumbler<\/li>\n<li>Aucune responsabilit\u00e9 en cas de mauvaise utilisation<\/li>\n<\/ul>\n<p>&nbsp;<\/p>\n<p>La forme et la couleur des produits peuvent varier l\u00e9g\u00e8rement par rapport aux images des produits.<\/p>","protected":false},"excerpt":{"rendered":"<p>Notre mini bonhomme de neige Crochet procure du plaisir et de la joie et est le compagnon id\u00e9al pour ton petit tr\u00e9sor. Convient \u00e9galement comme petit cadeau pour une naissance, une f\u00eate de b\u00e9b\u00e9 ou un bapt\u00eame.<\/p>","protected":false},"featured_media":68696,"template":"","meta":[],"product_brand":[],"product_cat":[939,1207,909,915,59],"product_tag":[336],"woo-feed-brand":[],"class_list":{"0":"post-68692","1":"product","2":"type-product","3":"status-publish","4":"has-post-thumbnail","6":"product_cat-kindergeschenke","7":"product_cat-unter-25-chf","8":"product_cat-weihnachten","9":"product_cat-wichteln","10":"product_cat-kids","11":"product_tag-teddi-bebe","13":"first","14":"instock","15":"taxable","16":"shipping-taxable","17":"purchasable","18":"product-type-simple"},"_links":{"self":[{"href":"https:\/\/www.fleurop-home.ch\/fr-ch\/wp-json\/wp\/v2\/product\/68692","targetHints":{"allow":["GET"]}}],"collection":[{"href":"https:\/\/www.fleurop-home.ch\/fr-ch\/wp-json\/wp\/v2\/product"}],"about":[{"href":"https:\/\/www.fleurop-home.ch\/fr-ch\/wp-json\/wp\/v2\/types\/product"}],"wp:featuredmedia":[{"embeddable":true,"href":"https:\/\/www.fleurop-home.ch\/fr-ch\/wp-json\/wp\/v2\/media\/68696"}],"wp:attachment":[{"href":"https:\/\/www.fleurop-home.ch\/fr-ch\/wp-json\/wp\/v2\/media?parent=68692"}],"wp:term":[{"taxonomy":"product_brand","embeddable":true,"href":"https:\/\/www.fleurop-home.ch\/fr-ch\/wp-json\/wp\/v2\/product_brand?post=68692"},{"taxonomy":"product_cat","embeddable":true,"href":"https:\/\/www.fleurop-home.ch\/fr-ch\/wp-json\/wp\/v2\/product_cat?post=68692"},{"taxonomy":"product_tag","embeddable":true,"href":"https:\/\/www.fleurop-home.ch\/fr-ch\/wp-json\/wp\/v2\/product_tag?post=68692"},{"taxonomy":"woo-feed-brand","embeddable":true,"href":"https:\/\/www.fleurop-home.ch\/fr-ch\/wp-json\/wp\/v2\/woo-feed-brand?post=68692"}],"curies":[{"name":"wp","href":"https:\/\/api.w.org\/{rel}","templated":true}]}}