{"id":68688,"date":"2025-11-20T16:13:26","date_gmt":"2025-11-20T15:13:26","guid":{"rendered":"https:\/\/www.fleurop-home.ch\/de-ch\/?post_type=product&#038;p=68688"},"modified":"2026-02-05T13:32:41","modified_gmt":"2026-02-05T12:32:41","slug":"set-de-3-bonshommes-de-neige-joyeux","status":"publish","type":"product","link":"https:\/\/www.fleurop-home.ch\/fr-ch\/p\/3er-set-froehlicher-schneemann","title":{"rendered":"Set de 3 joyeux bonhommes de neige"},"content":{"rendered":"<ul>\n<li>Couleur : rouge, vert, marron, blanc<\/li>\n<li>Colliers en perles de bois\/silicone<\/li>\n<li>Bo\u00eete \u00e0 dents en bois est grav\u00e9e<\/li>\n<li>Diam\u00e8tre de la bo\u00eete 5cm, hauteur 3.5cm<\/li>\n<li>Mini bonhomme de neige au crochet environ 12cm<\/li>\n<li>Avec ou sans personnalisation (perles de lettres en silicone)<\/li>\n<li>Attache-sucette clip en bois<\/li>\n<li>Set de 2 sans bo\u00eete \u00e0 dents<\/li>\n<\/ul>\n<p>&nbsp;<\/p>\n<p><strong>ATTENTION !<\/strong><\/p>\n<ul>\n<li>Nettoie l'attache-sucette avant la premi\u00e8re utilisation<\/li>\n<li>V\u00e9rifie la cha\u00eene de t\u00e9tine et le bonhomme de neige avant chaque utilisation.<\/li>\n<li>L'utilisation m\u00e9canique peut entra\u00eener une usure<\/li>\n<li>D\u00e8s les premiers signes de d\u00e9fauts sur la cha\u00eene\/le bonhomme de neige, jette-le imm\u00e9diatement.<\/li>\n<li>Ne jamais rallonger la cha\u00eene de la t\u00e9tine et l'attacher uniquement aux v\u00eatements.<\/li>\n<li>Utiliser la cha\u00eene et le bonhomme de neige uniquement sous la surveillance d'un adulte<\/li>\n<li>Pour le nettoyer, rince-le \u00e0 l'eau chaude et laisse-le s\u00e9cher.<\/li>\n<li>Le bonhomme de neige au crochet ne convient pas au lave-linge\/tumbler<\/li>\n<li>Aucune responsabilit\u00e9 en cas de mauvaise utilisation<\/li>\n<\/ul>\n<p>&nbsp;<\/p>\n<p>La forme et la couleur des produits peuvent varier l\u00e9g\u00e8rement par rapport aux images des produits.<\/p>","protected":false},"excerpt":{"rendered":"<p>Notre set de 3 joyeux bonhommes de neige est le cadeau id\u00e9al pour une naissance, un bapt\u00eame ou une baby shower pour les vrais petits fans de No\u00ebl. Il contient une attache-t\u00e9tine, une bo\u00eete \u00e0 dents et un mini bonhomme de neige au crochet.<\/p>","protected":false},"featured_media":68689,"template":"","meta":[],"product_brand":[],"product_cat":[939,909,916,59],"product_tag":[336],"woo-feed-brand":[],"class_list":{"0":"post-68688","1":"product","2":"type-product","3":"status-publish","4":"has-post-thumbnail","6":"product_cat-kindergeschenke","7":"product_cat-weihnachten","8":"product_cat-praesente","9":"product_cat-kids","10":"product_tag-teddi-bebe","12":"first","13":"instock","14":"taxable","15":"shipping-taxable","16":"purchasable","17":"product-type-simple"},"_links":{"self":[{"href":"https:\/\/www.fleurop-home.ch\/fr-ch\/wp-json\/wp\/v2\/product\/68688","targetHints":{"allow":["GET"]}}],"collection":[{"href":"https:\/\/www.fleurop-home.ch\/fr-ch\/wp-json\/wp\/v2\/product"}],"about":[{"href":"https:\/\/www.fleurop-home.ch\/fr-ch\/wp-json\/wp\/v2\/types\/product"}],"wp:featuredmedia":[{"embeddable":true,"href":"https:\/\/www.fleurop-home.ch\/fr-ch\/wp-json\/wp\/v2\/media\/68689"}],"wp:attachment":[{"href":"https:\/\/www.fleurop-home.ch\/fr-ch\/wp-json\/wp\/v2\/media?parent=68688"}],"wp:term":[{"taxonomy":"product_brand","embeddable":true,"href":"https:\/\/www.fleurop-home.ch\/fr-ch\/wp-json\/wp\/v2\/product_brand?post=68688"},{"taxonomy":"product_cat","embeddable":true,"href":"https:\/\/www.fleurop-home.ch\/fr-ch\/wp-json\/wp\/v2\/product_cat?post=68688"},{"taxonomy":"product_tag","embeddable":true,"href":"https:\/\/www.fleurop-home.ch\/fr-ch\/wp-json\/wp\/v2\/product_tag?post=68688"},{"taxonomy":"woo-feed-brand","embeddable":true,"href":"https:\/\/www.fleurop-home.ch\/fr-ch\/wp-json\/wp\/v2\/woo-feed-brand?post=68688"}],"curies":[{"name":"wp","href":"https:\/\/api.w.org\/{rel}","templated":true}]}}