{"id":68684,"date":"2025-11-20T16:07:52","date_gmt":"2025-11-20T15:07:52","guid":{"rendered":"https:\/\/www.fleurop-home.ch\/de-ch\/?post_type=product&#038;p=68684"},"modified":"2026-01-09T11:11:04","modified_gmt":"2026-01-09T10:11:04","slug":"set-de-3-rennes-mignons","status":"publish","type":"product","link":"https:\/\/www.fleurop-home.ch\/fr-ch\/p\/3er-set-suesses-rentier","title":{"rendered":"Set de 3 rennes mignons"},"content":{"rendered":"<ul>\n<li>Couleur : rouge, vert, marron<\/li>\n<li>Colliers en perles de bois\/silicone<\/li>\n<li>Bo\u00eete \u00e0 dents en bois est grav\u00e9e<\/li>\n<li>Diam\u00e8tre de la bo\u00eete 5cm, hauteur 3.5cm<\/li>\n<li>Mini renne au crochet environ 12cm<\/li>\n<li>Avec ou sans personnalisation (perles de lettres en silicone)<\/li>\n<li>Attache-sucette clip en bois<\/li>\n<li>Set de 2 sans bo\u00eete \u00e0 dents<\/li>\n<\/ul>\n<p>&nbsp;<\/p>\n<p><strong>ATTENTION !<\/strong><\/p>\n<ul>\n<li>Nettoie l'attache-sucette avant la premi\u00e8re utilisation<\/li>\n<li>V\u00e9rifie l'attache-t\u00e9tine et le renne avant chaque utilisation<\/li>\n<li>L'utilisation m\u00e9canique peut entra\u00eener une usure<\/li>\n<li>Au premier signe de d\u00e9faut de la cha\u00eene\/du renne, jette-la imm\u00e9diatement.<\/li>\n<li>Ne jamais rallonger la cha\u00eene de la t\u00e9tine et l'attacher uniquement aux v\u00eatements.<\/li>\n<li>Utiliser la cha\u00eene et le renne uniquement sous la surveillance d'un adulte<\/li>\n<li>Pour le nettoyer, rince-le \u00e0 l'eau chaude et laisse-le s\u00e9cher.<\/li>\n<li>Le renne au crochet ne convient pas au lave-linge\/tumbler<\/li>\n<li>Aucune responsabilit\u00e9 en cas de mauvaise utilisation<\/li>\n<\/ul>\n<p>&nbsp;<\/p>\n<p>La forme et la couleur des produits peuvent varier l\u00e9g\u00e8rement par rapport aux images des produits.<\/p>","protected":false},"excerpt":{"rendered":"<p>Notre set de 3 adorables rennes est le cadeau id\u00e9al pour une naissance, un bapt\u00eame ou une baby shower pour les vrais petits fans de No\u00ebl. Il contient une attache-t\u00e9tine, une bo\u00eete \u00e0 dents et un mini renne au crochet.<\/p>","protected":false},"featured_media":68685,"template":"","meta":[],"product_brand":[],"product_cat":[939,909,916,59],"product_tag":[336],"woo-feed-brand":[],"class_list":{"0":"post-68684","1":"product","2":"type-product","3":"status-publish","4":"has-post-thumbnail","6":"product_cat-kindergeschenke","7":"product_cat-weihnachten","8":"product_cat-praesente","9":"product_cat-kids","10":"product_tag-teddi-bebe","12":"first","13":"instock","14":"taxable","15":"shipping-taxable","16":"purchasable","17":"product-type-simple"},"_links":{"self":[{"href":"https:\/\/www.fleurop-home.ch\/fr-ch\/wp-json\/wp\/v2\/product\/68684","targetHints":{"allow":["GET"]}}],"collection":[{"href":"https:\/\/www.fleurop-home.ch\/fr-ch\/wp-json\/wp\/v2\/product"}],"about":[{"href":"https:\/\/www.fleurop-home.ch\/fr-ch\/wp-json\/wp\/v2\/types\/product"}],"wp:featuredmedia":[{"embeddable":true,"href":"https:\/\/www.fleurop-home.ch\/fr-ch\/wp-json\/wp\/v2\/media\/68685"}],"wp:attachment":[{"href":"https:\/\/www.fleurop-home.ch\/fr-ch\/wp-json\/wp\/v2\/media?parent=68684"}],"wp:term":[{"taxonomy":"product_brand","embeddable":true,"href":"https:\/\/www.fleurop-home.ch\/fr-ch\/wp-json\/wp\/v2\/product_brand?post=68684"},{"taxonomy":"product_cat","embeddable":true,"href":"https:\/\/www.fleurop-home.ch\/fr-ch\/wp-json\/wp\/v2\/product_cat?post=68684"},{"taxonomy":"product_tag","embeddable":true,"href":"https:\/\/www.fleurop-home.ch\/fr-ch\/wp-json\/wp\/v2\/product_tag?post=68684"},{"taxonomy":"woo-feed-brand","embeddable":true,"href":"https:\/\/www.fleurop-home.ch\/fr-ch\/wp-json\/wp\/v2\/woo-feed-brand?post=68684"}],"curies":[{"name":"wp","href":"https:\/\/api.w.org\/{rel}","templated":true}]}}