{"id":68359,"date":"2025-11-18T09:49:45","date_gmt":"2025-11-18T08:49:45","guid":{"rendered":"https:\/\/www.fleurop-home.ch\/de-ch\/?post_type=product&#038;p=68359"},"modified":"2026-03-11T16:36:34","modified_gmt":"2026-03-11T15:36:34","slug":"iris-vase-sculptural","status":"publish","type":"product","link":"https:\/\/www.fleurop-home.ch\/fr-ch\/p\/iris-skulpturale-vase","title":{"rendered":"Iris - Vase sculptural"},"content":{"rendered":"<p><span class=\"Y2IQFc\" lang=\"de\"><strong>Iris est un vase sculptural fait \u00e0 la main avec des courbes douces et une surface mate.<\/strong> Chaque pi\u00e8ce est coul\u00e9e, ponc\u00e9e et scell\u00e9e \u00e0 la main en Suisse, en petites s\u00e9ries. Sa surface lisse et mate lui donne un aspect \u00e0 la fois moderne et naturel. <\/span><\/p>\n<p><span class=\"Y2IQFc\" lang=\"de\">Iris est id\u00e9al pour les fleurs s\u00e9ch\u00e9es individuelles ou comme objet de design discret sur les buffets, les \u00e9tag\u00e8res ou les tables consoles. Un design polyvalent qui s'int\u00e8gre harmonieusement dans chaque int\u00e9rieur.<\/span><\/p>\n<p data-start=\"1325\" data-end=\"1351\"><strong data-start=\"1328\" data-end=\"1349\">Mat\u00e9riel et entretien<\/strong><\/p>\n<ul data-start=\"1352\" data-end=\"1553\">\n<li data-start=\"1352\" data-end=\"1387\">\n<p data-start=\"1354\" data-end=\"1387\">Eco-composite min\u00e9ral<\/p>\n<\/li>\n<li data-start=\"1388\" data-end=\"1419\">\n<p data-start=\"1390\" data-end=\"1419\">Moul\u00e9 \u00e0 la main et scell\u00e9<\/p>\n<\/li>\n<li data-start=\"1420\" data-end=\"1487\">\n<p data-start=\"1422\" data-end=\"1487\">Nettoyer avec un chiffon doux et sec ou l\u00e9g\u00e8rement humide<\/p>\n<\/li>\n<\/ul>","protected":false},"excerpt":{"rendered":"<p>Un vase sculptural fait \u00e0 la main en \u00e9co-composite min\u00e9ral. Simple, intemporel et id\u00e9al pour les tiges de fleurs s\u00e9ch\u00e9es individuelles. Avec une surface lisse et mate dans un ton cr\u00e8me chaud.<\/p>","protected":false},"featured_media":71290,"template":"","meta":[],"product_brand":[],"product_cat":[1197,23,27],"product_tag":[1218],"woo-feed-brand":[],"class_list":{"0":"post-68359","1":"product","2":"type-product","3":"status-publish","4":"has-post-thumbnail","6":"product_cat-vasen","7":"product_cat-home-living","8":"product_cat-vasen-gefaesse","9":"product_tag-hw-designs","11":"first","12":"instock","13":"taxable","14":"shipping-taxable","15":"purchasable","16":"product-type-simple"},"_links":{"self":[{"href":"https:\/\/www.fleurop-home.ch\/fr-ch\/wp-json\/wp\/v2\/product\/68359","targetHints":{"allow":["GET"]}}],"collection":[{"href":"https:\/\/www.fleurop-home.ch\/fr-ch\/wp-json\/wp\/v2\/product"}],"about":[{"href":"https:\/\/www.fleurop-home.ch\/fr-ch\/wp-json\/wp\/v2\/types\/product"}],"wp:featuredmedia":[{"embeddable":true,"href":"https:\/\/www.fleurop-home.ch\/fr-ch\/wp-json\/wp\/v2\/media\/71290"}],"wp:attachment":[{"href":"https:\/\/www.fleurop-home.ch\/fr-ch\/wp-json\/wp\/v2\/media?parent=68359"}],"wp:term":[{"taxonomy":"product_brand","embeddable":true,"href":"https:\/\/www.fleurop-home.ch\/fr-ch\/wp-json\/wp\/v2\/product_brand?post=68359"},{"taxonomy":"product_cat","embeddable":true,"href":"https:\/\/www.fleurop-home.ch\/fr-ch\/wp-json\/wp\/v2\/product_cat?post=68359"},{"taxonomy":"product_tag","embeddable":true,"href":"https:\/\/www.fleurop-home.ch\/fr-ch\/wp-json\/wp\/v2\/product_tag?post=68359"},{"taxonomy":"woo-feed-brand","embeddable":true,"href":"https:\/\/www.fleurop-home.ch\/fr-ch\/wp-json\/wp\/v2\/woo-feed-brand?post=68359"}],"curies":[{"name":"wp","href":"https:\/\/api.w.org\/{rel}","templated":true}]}}