{"id":68252,"date":"2025-11-15T17:27:00","date_gmt":"2025-11-15T16:27:00","guid":{"rendered":"https:\/\/www.fleurop-home.ch\/fr-ch\/?post_type=product&#038;p=68252"},"modified":"2025-12-19T09:30:13","modified_gmt":"2025-12-19T08:30:13","slug":"roses-stabilisees-eternelle-sous-cloche-blanche","status":"publish","type":"product","link":"https:\/\/www.fleurop-home.ch\/fr-ch\/p\/stabilisierte-rosen-eternelle-sous-cloche-blanche","title":{"rendered":"Roses stabilis\u00e9es \u00abEternelle sous cloche blanche\u00bb"},"content":{"rendered":"<p>Cette belle cloche en verre contient deux magnifiques roses blanches conserv\u00e9es, des plantes s\u00e9ch\u00e9es et de la mousse conserv\u00e9e. Elle est fabriqu\u00e9e \u00e0 la main, ne n\u00e9cessite aucun entretien et dure plusieurs ann\u00e9es.<\/p>","protected":false},"excerpt":{"rendered":"<p>Cloche avec roses stabilis\u00e9es<\/p>","protected":false},"featured_media":68244,"template":"","meta":[],"product_brand":[],"product_cat":[102,23,909,26,916,52,55],"product_tag":[1135],"woo-feed-brand":[],"class_list":{"0":"post-68252","1":"product","2":"type-product","3":"status-publish","4":"has-post-thumbnail","6":"product_cat-infinity-rosen","7":"product_cat-home-living","8":"product_cat-weihnachten","9":"product_cat-blumen-pflanzen","10":"product_cat-praesente","11":"product_cat-geschenke","12":"product_cat-blumige-geschenke","13":"product_tag-mon-reve-fleuri","15":"first","16":"instock","17":"taxable","18":"shipping-taxable","19":"purchasable","20":"product-type-simple"},"_links":{"self":[{"href":"https:\/\/www.fleurop-home.ch\/fr-ch\/wp-json\/wp\/v2\/product\/68252","targetHints":{"allow":["GET"]}}],"collection":[{"href":"https:\/\/www.fleurop-home.ch\/fr-ch\/wp-json\/wp\/v2\/product"}],"about":[{"href":"https:\/\/www.fleurop-home.ch\/fr-ch\/wp-json\/wp\/v2\/types\/product"}],"wp:featuredmedia":[{"embeddable":true,"href":"https:\/\/www.fleurop-home.ch\/fr-ch\/wp-json\/wp\/v2\/media\/68244"}],"wp:attachment":[{"href":"https:\/\/www.fleurop-home.ch\/fr-ch\/wp-json\/wp\/v2\/media?parent=68252"}],"wp:term":[{"taxonomy":"product_brand","embeddable":true,"href":"https:\/\/www.fleurop-home.ch\/fr-ch\/wp-json\/wp\/v2\/product_brand?post=68252"},{"taxonomy":"product_cat","embeddable":true,"href":"https:\/\/www.fleurop-home.ch\/fr-ch\/wp-json\/wp\/v2\/product_cat?post=68252"},{"taxonomy":"product_tag","embeddable":true,"href":"https:\/\/www.fleurop-home.ch\/fr-ch\/wp-json\/wp\/v2\/product_tag?post=68252"},{"taxonomy":"woo-feed-brand","embeddable":true,"href":"https:\/\/www.fleurop-home.ch\/fr-ch\/wp-json\/wp\/v2\/woo-feed-brand?post=68252"}],"curies":[{"name":"wp","href":"https:\/\/api.w.org\/{rel}","templated":true}]}}