{"id":67464,"date":"2025-11-09T02:23:50","date_gmt":"2025-11-09T01:23:50","guid":{"rendered":"https:\/\/www.fleurop-home.ch\/de-ch\/?post_type=product&#038;p=67464"},"modified":"2025-11-10T11:39:53","modified_gmt":"2025-11-10T10:39:53","slug":"testeur-de-biscuits","status":"publish","type":"product","link":"https:\/\/www.fleurop-home.ch\/fr-ch\/p\/keksdose-plaetzchentester","title":{"rendered":"Bo\u00eete \u00e0 biscuits testeur de biscuits"},"content":{"rendered":"<p><strong>Information sur le produit<br \/>\n<\/strong>Hauteur : 16cm<br \/>\n<span class=\"\">\u2205\u00a0<\/span>9cm<br \/>\nCapacit\u00e9 : 1 l<\/p>\n<p><strong>Contenu de la livraison<br \/>\n<\/strong>*Sans contenu<\/p>\n<p><strong>Conseils d'entretien<br \/>\n<\/strong>Laver \u00e0 la main uniquement, ne pas frotter directement sur les inscriptions svp.<br \/>\nEssuyer avec un chiffon sec<\/p>","protected":false},"excerpt":{"rendered":"<p>Offre de la joie et des petits cadeaux avec notre bo\u00eete \u00e0 biscuits au design de No\u00ebl.<\/p>","protected":false},"featured_media":67465,"template":"","meta":[],"product_brand":[],"product_cat":[44,23,1208,909,32,915,42],"product_tag":[1168],"woo-feed-brand":[],"class_list":{"0":"post-67464","1":"product","2":"type-product","3":"status-publish","4":"has-post-thumbnail","6":"product_cat-kuechenhelfer","7":"product_cat-home-living","8":"product_cat-ueber-25-chf","9":"product_cat-weihnachten","10":"product_cat-aufbewahrung","11":"product_cat-wichteln","12":"product_cat-kueche","13":"product_tag-melia-atelier","15":"first","16":"instock","17":"taxable","18":"shipping-taxable","19":"purchasable","20":"product-type-simple"},"_links":{"self":[{"href":"https:\/\/www.fleurop-home.ch\/fr-ch\/wp-json\/wp\/v2\/product\/67464","targetHints":{"allow":["GET"]}}],"collection":[{"href":"https:\/\/www.fleurop-home.ch\/fr-ch\/wp-json\/wp\/v2\/product"}],"about":[{"href":"https:\/\/www.fleurop-home.ch\/fr-ch\/wp-json\/wp\/v2\/types\/product"}],"wp:featuredmedia":[{"embeddable":true,"href":"https:\/\/www.fleurop-home.ch\/fr-ch\/wp-json\/wp\/v2\/media\/67465"}],"wp:attachment":[{"href":"https:\/\/www.fleurop-home.ch\/fr-ch\/wp-json\/wp\/v2\/media?parent=67464"}],"wp:term":[{"taxonomy":"product_brand","embeddable":true,"href":"https:\/\/www.fleurop-home.ch\/fr-ch\/wp-json\/wp\/v2\/product_brand?post=67464"},{"taxonomy":"product_cat","embeddable":true,"href":"https:\/\/www.fleurop-home.ch\/fr-ch\/wp-json\/wp\/v2\/product_cat?post=67464"},{"taxonomy":"product_tag","embeddable":true,"href":"https:\/\/www.fleurop-home.ch\/fr-ch\/wp-json\/wp\/v2\/product_tag?post=67464"},{"taxonomy":"woo-feed-brand","embeddable":true,"href":"https:\/\/www.fleurop-home.ch\/fr-ch\/wp-json\/wp\/v2\/woo-feed-brand?post=67464"}],"curies":[{"name":"wp","href":"https:\/\/api.w.org\/{rel}","templated":true}]}}