{"id":67347,"date":"2025-11-06T18:23:01","date_gmt":"2025-11-06T17:23:01","guid":{"rendered":"https:\/\/www.fleurop-home.ch\/de-ch\/?post_type=product&#038;p=67347"},"modified":"2025-12-19T09:01:57","modified_gmt":"2025-12-19T08:01:57","slug":"bouquet-de-marche-x-mas","status":"publish","type":"product","link":"https:\/\/www.fleurop-home.ch\/fr-ch\/p\/marktbouquet-x-mas","title":{"rendered":"Bouquet de march\u00e9 X-Mas"},"content":{"rendered":"<p>Avec de l'avoine naturelle, du phalaris rouge, du lagurus vert clair, du linum vert clair, du lupidium cuivr\u00e9 et des fleurs \u00e0 balai rouges - parfait pour une touche joyeuse et saisonni\u00e8re avec des tons de f\u00eate vifs. Chaque bouquet est soigneusement li\u00e9 \u00e0 la main pour garantir un aspect naturel et authentique.<\/p>\n<p><strong>Note<br \/>\n<\/strong>Note que les fleurs s\u00e9ch\u00e9es sont naturelles et saisonni\u00e8res et qu'il peut donc y avoir des diff\u00e9rences dans le type et la couleur des fleurs par rapport \u00e0 la photo.<\/p>","protected":false},"excerpt":{"rendered":"<p>Un bouquet de march\u00e9 festif et joyeux.<\/p>","protected":false},"featured_media":66714,"template":"","meta":[],"product_brand":[],"product_cat":[23,909,1179,911,117,52,55],"product_tag":[1168],"woo-feed-brand":[],"class_list":{"0":"post-67347","1":"product","2":"type-product","3":"status-publish","4":"has-post-thumbnail","6":"product_cat-home-living","7":"product_cat-weihnachten","8":"product_cat-weihnachtsdeko","9":"product_cat-accessoires","10":"product_cat-trockenblumen","11":"product_cat-geschenke","12":"product_cat-blumige-geschenke","13":"product_tag-melia-atelier","15":"first","16":"instock","17":"taxable","18":"shipping-taxable","19":"purchasable","20":"product-type-simple"},"_links":{"self":[{"href":"https:\/\/www.fleurop-home.ch\/fr-ch\/wp-json\/wp\/v2\/product\/67347","targetHints":{"allow":["GET"]}}],"collection":[{"href":"https:\/\/www.fleurop-home.ch\/fr-ch\/wp-json\/wp\/v2\/product"}],"about":[{"href":"https:\/\/www.fleurop-home.ch\/fr-ch\/wp-json\/wp\/v2\/types\/product"}],"wp:featuredmedia":[{"embeddable":true,"href":"https:\/\/www.fleurop-home.ch\/fr-ch\/wp-json\/wp\/v2\/media\/66714"}],"wp:attachment":[{"href":"https:\/\/www.fleurop-home.ch\/fr-ch\/wp-json\/wp\/v2\/media?parent=67347"}],"wp:term":[{"taxonomy":"product_brand","embeddable":true,"href":"https:\/\/www.fleurop-home.ch\/fr-ch\/wp-json\/wp\/v2\/product_brand?post=67347"},{"taxonomy":"product_cat","embeddable":true,"href":"https:\/\/www.fleurop-home.ch\/fr-ch\/wp-json\/wp\/v2\/product_cat?post=67347"},{"taxonomy":"product_tag","embeddable":true,"href":"https:\/\/www.fleurop-home.ch\/fr-ch\/wp-json\/wp\/v2\/product_tag?post=67347"},{"taxonomy":"woo-feed-brand","embeddable":true,"href":"https:\/\/www.fleurop-home.ch\/fr-ch\/wp-json\/wp\/v2\/woo-feed-brand?post=67347"}],"curies":[{"name":"wp","href":"https:\/\/api.w.org\/{rel}","templated":true}]}}