{"id":67345,"date":"2025-11-06T18:15:27","date_gmt":"2025-11-06T17:15:27","guid":{"rendered":"https:\/\/www.fleurop-home.ch\/de-ch\/?post_type=product&#038;p=67345"},"modified":"2026-03-31T19:55:49","modified_gmt":"2026-03-31T17:55:49","slug":"bouquet-peche-50cm","status":"publish","type":"product","link":"https:\/\/www.fleurop-home.ch\/fr-ch\/p\/bouquet-peach-50cm","title":{"rendered":"Bouquet P\u00eache 50cm"},"content":{"rendered":"<p>Ce bouquet contient : Miscanthus, bl\u00e9 naturel, avoine de p\u00eache, phalaris de p\u00eache, laurus naturel, rhodanthus blanc, eucalyptus, fleur de balai.<\/p>\n<p><strong>Note<br \/>\n<\/strong>Les fleurs s\u00e9ch\u00e9es sont des produits saisonniers et naturels. Chaque bouquet peut varier l\u00e9g\u00e8rement en couleur et en composition, ce qui rend chaque pi\u00e8ce unique.<\/p>","protected":false},"excerpt":{"rendered":"<p>Bouquet de fleurs s\u00e9ch\u00e9es exclusif - P\u00eache<\/p>\n<p>Apporte une douce chaleur et une beaut\u00e9 naturelle \u00e0 ta maison avec ce bouquet de p\u00eaches. Ce bouquet exclusif li\u00e9 \u00e0 la main combine des p\u00eaches douces et des tons naturels pour une sensation de fra\u00eecheur et d'\u00e9l\u00e9gance.<\/p>","protected":false},"featured_media":66721,"template":"","meta":[],"product_brand":[],"product_cat":[117,23,52,55],"product_tag":[1168],"woo-feed-brand":[],"class_list":{"0":"post-67345","1":"product","2":"type-product","3":"status-publish","4":"has-post-thumbnail","6":"product_cat-trockenblumen","7":"product_cat-home-living","8":"product_cat-geschenke","9":"product_cat-blumige-geschenke","10":"product_tag-melia-atelier","12":"first","13":"instock","14":"taxable","15":"shipping-taxable","16":"purchasable","17":"product-type-simple"},"_links":{"self":[{"href":"https:\/\/www.fleurop-home.ch\/fr-ch\/wp-json\/wp\/v2\/product\/67345","targetHints":{"allow":["GET"]}}],"collection":[{"href":"https:\/\/www.fleurop-home.ch\/fr-ch\/wp-json\/wp\/v2\/product"}],"about":[{"href":"https:\/\/www.fleurop-home.ch\/fr-ch\/wp-json\/wp\/v2\/types\/product"}],"wp:featuredmedia":[{"embeddable":true,"href":"https:\/\/www.fleurop-home.ch\/fr-ch\/wp-json\/wp\/v2\/media\/66721"}],"wp:attachment":[{"href":"https:\/\/www.fleurop-home.ch\/fr-ch\/wp-json\/wp\/v2\/media?parent=67345"}],"wp:term":[{"taxonomy":"product_brand","embeddable":true,"href":"https:\/\/www.fleurop-home.ch\/fr-ch\/wp-json\/wp\/v2\/product_brand?post=67345"},{"taxonomy":"product_cat","embeddable":true,"href":"https:\/\/www.fleurop-home.ch\/fr-ch\/wp-json\/wp\/v2\/product_cat?post=67345"},{"taxonomy":"product_tag","embeddable":true,"href":"https:\/\/www.fleurop-home.ch\/fr-ch\/wp-json\/wp\/v2\/product_tag?post=67345"},{"taxonomy":"woo-feed-brand","embeddable":true,"href":"https:\/\/www.fleurop-home.ch\/fr-ch\/wp-json\/wp\/v2\/woo-feed-brand?post=67345"}],"curies":[{"name":"wp","href":"https:\/\/api.w.org\/{rel}","templated":true}]}}