{"id":67313,"date":"2025-11-05T17:42:11","date_gmt":"2025-11-05T16:42:11","guid":{"rendered":"https:\/\/www.fleurop-home.ch\/de-ch\/?post_type=product&#038;p=67313"},"modified":"2025-12-19T09:02:16","modified_gmt":"2025-12-19T08:02:16","slug":"set-cadeau-burner-noir-cire-parfumee-belle-freesia-litchi","status":"publish","type":"product","link":"https:\/\/www.fleurop-home.ch\/fr-ch\/p\/geschenkset-burner-schwarz-duftwachs-belle-freesie-litschi","title":{"rendered":"Set cadeau Burner noir &amp; cire parfum\u00e9e Belle Freesie &amp; Litchi"},"content":{"rendered":"<div class=\"info-block--item\">\n<div><strong>Description du parfum :<\/strong><\/div>\n<div>Un m\u00e9lange des parfums floraux de la rose, du magnolia, du muguet et d'une touche d'ambre et de lychee.<\/div>\n<\/div>\n<div><\/div>\n<div><\/div>\n<div><\/div>\n<div class=\"info-block--item\">\n<div><strong>Instructions :<\/strong><\/div>\n<div>Utilise au moins trois bonbons de cire parfum\u00e9e. Place les bonbons de cire parfum\u00e9e dans le haut du br\u00fbleur \u00e0 cire. Place le br\u00fbleur de cire sur une surface plane. Allume une bougie chauffe-plat en bas du br\u00fbleur, laisse fondre les chocolats de cire parfum\u00e9e et profite des d\u00e9licieux parfums.<\/div>\n<\/div>","protected":false},"excerpt":{"rendered":"<p>Un super set cadeau avec le br\u00fbleur de cire parfum\u00e9e classique associ\u00e9 aux pralines de cire parfum\u00e9e modernes.<\/p>","protected":false},"featured_media":67316,"template":"","meta":[],"product_brand":[],"product_cat":[51,23,99,984,993,1208,909,28,916,915,48],"product_tag":[1094],"woo-feed-brand":[],"class_list":{"0":"post-67313","1":"product","2":"type-product","3":"status-publish","4":"has-post-thumbnail","6":"product_cat-raumduefte","7":"product_cat-home-living","8":"product_cat-duftkerzen","9":"product_cat-silvester","10":"product_cat-silvestergeschenke","11":"product_cat-ueber-25-chf","12":"product_cat-weihnachten","13":"product_cat-kerzen-lichter","14":"product_cat-praesente","15":"product_cat-wichteln","16":"product_cat-bad-wellness","17":"product_tag-corinas","19":"first","20":"instock","21":"taxable","22":"shipping-taxable","23":"purchasable","24":"product-type-simple"},"_links":{"self":[{"href":"https:\/\/www.fleurop-home.ch\/fr-ch\/wp-json\/wp\/v2\/product\/67313","targetHints":{"allow":["GET"]}}],"collection":[{"href":"https:\/\/www.fleurop-home.ch\/fr-ch\/wp-json\/wp\/v2\/product"}],"about":[{"href":"https:\/\/www.fleurop-home.ch\/fr-ch\/wp-json\/wp\/v2\/types\/product"}],"wp:featuredmedia":[{"embeddable":true,"href":"https:\/\/www.fleurop-home.ch\/fr-ch\/wp-json\/wp\/v2\/media\/67316"}],"wp:attachment":[{"href":"https:\/\/www.fleurop-home.ch\/fr-ch\/wp-json\/wp\/v2\/media?parent=67313"}],"wp:term":[{"taxonomy":"product_brand","embeddable":true,"href":"https:\/\/www.fleurop-home.ch\/fr-ch\/wp-json\/wp\/v2\/product_brand?post=67313"},{"taxonomy":"product_cat","embeddable":true,"href":"https:\/\/www.fleurop-home.ch\/fr-ch\/wp-json\/wp\/v2\/product_cat?post=67313"},{"taxonomy":"product_tag","embeddable":true,"href":"https:\/\/www.fleurop-home.ch\/fr-ch\/wp-json\/wp\/v2\/product_tag?post=67313"},{"taxonomy":"woo-feed-brand","embeddable":true,"href":"https:\/\/www.fleurop-home.ch\/fr-ch\/wp-json\/wp\/v2\/woo-feed-brand?post=67313"}],"curies":[{"name":"wp","href":"https:\/\/api.w.org\/{rel}","templated":true}]}}