{"id":67310,"date":"2025-11-05T17:28:30","date_gmt":"2025-11-05T16:28:30","guid":{"rendered":"https:\/\/www.fleurop-home.ch\/de-ch\/?post_type=product&#038;p=67310"},"modified":"2026-04-01T13:21:41","modified_gmt":"2026-04-01T11:21:41","slug":"set-cadeau-burner-noir-cire-parfumee-belle-vie","status":"publish","type":"product","link":"https:\/\/www.fleurop-home.ch\/fr-ch\/p\/geschenkset-burner-schwarz-duftwachs-belle-vie","title":{"rendered":"Set cadeau Burner blanc &amp; cire parfum\u00e9e Belle Vie"},"content":{"rendered":"<div class=\"info-block--item\">\n<div><strong>Description du parfum :<\/strong><\/div>\n<div>C\u00e9l\u00e8bre la vie avec ce parfum bien connu d'agrumes doux et de poires m\u00fbres, qui se transforme en un c\u0153ur de jasmin fleuri et de fleur d'oranger. La base combine la vanille chaude, le pralin\u00e9 et l'ambre pour une exp\u00e9rience olfactive riche, raffin\u00e9e et s\u00e9duisante.<\/div>\n<\/div>\n<div class=\"info-block--item\">\n<div><\/div>\n<div><\/div>\n<div><strong>Instructions :<\/strong><\/div>\n<div>Utilise au moins trois bonbons de cire parfum\u00e9e. Place les bonbons de cire parfum\u00e9e dans le haut du br\u00fbleur \u00e0 cire. Place le br\u00fbleur de cire sur une surface plane. Allume une bougie chauffe-plat en bas du br\u00fbleur, laisse fondre les chocolats de cire parfum\u00e9e et profite des d\u00e9licieux parfums.<\/div>\n<\/div>","protected":false},"excerpt":{"rendered":"<p>Un super set cadeau avec le br\u00fbleur de cire parfum\u00e9e classique associ\u00e9 aux pralines de cire parfum\u00e9e modernes.<\/p>","protected":false},"featured_media":67311,"template":"","meta":[],"product_brand":[],"product_cat":[23,99,1023,797,28,52,1224,53],"product_tag":[1094],"woo-feed-brand":[],"class_list":{"0":"post-67310","1":"product","2":"type-product","3":"status-publish","4":"has-post-thumbnail","6":"product_cat-home-living","7":"product_cat-duftkerzen","8":"product_cat-fuer-mama","9":"product_cat-muttertag","10":"product_cat-kerzen-lichter","11":"product_cat-geschenke","12":"product_cat-beauty-wellness","13":"product_cat-geschenksets","14":"product_tag-corinas","16":"first","17":"instock","18":"taxable","19":"shipping-taxable","20":"purchasable","21":"product-type-simple"},"_links":{"self":[{"href":"https:\/\/www.fleurop-home.ch\/fr-ch\/wp-json\/wp\/v2\/product\/67310","targetHints":{"allow":["GET"]}}],"collection":[{"href":"https:\/\/www.fleurop-home.ch\/fr-ch\/wp-json\/wp\/v2\/product"}],"about":[{"href":"https:\/\/www.fleurop-home.ch\/fr-ch\/wp-json\/wp\/v2\/types\/product"}],"wp:featuredmedia":[{"embeddable":true,"href":"https:\/\/www.fleurop-home.ch\/fr-ch\/wp-json\/wp\/v2\/media\/67311"}],"wp:attachment":[{"href":"https:\/\/www.fleurop-home.ch\/fr-ch\/wp-json\/wp\/v2\/media?parent=67310"}],"wp:term":[{"taxonomy":"product_brand","embeddable":true,"href":"https:\/\/www.fleurop-home.ch\/fr-ch\/wp-json\/wp\/v2\/product_brand?post=67310"},{"taxonomy":"product_cat","embeddable":true,"href":"https:\/\/www.fleurop-home.ch\/fr-ch\/wp-json\/wp\/v2\/product_cat?post=67310"},{"taxonomy":"product_tag","embeddable":true,"href":"https:\/\/www.fleurop-home.ch\/fr-ch\/wp-json\/wp\/v2\/product_tag?post=67310"},{"taxonomy":"woo-feed-brand","embeddable":true,"href":"https:\/\/www.fleurop-home.ch\/fr-ch\/wp-json\/wp\/v2\/woo-feed-brand?post=67310"}],"curies":[{"name":"wp","href":"https:\/\/api.w.org\/{rel}","templated":true}]}}