{"id":67302,"date":"2025-11-05T15:13:40","date_gmt":"2025-11-05T14:13:40","guid":{"rendered":"https:\/\/www.fleurop-home.ch\/de-ch\/?post_type=product&#038;p=67302"},"modified":"2025-12-19T09:02:37","modified_gmt":"2025-12-19T08:02:37","slug":"set-cadeau-cherry-blossom","status":"publish","type":"product","link":"https:\/\/www.fleurop-home.ch\/fr-ch\/p\/geschenkset-cherry-blossom","title":{"rendered":"Set cadeau Cherry Blossom"},"content":{"rendered":"<p>C'est le cadeau charmant parfait pour toutes les occasions et une invitation \u00e9l\u00e9gante \u00e0 la r\u00eaverie. Ce set compact combine une bougie parfum\u00e9e et des b\u00e2tons de parfum pour transformer instantan\u00e9ment n'importe quelle pi\u00e8ce en une oasis romantique.<\/p>\n<p>Description du parfum : Cherry Blossom<\/p>\n<p>Ce parfum capture l'essence pure et po\u00e9tique du printemps. Cherry Blossom est un parfum d\u00e9licat et \u00e9th\u00e9r\u00e9 qui c\u00e9l\u00e8bre la floraison \u00e9ph\u00e9m\u00e8re et magnifique des cerisiers. La composition florale l\u00e9g\u00e8re cr\u00e9e une atmosph\u00e8re d'\u00e9l\u00e9gance tranquille et de nouveau d\u00e9part - un sentiment de fra\u00eecheur et de gr\u00e2ce pour ta maison.<\/p>","protected":false},"excerpt":{"rendered":"<p>C'est le cadeau charmant parfait pour toutes les occasions et une invitation \u00e9l\u00e9gante \u00e0 la r\u00eaverie. Ce set compact combine une bougie parfum\u00e9e et des b\u00e2tons de parfum pour transformer instantan\u00e9ment n'importe quelle pi\u00e8ce en une oasis romantique.<\/p>","protected":false},"featured_media":67303,"template":"","meta":[],"product_brand":[],"product_cat":[51,23,99,984,993,1207,909,28,916,915,48],"product_tag":[1094],"woo-feed-brand":[],"class_list":{"0":"post-67302","1":"product","2":"type-product","3":"status-publish","4":"has-post-thumbnail","6":"product_cat-raumduefte","7":"product_cat-home-living","8":"product_cat-duftkerzen","9":"product_cat-silvester","10":"product_cat-silvestergeschenke","11":"product_cat-unter-25-chf","12":"product_cat-weihnachten","13":"product_cat-kerzen-lichter","14":"product_cat-praesente","15":"product_cat-wichteln","16":"product_cat-bad-wellness","17":"product_tag-corinas","19":"first","20":"instock","21":"taxable","22":"shipping-taxable","23":"purchasable","24":"product-type-simple"},"_links":{"self":[{"href":"https:\/\/www.fleurop-home.ch\/fr-ch\/wp-json\/wp\/v2\/product\/67302","targetHints":{"allow":["GET"]}}],"collection":[{"href":"https:\/\/www.fleurop-home.ch\/fr-ch\/wp-json\/wp\/v2\/product"}],"about":[{"href":"https:\/\/www.fleurop-home.ch\/fr-ch\/wp-json\/wp\/v2\/types\/product"}],"wp:featuredmedia":[{"embeddable":true,"href":"https:\/\/www.fleurop-home.ch\/fr-ch\/wp-json\/wp\/v2\/media\/67303"}],"wp:attachment":[{"href":"https:\/\/www.fleurop-home.ch\/fr-ch\/wp-json\/wp\/v2\/media?parent=67302"}],"wp:term":[{"taxonomy":"product_brand","embeddable":true,"href":"https:\/\/www.fleurop-home.ch\/fr-ch\/wp-json\/wp\/v2\/product_brand?post=67302"},{"taxonomy":"product_cat","embeddable":true,"href":"https:\/\/www.fleurop-home.ch\/fr-ch\/wp-json\/wp\/v2\/product_cat?post=67302"},{"taxonomy":"product_tag","embeddable":true,"href":"https:\/\/www.fleurop-home.ch\/fr-ch\/wp-json\/wp\/v2\/product_tag?post=67302"},{"taxonomy":"woo-feed-brand","embeddable":true,"href":"https:\/\/www.fleurop-home.ch\/fr-ch\/wp-json\/wp\/v2\/woo-feed-brand?post=67302"}],"curies":[{"name":"wp","href":"https:\/\/api.w.org\/{rel}","templated":true}]}}