{"id":6711,"date":"2020-05-29T07:21:04","date_gmt":"2020-05-29T07:21:04","guid":{"rendered":"https:\/\/www.fleurop-home.ch\/?product=sisal-herz-rosa-5x7cm-12stk"},"modified":"2025-10-22T11:21:07","modified_gmt":"2025-10-22T09:21:07","slug":"sisal-coeur-rose-5x7cm-12pc","status":"publish","type":"product","link":"https:\/\/www.fleurop-home.ch\/fr-ch\/p\/sisal-herz-rosa-5x7cm-12stk","title":{"rendered":"C\u0153ur de sisal rose 5x7cm 12pcs."},"content":{"rendered":"<p style=\"text-align: left\">Le c\u0153ur repr\u00e9sente l'amour et l'amiti\u00e9. C'est pourquoi les c\u0153urs en sisal sont de petits messagers d'amour qui apportent une touche chaleureuse et affectueuse \u00e0 toute d\u00e9coration.<\/p>","protected":false},"excerpt":{"rendered":"<p>C\u0153ur de sisal rose 5x7cm 12pcs.<\/p>","protected":false},"featured_media":6712,"template":"","meta":[],"product_brand":[],"product_cat":[29,23,1196],"product_tag":[282],"woo-feed-brand":[],"class_list":{"0":"post-6711","1":"product","2":"type-product","3":"status-publish","4":"has-post-thumbnail","6":"product_cat-do-it-yourself","7":"product_cat-home-living","8":"product_cat-natur-deko","9":"product_tag-fleurop-interflora","11":"first","12":"instock","13":"taxable","14":"shipping-taxable","15":"purchasable","16":"product-type-simple"},"_links":{"self":[{"href":"https:\/\/www.fleurop-home.ch\/fr-ch\/wp-json\/wp\/v2\/product\/6711","targetHints":{"allow":["GET"]}}],"collection":[{"href":"https:\/\/www.fleurop-home.ch\/fr-ch\/wp-json\/wp\/v2\/product"}],"about":[{"href":"https:\/\/www.fleurop-home.ch\/fr-ch\/wp-json\/wp\/v2\/types\/product"}],"wp:featuredmedia":[{"embeddable":true,"href":"https:\/\/www.fleurop-home.ch\/fr-ch\/wp-json\/wp\/v2\/media\/6712"}],"wp:attachment":[{"href":"https:\/\/www.fleurop-home.ch\/fr-ch\/wp-json\/wp\/v2\/media?parent=6711"}],"wp:term":[{"taxonomy":"product_brand","embeddable":true,"href":"https:\/\/www.fleurop-home.ch\/fr-ch\/wp-json\/wp\/v2\/product_brand?post=6711"},{"taxonomy":"product_cat","embeddable":true,"href":"https:\/\/www.fleurop-home.ch\/fr-ch\/wp-json\/wp\/v2\/product_cat?post=6711"},{"taxonomy":"product_tag","embeddable":true,"href":"https:\/\/www.fleurop-home.ch\/fr-ch\/wp-json\/wp\/v2\/product_tag?post=6711"},{"taxonomy":"woo-feed-brand","embeddable":true,"href":"https:\/\/www.fleurop-home.ch\/fr-ch\/wp-json\/wp\/v2\/woo-feed-brand?post=6711"}],"curies":[{"name":"wp","href":"https:\/\/api.w.org\/{rel}","templated":true}]}}