{"id":67051,"date":"2025-11-02T20:51:33","date_gmt":"2025-11-02T19:51:33","guid":{"rendered":"https:\/\/www.fleurop-home.ch\/fr-ch\/?post_type=product&#038;p=67051"},"modified":"2026-02-24T13:20:55","modified_gmt":"2026-02-24T12:20:55","slug":"bouquet-de-fleurs-seches-sauvage","status":"publish","type":"product","link":"https:\/\/www.fleurop-home.ch\/fr-ch\/p\/trockenblumenstrauss-sauvage","title":{"rendered":"Bouquet de fleurs s\u00e9ch\u00e9es \u00abSauvage\u00bb"},"content":{"rendered":"<p>Ce bouquet aux couleurs automnales avec des roses rose clair est tout simplement magique et cr\u00e9e une belle surprise.<br \/>\nUn bouquet d'apparence un peu sauvage pour un anniversaire ou une autre occasion, avec 100 % de fleurs naturelles, s\u00e9ch\u00e9es et stabilis\u00e9es qui dureront plusieurs ann\u00e9es sans entretien, accompagn\u00e9es d'un joli petit vase qui te fera plaisir.<\/p>","protected":false},"excerpt":{"rendered":"<p>Magnifique bouquet de fleurs s\u00e9ch\u00e9es et stabilis\u00e9es, le vase est inclus dans le prix.<\/p>","protected":false},"featured_media":67052,"template":"","meta":[],"product_brand":[],"product_cat":[117,23,1247],"product_tag":[1135],"woo-feed-brand":[],"class_list":{"0":"post-67051","1":"product","2":"type-product","3":"status-publish","4":"has-post-thumbnail","6":"product_cat-trockenblumen","7":"product_cat-home-living","8":"product_cat-sale","9":"product_tag-mon-reve-fleuri","11":"first","12":"instock","13":"sale","14":"taxable","15":"shipping-taxable","16":"purchasable","17":"product-type-simple"},"_links":{"self":[{"href":"https:\/\/www.fleurop-home.ch\/fr-ch\/wp-json\/wp\/v2\/product\/67051","targetHints":{"allow":["GET"]}}],"collection":[{"href":"https:\/\/www.fleurop-home.ch\/fr-ch\/wp-json\/wp\/v2\/product"}],"about":[{"href":"https:\/\/www.fleurop-home.ch\/fr-ch\/wp-json\/wp\/v2\/types\/product"}],"wp:featuredmedia":[{"embeddable":true,"href":"https:\/\/www.fleurop-home.ch\/fr-ch\/wp-json\/wp\/v2\/media\/67052"}],"wp:attachment":[{"href":"https:\/\/www.fleurop-home.ch\/fr-ch\/wp-json\/wp\/v2\/media?parent=67051"}],"wp:term":[{"taxonomy":"product_brand","embeddable":true,"href":"https:\/\/www.fleurop-home.ch\/fr-ch\/wp-json\/wp\/v2\/product_brand?post=67051"},{"taxonomy":"product_cat","embeddable":true,"href":"https:\/\/www.fleurop-home.ch\/fr-ch\/wp-json\/wp\/v2\/product_cat?post=67051"},{"taxonomy":"product_tag","embeddable":true,"href":"https:\/\/www.fleurop-home.ch\/fr-ch\/wp-json\/wp\/v2\/product_tag?post=67051"},{"taxonomy":"woo-feed-brand","embeddable":true,"href":"https:\/\/www.fleurop-home.ch\/fr-ch\/wp-json\/wp\/v2\/woo-feed-brand?post=67051"}],"curies":[{"name":"wp","href":"https:\/\/api.w.org\/{rel}","templated":true}]}}