{"id":67044,"date":"2025-11-02T20:05:09","date_gmt":"2025-11-02T19:05:09","guid":{"rendered":"https:\/\/www.fleurop-home.ch\/fr-ch\/?post_type=product&#038;p=67044"},"modified":"2026-02-24T13:20:55","modified_gmt":"2026-02-24T12:20:55","slug":"bouquet-de-fleurs-seches-juste-magnifique","status":"publish","type":"product","link":"https:\/\/www.fleurop-home.ch\/fr-ch\/p\/trockenblumenstrauss-juste-magnifique","title":{"rendered":"Bouquet de fleurs s\u00e9ch\u00e9es \u00abJuste magnifique\u00bb"},"content":{"rendered":"<p>Ce bouquet aux couleurs automnales avec des roses jaunes apporte un peu de luminosit\u00e9 et de gaiet\u00e9.<br \/>\nLes plantes sont 100 % naturelles et durent plusieurs ann\u00e9es sans qu'il soit n\u00e9cessaire de les entretenir.<br \/>\nSeules les petites baies rouges sont artificielles.<\/p>","protected":false},"excerpt":{"rendered":"<p>Magnifique bouquet de fleurs s\u00e9ch\u00e9es et stabilis\u00e9es<\/p>","protected":false},"featured_media":67045,"template":"","meta":[],"product_brand":[],"product_cat":[117,23,1247],"product_tag":[1135],"woo-feed-brand":[],"class_list":{"0":"post-67044","1":"product","2":"type-product","3":"status-publish","4":"has-post-thumbnail","6":"product_cat-trockenblumen","7":"product_cat-home-living","8":"product_cat-sale","9":"product_tag-mon-reve-fleuri","11":"first","12":"instock","13":"sale","14":"taxable","15":"shipping-taxable","16":"purchasable","17":"product-type-simple"},"_links":{"self":[{"href":"https:\/\/www.fleurop-home.ch\/fr-ch\/wp-json\/wp\/v2\/product\/67044","targetHints":{"allow":["GET"]}}],"collection":[{"href":"https:\/\/www.fleurop-home.ch\/fr-ch\/wp-json\/wp\/v2\/product"}],"about":[{"href":"https:\/\/www.fleurop-home.ch\/fr-ch\/wp-json\/wp\/v2\/types\/product"}],"wp:featuredmedia":[{"embeddable":true,"href":"https:\/\/www.fleurop-home.ch\/fr-ch\/wp-json\/wp\/v2\/media\/67045"}],"wp:attachment":[{"href":"https:\/\/www.fleurop-home.ch\/fr-ch\/wp-json\/wp\/v2\/media?parent=67044"}],"wp:term":[{"taxonomy":"product_brand","embeddable":true,"href":"https:\/\/www.fleurop-home.ch\/fr-ch\/wp-json\/wp\/v2\/product_brand?post=67044"},{"taxonomy":"product_cat","embeddable":true,"href":"https:\/\/www.fleurop-home.ch\/fr-ch\/wp-json\/wp\/v2\/product_cat?post=67044"},{"taxonomy":"product_tag","embeddable":true,"href":"https:\/\/www.fleurop-home.ch\/fr-ch\/wp-json\/wp\/v2\/product_tag?post=67044"},{"taxonomy":"woo-feed-brand","embeddable":true,"href":"https:\/\/www.fleurop-home.ch\/fr-ch\/wp-json\/wp\/v2\/woo-feed-brand?post=67044"}],"curies":[{"name":"wp","href":"https:\/\/api.w.org\/{rel}","templated":true}]}}