{"id":67032,"date":"2025-11-02T13:07:41","date_gmt":"2025-11-02T12:07:41","guid":{"rendered":"https:\/\/www.fleurop-home.ch\/fr-ch\/?post_type=product&#038;p=67032"},"modified":"2026-02-24T13:20:55","modified_gmt":"2026-02-24T12:20:55","slug":"lanterne-en-metal-avec-fleurs-sechees","status":"publish","type":"product","link":"https:\/\/www.fleurop-home.ch\/fr-ch\/p\/metalllaterne-mit-trockenblumen","title":{"rendered":"Lanterne en m\u00e9tal avec des fleurs s\u00e9ch\u00e9es"},"content":{"rendered":"<p>Cette d\u00e9coration est un cadre m\u00e9tallique noir d\u00e9cor\u00e9 d'hortensias s\u00e9ch\u00e9s et de feuilles dor\u00e9es artificielles. A l'int\u00e9rieur se trouve un pied en verre avec une bougie. Cette d\u00e9coration peut \u00eatre conserv\u00e9e dans un endroit sec pendant un an. La bougie peut \u00eatre remplac\u00e9e \u00e0 volont\u00e9.<br \/>\nHauteur d'environ 34 cm et diam\u00e8tre de 21 cm.<\/p>","protected":false},"excerpt":{"rendered":"<p>D\u00e9coration simple et originale.<\/p>","protected":false},"featured_media":67025,"template":"","meta":[],"product_brand":[],"product_cat":[23,108,28,1247],"product_tag":[1135],"woo-feed-brand":[],"class_list":{"0":"post-67032","1":"product","2":"type-product","3":"status-publish","4":"has-post-thumbnail","6":"product_cat-home-living","7":"product_cat-lichterketten-laternen","8":"product_cat-kerzen-lichter","9":"product_cat-sale","10":"product_tag-mon-reve-fleuri","12":"first","13":"instock","14":"sale","15":"taxable","16":"shipping-taxable","17":"purchasable","18":"product-type-simple"},"_links":{"self":[{"href":"https:\/\/www.fleurop-home.ch\/fr-ch\/wp-json\/wp\/v2\/product\/67032","targetHints":{"allow":["GET"]}}],"collection":[{"href":"https:\/\/www.fleurop-home.ch\/fr-ch\/wp-json\/wp\/v2\/product"}],"about":[{"href":"https:\/\/www.fleurop-home.ch\/fr-ch\/wp-json\/wp\/v2\/types\/product"}],"wp:featuredmedia":[{"embeddable":true,"href":"https:\/\/www.fleurop-home.ch\/fr-ch\/wp-json\/wp\/v2\/media\/67025"}],"wp:attachment":[{"href":"https:\/\/www.fleurop-home.ch\/fr-ch\/wp-json\/wp\/v2\/media?parent=67032"}],"wp:term":[{"taxonomy":"product_brand","embeddable":true,"href":"https:\/\/www.fleurop-home.ch\/fr-ch\/wp-json\/wp\/v2\/product_brand?post=67032"},{"taxonomy":"product_cat","embeddable":true,"href":"https:\/\/www.fleurop-home.ch\/fr-ch\/wp-json\/wp\/v2\/product_cat?post=67032"},{"taxonomy":"product_tag","embeddable":true,"href":"https:\/\/www.fleurop-home.ch\/fr-ch\/wp-json\/wp\/v2\/product_tag?post=67032"},{"taxonomy":"woo-feed-brand","embeddable":true,"href":"https:\/\/www.fleurop-home.ch\/fr-ch\/wp-json\/wp\/v2\/woo-feed-brand?post=67032"}],"curies":[{"name":"wp","href":"https:\/\/api.w.org\/{rel}","templated":true}]}}