{"id":67012,"date":"2025-11-02T12:14:10","date_gmt":"2025-11-02T11:14:10","guid":{"rendered":"https:\/\/www.fleurop-home.ch\/fr-ch\/?post_type=product&#038;p=67012"},"modified":"2026-02-24T13:20:55","modified_gmt":"2026-02-24T12:20:55","slug":"couronne-a-suspendre","status":"publish","type":"product","link":"https:\/\/www.fleurop-home.ch\/fr-ch\/p\/kranz-zum-aufhaengen","title":{"rendered":"Couronne \u00e0 suspendre"},"content":{"rendered":"<p>Cette magnifique couronne faite \u00e0 la main \u00e0 partir de plantes s\u00e9ch\u00e9es et artificielles embellit ta maison et est particuli\u00e8rement durable.<br \/>\nDiam\u00e8tre d'environ 38 cm.<\/p>","protected":false},"excerpt":{"rendered":"<p>Magnifique couronne \u00e0 suspendre \u00e0 une porte ou dans ton appartement<\/p>","protected":false},"featured_media":67015,"template":"","meta":[],"product_brand":[],"product_cat":[107,23,26,1247],"product_tag":[1135],"woo-feed-brand":[],"class_list":{"0":"post-67012","1":"product","2":"type-product","3":"status-publish","4":"has-post-thumbnail","6":"product_cat-kunstblumen","7":"product_cat-home-living","8":"product_cat-blumen-pflanzen","9":"product_cat-sale","10":"product_tag-mon-reve-fleuri","12":"first","13":"instock","14":"sale","15":"taxable","16":"shipping-taxable","17":"purchasable","18":"product-type-simple"},"_links":{"self":[{"href":"https:\/\/www.fleurop-home.ch\/fr-ch\/wp-json\/wp\/v2\/product\/67012","targetHints":{"allow":["GET"]}}],"collection":[{"href":"https:\/\/www.fleurop-home.ch\/fr-ch\/wp-json\/wp\/v2\/product"}],"about":[{"href":"https:\/\/www.fleurop-home.ch\/fr-ch\/wp-json\/wp\/v2\/types\/product"}],"wp:featuredmedia":[{"embeddable":true,"href":"https:\/\/www.fleurop-home.ch\/fr-ch\/wp-json\/wp\/v2\/media\/67015"}],"wp:attachment":[{"href":"https:\/\/www.fleurop-home.ch\/fr-ch\/wp-json\/wp\/v2\/media?parent=67012"}],"wp:term":[{"taxonomy":"product_brand","embeddable":true,"href":"https:\/\/www.fleurop-home.ch\/fr-ch\/wp-json\/wp\/v2\/product_brand?post=67012"},{"taxonomy":"product_cat","embeddable":true,"href":"https:\/\/www.fleurop-home.ch\/fr-ch\/wp-json\/wp\/v2\/product_cat?post=67012"},{"taxonomy":"product_tag","embeddable":true,"href":"https:\/\/www.fleurop-home.ch\/fr-ch\/wp-json\/wp\/v2\/product_tag?post=67012"},{"taxonomy":"woo-feed-brand","embeddable":true,"href":"https:\/\/www.fleurop-home.ch\/fr-ch\/wp-json\/wp\/v2\/woo-feed-brand?post=67012"}],"curies":[{"name":"wp","href":"https:\/\/api.w.org\/{rel}","templated":true}]}}