{"id":66913,"date":"2025-10-29T19:59:33","date_gmt":"2025-10-29T18:59:33","guid":{"rendered":"https:\/\/www.fleurop-home.ch\/de-ch\/?post_type=product&#038;p=66913"},"modified":"2025-12-19T09:04:18","modified_gmt":"2025-12-19T08:04:18","slug":"cristal-de-glace","status":"publish","type":"product","link":"https:\/\/www.fleurop-home.ch\/fr-ch\/p\/eiskristall","title":{"rendered":"Cristal de glace"},"content":{"rendered":"<p data-start=\"251\" data-end=\"627\">Cristal de glace allie \u00e9l\u00e9gance simple et magie hivernale. Moul\u00e9 \u00e0 la main en cire de colza 100% et affin\u00e9 avec une fine couche de<strong> Flocon de neige sur la surface<\/strong>, Cette bougie apporte la magie des jours d'hiver clairs dans chaque maison ou bureau.<br data-start=\"471\" data-end=\"474\" \/>Id\u00e9al comme cadeau \u00e9l\u00e9gant pour les employ\u00e9s, les clients:es ou les partenaires - un signe d'appr\u00e9ciation et de chaleur pendant la saison froide.<\/p>\n<p data-start=\"915\" data-end=\"1182\"><br data-start=\"1074\" data-end=\"1077\" \/>Chaque bougie est coul\u00e9e \u00e0 la main sur commande avec le plus grand soin - juste pour toi -. <strong data-start=\"1164\" data-end=\"1179\">Ton exemplaire unique<\/strong>.<\/p>\n<p data-start=\"1184\" data-end=\"1273\">Si tu veux l'allumer, fais attention \u00e0 ce qui suit <strong>Avertissements et consignes de s\u00e9curit\u00e9 pour les bougies<\/strong>.<\/p>","protected":false},"excerpt":{"rendered":"<p>Cristal de glace - une chaleur hivernale styl\u00e9e dans un verre.<\/p>","protected":false},"featured_media":66924,"template":"","meta":[],"product_brand":[],"product_cat":[103,23,909,28,916],"product_tag":[1159],"woo-feed-brand":[],"class_list":{"0":"post-66913","1":"product","2":"type-product","3":"status-publish","4":"has-post-thumbnail","6":"product_cat-kerzen","7":"product_cat-home-living","8":"product_cat-weihnachten","9":"product_cat-kerzen-lichter","10":"product_cat-praesente","11":"product_tag-glowing-celebrations","13":"first","14":"instock","15":"taxable","16":"shipping-taxable","17":"purchasable","18":"product-type-simple"},"_links":{"self":[{"href":"https:\/\/www.fleurop-home.ch\/fr-ch\/wp-json\/wp\/v2\/product\/66913","targetHints":{"allow":["GET"]}}],"collection":[{"href":"https:\/\/www.fleurop-home.ch\/fr-ch\/wp-json\/wp\/v2\/product"}],"about":[{"href":"https:\/\/www.fleurop-home.ch\/fr-ch\/wp-json\/wp\/v2\/types\/product"}],"wp:featuredmedia":[{"embeddable":true,"href":"https:\/\/www.fleurop-home.ch\/fr-ch\/wp-json\/wp\/v2\/media\/66924"}],"wp:attachment":[{"href":"https:\/\/www.fleurop-home.ch\/fr-ch\/wp-json\/wp\/v2\/media?parent=66913"}],"wp:term":[{"taxonomy":"product_brand","embeddable":true,"href":"https:\/\/www.fleurop-home.ch\/fr-ch\/wp-json\/wp\/v2\/product_brand?post=66913"},{"taxonomy":"product_cat","embeddable":true,"href":"https:\/\/www.fleurop-home.ch\/fr-ch\/wp-json\/wp\/v2\/product_cat?post=66913"},{"taxonomy":"product_tag","embeddable":true,"href":"https:\/\/www.fleurop-home.ch\/fr-ch\/wp-json\/wp\/v2\/product_tag?post=66913"},{"taxonomy":"woo-feed-brand","embeddable":true,"href":"https:\/\/www.fleurop-home.ch\/fr-ch\/wp-json\/wp\/v2\/woo-feed-brand?post=66913"}],"curies":[{"name":"wp","href":"https:\/\/api.w.org\/{rel}","templated":true}]}}