{"id":66912,"date":"2025-10-29T19:53:56","date_gmt":"2025-10-29T18:53:56","guid":{"rendered":"https:\/\/www.fleurop-home.ch\/de-ch\/?post_type=product&#038;p=66912"},"modified":"2025-12-19T09:04:25","modified_gmt":"2025-12-19T08:04:25","slug":"alpengluhen","status":"publish","type":"product","link":"https:\/\/www.fleurop-home.ch\/fr-ch\/p\/alpengluhen","title":{"rendered":"Lueur des Alpes"},"content":{"rendered":"<p data-start=\"251\" data-end=\"627\">Bougie de montagne moul\u00e9e \u00e0 la main en cire de colza 100 % - inspir\u00e9e par la magie lumineuse des Alpes au coucher du soleil. La combinaison d'une \u00e9l\u00e9gance simple et d'une puret\u00e9 naturelle fait que <strong data-start=\"839\" data-end=\"854\">Lueur des Alpes<\/strong> \u00e0 un morceau sp\u00e9cial de tranquillit\u00e9 alpine pour ta maison.<\/p>\n<p data-start=\"915\" data-end=\"1182\"><br data-start=\"1074\" data-end=\"1077\" \/>Chaque bougie est coul\u00e9e \u00e0 la main sur commande avec le plus grand soin - juste pour toi -. <strong data-start=\"1164\" data-end=\"1179\">Ton exemplaire unique<\/strong>.<\/p>\n<p data-start=\"1184\" data-end=\"1273\">Si tu veux l'allumer, fais attention \u00e0 ce qui suit <strong>Avertissements et consignes de s\u00e9curit\u00e9 pour les bougies<\/strong>.<\/p>","protected":false},"excerpt":{"rendered":"<p>L'incandescence des Alpes - la magie des montagnes dans une flamme.<\/p>","protected":false},"featured_media":66926,"template":"","meta":[],"product_brand":[],"product_cat":[103,23,909,28,916],"product_tag":[1159],"woo-feed-brand":[],"class_list":{"0":"post-66912","1":"product","2":"type-product","3":"status-publish","4":"has-post-thumbnail","6":"product_cat-kerzen","7":"product_cat-home-living","8":"product_cat-weihnachten","9":"product_cat-kerzen-lichter","10":"product_cat-praesente","11":"product_tag-glowing-celebrations","13":"first","14":"instock","15":"taxable","16":"shipping-taxable","17":"purchasable","18":"product-type-simple"},"_links":{"self":[{"href":"https:\/\/www.fleurop-home.ch\/fr-ch\/wp-json\/wp\/v2\/product\/66912","targetHints":{"allow":["GET"]}}],"collection":[{"href":"https:\/\/www.fleurop-home.ch\/fr-ch\/wp-json\/wp\/v2\/product"}],"about":[{"href":"https:\/\/www.fleurop-home.ch\/fr-ch\/wp-json\/wp\/v2\/types\/product"}],"wp:featuredmedia":[{"embeddable":true,"href":"https:\/\/www.fleurop-home.ch\/fr-ch\/wp-json\/wp\/v2\/media\/66926"}],"wp:attachment":[{"href":"https:\/\/www.fleurop-home.ch\/fr-ch\/wp-json\/wp\/v2\/media?parent=66912"}],"wp:term":[{"taxonomy":"product_brand","embeddable":true,"href":"https:\/\/www.fleurop-home.ch\/fr-ch\/wp-json\/wp\/v2\/product_brand?post=66912"},{"taxonomy":"product_cat","embeddable":true,"href":"https:\/\/www.fleurop-home.ch\/fr-ch\/wp-json\/wp\/v2\/product_cat?post=66912"},{"taxonomy":"product_tag","embeddable":true,"href":"https:\/\/www.fleurop-home.ch\/fr-ch\/wp-json\/wp\/v2\/product_tag?post=66912"},{"taxonomy":"woo-feed-brand","embeddable":true,"href":"https:\/\/www.fleurop-home.ch\/fr-ch\/wp-json\/wp\/v2\/woo-feed-brand?post=66912"}],"curies":[{"name":"wp","href":"https:\/\/api.w.org\/{rel}","templated":true}]}}