{"id":6684,"date":"2020-05-22T11:29:53","date_gmt":"2020-05-22T11:29:53","guid":{"rendered":"https:\/\/www.fleurop-home.ch\/?product=eine-edle-rosenbox-rund-in-rot-mit-7-roten-echten-stabilisierten-rosen-o-ca-15-cm"},"modified":"2026-03-30T09:50:19","modified_gmt":"2026-03-30T07:50:19","slug":"boite-a-roses-ronde-7-roses-rouges-o-ca-15-cm-stabilise","status":"publish","type":"product","link":"https:\/\/www.fleurop-home.ch\/fr-ch\/p\/rosenbox-rund-7-rote-rosen-o-ca-15-cm-stabilisiert","title":{"rendered":"Bo\u00eete \u00e0 roses ronde 7 roses rouges \u00d8 environ 15 cm - stabilis\u00e9e"},"content":{"rendered":"<p><span style=\"font-size: 11pt;\"><strong>Bo\u00eete \u00e0 roses - ronde, en rouge avec 7 roses rouges, v\u00e9ritables, stabilis\u00e9es \u00d8 environ 15 cm<\/strong><\/span><\/p>\n<p>Magnifique bo\u00eete \u00e0 roses ronde en rouge, avec de vraies roses rouges stabilis\u00e9es (conserv\u00e9es) par une m\u00e9thode sp\u00e9ciale.<\/p>\n<p>L'\u00e9l\u00e9gante Flower-Box ronde en rouge est d\u00e9cor\u00e9e d'un ruban rouge et en plus d'une pierre de verre pr\u00e9cieuse et convient comme cadeau d'amour en toute occasion, que ce soit pour un mariage, la Saint-Valentin ou \"juste comme \u00e7a\". La bo\u00eete de roses a \u00e9t\u00e9 con\u00e7ue \u00e0 la main et avec beaucoup d'amour par notre \u00e9quipe de fleuristes. Elle convient \u00e9galement comme bijou durable et accessoire d'int\u00e9rieur.<\/p>\n<p>D\u00e9tails : 7 roses, \u00d8 environ 15 cm, H environ 13 cm, dur\u00e9e de vie d'environ 2 \u00e0 3 ans.<\/p>\n<p><em><strong>Merci de suivre nos conseils d'entretien :<\/strong> <\/em><\/p>\n<p>Nos roses stabilis\u00e9es n'ont besoin ni de soins ni d'eau. Elles fleurissent pendant des ann\u00e9es, tout simplement. C'est \u00e0 temp\u00e9rature ambiante et dans des endroits ombrag\u00e9s que nos bouquets de roses stabilis\u00e9es durent le plus longtemps.<\/p>\n<p><em>Les roses peuvent perdre leur forme et leur couleur si tu les laisses : <\/em><\/p>\n<p>arrose (n'arrose surtout pas), manipule souvent ou grossi\u00e8rement (enl\u00e8ve la poussi\u00e8re avec un pinceau doux), expose \u00e0 une humidit\u00e9 trop \u00e9lev\u00e9e ou \u00e0 la lumi\u00e8re directe du soleil.<\/p>","protected":false},"excerpt":{"rendered":"<p>Magnifique bo\u00eete ronde \u00e0 roses rouges avec un ruban rouge assorti et une pierre de verre pr\u00e9cieuse.<\/p>","protected":false},"featured_media":6685,"template":"","meta":[],"product_brand":[],"product_cat":[102,23,26],"product_tag":[290],"woo-feed-brand":[],"class_list":{"0":"post-6684","1":"product","2":"type-product","3":"status-publish","4":"has-post-thumbnail","6":"product_cat-infinity-rosen","7":"product_cat-home-living","8":"product_cat-blumen-pflanzen","9":"product_tag-atelier-leutwyler","11":"first","12":"instock","13":"taxable","14":"shipping-taxable","15":"purchasable","16":"product-type-simple"},"_links":{"self":[{"href":"https:\/\/www.fleurop-home.ch\/fr-ch\/wp-json\/wp\/v2\/product\/6684","targetHints":{"allow":["GET"]}}],"collection":[{"href":"https:\/\/www.fleurop-home.ch\/fr-ch\/wp-json\/wp\/v2\/product"}],"about":[{"href":"https:\/\/www.fleurop-home.ch\/fr-ch\/wp-json\/wp\/v2\/types\/product"}],"wp:featuredmedia":[{"embeddable":true,"href":"https:\/\/www.fleurop-home.ch\/fr-ch\/wp-json\/wp\/v2\/media\/6685"}],"wp:attachment":[{"href":"https:\/\/www.fleurop-home.ch\/fr-ch\/wp-json\/wp\/v2\/media?parent=6684"}],"wp:term":[{"taxonomy":"product_brand","embeddable":true,"href":"https:\/\/www.fleurop-home.ch\/fr-ch\/wp-json\/wp\/v2\/product_brand?post=6684"},{"taxonomy":"product_cat","embeddable":true,"href":"https:\/\/www.fleurop-home.ch\/fr-ch\/wp-json\/wp\/v2\/product_cat?post=6684"},{"taxonomy":"product_tag","embeddable":true,"href":"https:\/\/www.fleurop-home.ch\/fr-ch\/wp-json\/wp\/v2\/product_tag?post=6684"},{"taxonomy":"woo-feed-brand","embeddable":true,"href":"https:\/\/www.fleurop-home.ch\/fr-ch\/wp-json\/wp\/v2\/woo-feed-brand?post=6684"}],"curies":[{"name":"wp","href":"https:\/\/api.w.org\/{rel}","templated":true}]}}